{"id":9067,"date":"2025-02-06T18:37:27","date_gmt":"2025-04-07T14:40:35","guid":{"rendered":"https:\/\/positiveautism.org\/product\/el-misterio-de-la-tienda-de-mascotas-actividad-para-practicar-habilidades-de-comunicacion-y-lenguaje-para-ninos-autistas\/"},"modified":"2025-04-07T10:40:35","modified_gmt":"2025-04-07T14:40:35","slug":"el-misterio-de-la-tienda-de-mascotas-actividad-para-practicar-habilidades-de-comunicacion-y-lenguaje-para-ninos-autistas","status":"publish","type":"product","link":"https:\/\/positiveautism.org\/es\/producto\/el-misterio-de-la-tienda-de-mascotas-actividad-para-practicar-habilidades-de-comunicacion-y-lenguaje-para-ninos-autistas\/","title":{"rendered":"El misterio de la tienda de mascotas. (Actividad para practicar habilidades de comunicaci\u00f3n y lenguaje para ni\u00f1os autistas)"},"content":{"rendered":"","protected":false},"excerpt":{"rendered":"<p>Este material est\u00e1 dise\u00f1ado para ayudar a los ni\u00f1os y j\u00f3venes autistas a desarrollar habilidades esenciales como la observaci\u00f3n, la categorizaci\u00f3n, la resoluci\u00f3n de problemas y la comunicaci\u00f3n a trav\u00e9s de una historia interactiva. Con actividades guiadas, preguntas reflexivas y elementos visuales, los ni\u00f1os podr\u00e1n practicar la asociaci\u00f3n de animales con su entorno y dieta, fortalecer el pensamiento l\u00f3gico, aprender estrategias para manejar situaciones inesperadas y mejorar sus habilidades sociales. Adem\u00e1s, se incluyen ejercicios para fomentar la expresi\u00f3n emocional y la empat\u00eda, adaptando el aprendizaje a sus necesidades individuales a trav\u00e9s del juego y la interacci\u00f3n sensorial.  <\/p>\n","protected":false},"featured_media":9070,"comment_status":"closed","ping_status":"closed","template":"","meta":{"_acf_changed":false,"_monsterinsights_skip_tracking":false,"_monsterinsights_sitenote_active":false,"_monsterinsights_sitenote_note":"","_monsterinsights_sitenote_category":0},"product_brand":[],"product_cat":[741,787],"product_tag":[788,789],"class_list":{"0":"post-9067","1":"product","2":"type-product","3":"status-publish","4":"has-post-thumbnail","6":"product_cat-comunicacion-y-lenguaje","7":"product_cat-habilidades-sociales-y-emocionales","8":"product_tag-actividades-para-tecnificar-habilidades-sociales-a-ninos-autistas","9":"product_tag-comunicacion-y-lenguaje-en-personas-autistas","11":"first","12":"instock","13":"downloadable","14":"shipping-taxable","15":"purchasable","16":"product-type-simple"},"acf":[],"aioseo_notices":[],"jetpack_sharing_enabled":true,"_links":{"self":[{"href":"https:\/\/positiveautism.org\/es\/wp-json\/wp\/v2\/product\/9067","targetHints":{"allow":["GET"]}}],"collection":[{"href":"https:\/\/positiveautism.org\/es\/wp-json\/wp\/v2\/product"}],"about":[{"href":"https:\/\/positiveautism.org\/es\/wp-json\/wp\/v2\/types\/product"}],"replies":[{"embeddable":true,"href":"https:\/\/positiveautism.org\/es\/wp-json\/wp\/v2\/comments?post=9067"}],"wp:featuredmedia":[{"embeddable":true,"href":"https:\/\/positiveautism.org\/es\/wp-json\/wp\/v2\/media\/9070"}],"wp:attachment":[{"href":"https:\/\/positiveautism.org\/es\/wp-json\/wp\/v2\/media?parent=9067"}],"wp:term":[{"taxonomy":"product_brand","embeddable":true,"href":"https:\/\/positiveautism.org\/es\/wp-json\/wp\/v2\/product_brand?post=9067"},{"taxonomy":"product_cat","embeddable":true,"href":"https:\/\/positiveautism.org\/es\/wp-json\/wp\/v2\/product_cat?post=9067"},{"taxonomy":"product_tag","embeddable":true,"href":"https:\/\/positiveautism.org\/es\/wp-json\/wp\/v2\/product_tag?post=9067"}],"curies":[{"name":"wp","href":"https:\/\/api.w.org\/{rel}","templated":true}]}}