{"id":9066,"date":"2025-03-06T18:07:55","date_gmt":"2025-04-07T14:40:35","guid":{"rendered":"https:\/\/positiveautism.org\/product\/leo-y-el-bosque-de-los-sentidos-una-aventura-de-coraje-y-suenos-actividad-para-practicar-la-comprension-lectora-el-descubrimiento-y-el-autoconocimiento-en-ninos-con-trastorno-del-procesamiento-sen\/"},"modified":"2025-04-07T10:40:35","modified_gmt":"2025-04-07T14:40:35","slug":"leo-y-el-bosque-de-los-sentidos-una-aventura-de-coraje-y-suenos-actividad-para-practicar-la-comprension-lectora-el-descubrimiento-y-el-autoconocimiento-en-ninos-con-trastorno-del-procesamiento-sen","status":"publish","type":"product","link":"https:\/\/positiveautism.org\/es\/producto\/leo-y-el-bosque-de-los-sentidos-una-aventura-de-coraje-y-suenos-actividad-para-practicar-la-comprension-lectora-el-descubrimiento-y-el-autoconocimiento-en-ninos-con-trastorno-del-procesamiento-sen\/","title":{"rendered":"Leo y el Bosque de los Sentidos: Una aventura de coraje y sue\u00f1os. (Actividad para practicar la comprensi\u00f3n lectora, el descubrimiento y el autoconocimiento en ni\u00f1os con trastorno del procesamiento sensorial)."},"content":{"rendered":"","protected":false},"excerpt":{"rendered":"<p>Este material did\u00e1ctico est\u00e1 dise\u00f1ado para fortalecer la comprensi\u00f3n lectora a la vez que ofrece herramientas pr\u00e1cticas para que los ni\u00f1os con trastorno del procesamiento sensorial aprendan a gestionar sus emociones y sensaciones intensas. Incluye un cuento que narra las vivencias de Leo, un ni\u00f1o que percibe el mundo de una manera \u00fanica, junto con actividades y juegos de rol que facilitan la identificaci\u00f3n y pr\u00e1ctica de estrategias como crear un \u00abrinc\u00f3n tranquilo\u00bb, usar auriculares, o tomar breves descansos para recuperar el equilibrio emocional. Los padres y educadores pueden utilizar este recurso para fomentar el di\u00e1logo sobre los sentimientos, promover t\u00e9cnicas de autocuidado y convertir las diferencias sensoriales en fortalezas, apoyando as\u00ed el desarrollo general y la confianza de cada ni\u00f1o.  <\/p>\n","protected":false},"featured_media":9068,"comment_status":"closed","ping_status":"closed","template":"","meta":{"_acf_changed":false,"_monsterinsights_skip_tracking":false,"_monsterinsights_sitenote_active":false,"_monsterinsights_sitenote_note":"","_monsterinsights_sitenote_category":0},"product_brand":[],"product_cat":[768],"product_tag":[775,785,786],"class_list":{"0":"post-9066","1":"product","2":"type-product","3":"status-publish","4":"has-post-thumbnail","6":"product_cat-neurodiversidad","7":"product_tag-trastorno-del-procesamiento-sensorial","8":"product_tag-comprension-lectora","9":"product_tag-leer-sobre-el-trastorno-del-procesamiento-sensorial","11":"first","12":"instock","13":"downloadable","14":"shipping-taxable","15":"purchasable","16":"product-type-simple"},"acf":[],"aioseo_notices":[],"jetpack_sharing_enabled":true,"_links":{"self":[{"href":"https:\/\/positiveautism.org\/es\/wp-json\/wp\/v2\/product\/9066","targetHints":{"allow":["GET"]}}],"collection":[{"href":"https:\/\/positiveautism.org\/es\/wp-json\/wp\/v2\/product"}],"about":[{"href":"https:\/\/positiveautism.org\/es\/wp-json\/wp\/v2\/types\/product"}],"replies":[{"embeddable":true,"href":"https:\/\/positiveautism.org\/es\/wp-json\/wp\/v2\/comments?post=9066"}],"wp:featuredmedia":[{"embeddable":true,"href":"https:\/\/positiveautism.org\/es\/wp-json\/wp\/v2\/media\/9068"}],"wp:attachment":[{"href":"https:\/\/positiveautism.org\/es\/wp-json\/wp\/v2\/media?parent=9066"}],"wp:term":[{"taxonomy":"product_brand","embeddable":true,"href":"https:\/\/positiveautism.org\/es\/wp-json\/wp\/v2\/product_brand?post=9066"},{"taxonomy":"product_cat","embeddable":true,"href":"https:\/\/positiveautism.org\/es\/wp-json\/wp\/v2\/product_cat?post=9066"},{"taxonomy":"product_tag","embeddable":true,"href":"https:\/\/positiveautism.org\/es\/wp-json\/wp\/v2\/product_tag?post=9066"}],"curies":[{"name":"wp","href":"https:\/\/api.w.org\/{rel}","templated":true}]}}