{"id":9063,"date":"2025-02-07T16:39:57","date_gmt":"2025-04-07T14:40:33","guid":{"rendered":"https:\/\/positiveautism.org\/product\/la-aventura-de-lucas-y-el-heroe-en-silla-de-ruedas-actividad-para-practicar-la-comprension-conciencia-y-aceptacion-de-la-lectura-en-ninos-tipicos-hacia-ninos-con-paralisis-cerebral\/"},"modified":"2025-04-07T10:40:33","modified_gmt":"2025-04-07T14:40:33","slug":"la-aventura-de-lucas-y-el-heroe-en-silla-de-ruedas-actividad-para-practicar-la-comprension-conciencia-y-aceptacion-de-la-lectura-en-ninos-tipicos-hacia-ninos-con-paralisis-cerebral","status":"publish","type":"product","link":"https:\/\/positiveautism.org\/es\/producto\/la-aventura-de-lucas-y-el-heroe-en-silla-de-ruedas-actividad-para-practicar-la-comprension-conciencia-y-aceptacion-de-la-lectura-en-ninos-tipicos-hacia-ninos-con-paralisis-cerebral\/","title":{"rendered":"La aventura de Lucas y el h\u00e9roe en silla de ruedas. (Actividad Para Practicar La Comprensi\u00f3n, Conciencia Y Aceptaci\u00f3n De La Lectura En Ni\u00f1os T\u00edpicos, Hacia Ni\u00f1os Con Par\u00e1lisis Cerebral)"},"content":{"rendered":"","protected":false},"excerpt":{"rendered":"<p>Este material proporciona a los padres y educadores una herramienta educativa para ense\u00f1ar a los ni\u00f1os sobre la par\u00e1lisis cerebral y promover la inclusi\u00f3n en el entorno escolar. A trav\u00e9s de la historia de Lucas y Mart\u00edn, los ni\u00f1os aprender\u00e1n sobre los desaf\u00edos y habilidades de las personas con par\u00e1lisis cerebral, fomentando la empat\u00eda y la amistad. Incluye preguntas de comprensi\u00f3n, reflexiones sobre el mensaje del cuento y actividades de juego de roles que permiten a los ni\u00f1os experimentar y practicar la inclusi\u00f3n de forma interactiva. Con este recurso, se busca que los ni\u00f1os desarrollen una actitud positiva y respetuosa hacia la diversidad, entendiendo que todos tienen habilidades valiosas y que la inclusi\u00f3n enriquece a toda la comunidad.   <\/p>\n","protected":false},"featured_media":9064,"comment_status":"closed","ping_status":"closed","template":"","meta":{"_acf_changed":false,"_monsterinsights_skip_tracking":false,"_monsterinsights_sitenote_active":false,"_monsterinsights_sitenote_note":"","_monsterinsights_sitenote_category":0},"product_brand":[],"product_cat":[768,783],"product_tag":[774,776,784],"class_list":{"0":"post-9063","1":"product","2":"type-product","3":"status-publish","4":"has-post-thumbnail","6":"product_cat-neurodiversidad","7":"product_cat-comprension-lectora","8":"product_tag-paralisis-cerebral","9":"product_tag-lectura-sobre-la-paralisis-cerebral","10":"product_tag-concienciacion-de-los-ninos-sobre-la-paralisis-cerebral","12":"first","13":"instock","14":"downloadable","15":"shipping-taxable","16":"purchasable","17":"product-type-simple"},"acf":[],"aioseo_notices":[],"jetpack_sharing_enabled":true,"_links":{"self":[{"href":"https:\/\/positiveautism.org\/es\/wp-json\/wp\/v2\/product\/9063","targetHints":{"allow":["GET"]}}],"collection":[{"href":"https:\/\/positiveautism.org\/es\/wp-json\/wp\/v2\/product"}],"about":[{"href":"https:\/\/positiveautism.org\/es\/wp-json\/wp\/v2\/types\/product"}],"replies":[{"embeddable":true,"href":"https:\/\/positiveautism.org\/es\/wp-json\/wp\/v2\/comments?post=9063"}],"wp:featuredmedia":[{"embeddable":true,"href":"https:\/\/positiveautism.org\/es\/wp-json\/wp\/v2\/media\/9064"}],"wp:attachment":[{"href":"https:\/\/positiveautism.org\/es\/wp-json\/wp\/v2\/media?parent=9063"}],"wp:term":[{"taxonomy":"product_brand","embeddable":true,"href":"https:\/\/positiveautism.org\/es\/wp-json\/wp\/v2\/product_brand?post=9063"},{"taxonomy":"product_cat","embeddable":true,"href":"https:\/\/positiveautism.org\/es\/wp-json\/wp\/v2\/product_cat?post=9063"},{"taxonomy":"product_tag","embeddable":true,"href":"https:\/\/positiveautism.org\/es\/wp-json\/wp\/v2\/product_tag?post=9063"}],"curies":[{"name":"wp","href":"https:\/\/api.w.org\/{rel}","templated":true}]}}