{"id":9058,"date":"2025-02-18T12:29:33","date_gmt":"2025-04-07T14:40:32","guid":{"rendered":"https:\/\/positiveautism.org\/product\/el-viaje-de-tomas-aprender-a-conocerme-a-mi-mismo-actividad-para-practicar-la-comprension-lectora-la-conciencia-y-la-aceptacion-en-ninos-tipicos-hacia-los-ninos-con-sindrome-de-tourette-y-la-aut\/"},"modified":"2025-04-07T10:40:32","modified_gmt":"2025-04-07T14:40:32","slug":"el-viaje-de-tomas-aprender-a-conocerme-a-mi-mismo-actividad-para-practicar-la-comprension-lectora-la-conciencia-y-la-aceptacion-en-ninos-tipicos-hacia-los-ninos-con-sindrome-de-tourette-y-la-aut","status":"publish","type":"product","link":"https:\/\/positiveautism.org\/es\/producto\/el-viaje-de-tomas-aprender-a-conocerme-a-mi-mismo-actividad-para-practicar-la-comprension-lectora-la-conciencia-y-la-aceptacion-en-ninos-tipicos-hacia-los-ninos-con-sindrome-de-tourette-y-la-aut\/","title":{"rendered":"El viaje de Tom\u00e1s: aprender a conocerme a m\u00ed mismo. (Actividad para practicar la comprensi\u00f3n lectora, la conciencia y la aceptaci\u00f3n en ni\u00f1os t\u00edpicos, hacia los ni\u00f1os con s\u00edndrome de Tourette) y la autoconciencia)"},"content":{"rendered":"","protected":false},"excerpt":{"rendered":"<p>Este material ofrece a los padres y educadores una herramienta integral para ense\u00f1ar sobre el s\u00edndrome de Tourette, combinando una historia conmovedora y accesible, la experiencia de Thomas, un ni\u00f1o que aprende a comprender y manejar sus tics, con actividades pr\u00e1cticas y ejemplos de di\u00e1logo para facilitar las conversaciones en el aula, as\u00ed como en entornos sociales y familiares, fomentando la empat\u00eda,  comunicaci\u00f3n asertiva y autoaceptaci\u00f3n.<\/p>\n","protected":false},"featured_media":9059,"comment_status":"closed","ping_status":"closed","template":"","meta":{"_acf_changed":false,"_monsterinsights_skip_tracking":false,"_monsterinsights_sitenote_active":false,"_monsterinsights_sitenote_note":"","_monsterinsights_sitenote_category":0},"product_brand":[],"product_cat":[768],"product_tag":[780],"class_list":{"0":"post-9058","1":"product","2":"type-product","3":"status-publish","4":"has-post-thumbnail","6":"product_cat-neurodiversidad","7":"product_tag-sindrome-de-tourette","9":"first","10":"instock","11":"downloadable","12":"shipping-taxable","13":"purchasable","14":"product-type-simple"},"acf":[],"aioseo_notices":[],"jetpack_sharing_enabled":true,"_links":{"self":[{"href":"https:\/\/positiveautism.org\/es\/wp-json\/wp\/v2\/product\/9058","targetHints":{"allow":["GET"]}}],"collection":[{"href":"https:\/\/positiveautism.org\/es\/wp-json\/wp\/v2\/product"}],"about":[{"href":"https:\/\/positiveautism.org\/es\/wp-json\/wp\/v2\/types\/product"}],"replies":[{"embeddable":true,"href":"https:\/\/positiveautism.org\/es\/wp-json\/wp\/v2\/comments?post=9058"}],"wp:featuredmedia":[{"embeddable":true,"href":"https:\/\/positiveautism.org\/es\/wp-json\/wp\/v2\/media\/9059"}],"wp:attachment":[{"href":"https:\/\/positiveautism.org\/es\/wp-json\/wp\/v2\/media?parent=9058"}],"wp:term":[{"taxonomy":"product_brand","embeddable":true,"href":"https:\/\/positiveautism.org\/es\/wp-json\/wp\/v2\/product_brand?post=9058"},{"taxonomy":"product_cat","embeddable":true,"href":"https:\/\/positiveautism.org\/es\/wp-json\/wp\/v2\/product_cat?post=9058"},{"taxonomy":"product_tag","embeddable":true,"href":"https:\/\/positiveautism.org\/es\/wp-json\/wp\/v2\/product_tag?post=9058"}],"curies":[{"name":"wp","href":"https:\/\/api.w.org\/{rel}","templated":true}]}}