{"id":9055,"date":"2025-03-27T14:49:19","date_gmt":"2025-04-07T14:40:32","guid":{"rendered":"https:\/\/positiveautism.org\/product\/el-viaje-de-leo-descubriendo-su-poder-actividad-para-practicar-la-comprension-lectora-el-descubrimiento-y-la-autoconciencia-en-ninos-con-trastorno-del-espectro-alcoholico-fetal\/"},"modified":"2025-04-07T10:40:32","modified_gmt":"2025-04-07T14:40:32","slug":"el-viaje-de-leo-descubriendo-su-poder-actividad-para-practicar-la-comprension-lectora-el-descubrimiento-y-la-autoconciencia-en-ninos-con-trastorno-del-espectro-alcoholico-fetal","status":"publish","type":"product","link":"https:\/\/positiveautism.org\/es\/producto\/el-viaje-de-leo-descubriendo-su-poder-actividad-para-practicar-la-comprension-lectora-el-descubrimiento-y-la-autoconciencia-en-ninos-con-trastorno-del-espectro-alcoholico-fetal\/","title":{"rendered":"El viaje de Leo: Descubriendo su poder. (Actividad para practicar la comprensi\u00f3n lectora, el descubrimiento y la autoconciencia en ni\u00f1os con Trastorno del Espectro Alcoh\u00f3lico Fetal)."},"content":{"rendered":"","protected":false},"excerpt":{"rendered":"<p>En este material, encontrar\u00e1 un recurso dise\u00f1ado espec\u00edficamente para ayudar a los ni\u00f1os con Trastorno del Espectro Alcoh\u00f3lico Fetal (TEAF) a comprender y manejar su afecci\u00f3n. A trav\u00e9s de la historia de Leo, los ni\u00f1os aprender\u00e1n que, aunque algunas tareas pueden ser desafiantes para ellos, siempre hay estrategias alternativas, como ayudas visuales, descansos cortos y m\u00e9todos de aprendizaje no tradicionales, que los ayudar\u00e1n a alcanzar sus metas. Adem\u00e1s, se incluyen actividades pr\u00e1cticas y juegos de rol para ayudar a los ni\u00f1os a interiorizar estas estrategias y fortalecer su confianza y autoestima.  <\/p>\n","protected":false},"featured_media":9060,"comment_status":"closed","ping_status":"closed","template":"","meta":{"_acf_changed":false,"_monsterinsights_skip_tracking":false,"_monsterinsights_sitenote_active":false,"_monsterinsights_sitenote_note":"","_monsterinsights_sitenote_category":0},"product_brand":[],"product_cat":[768],"product_tag":[781,782],"class_list":{"0":"post-9055","1":"product","2":"type-product","3":"status-publish","4":"has-post-thumbnail","6":"product_cat-neurodiversidad","7":"product_tag-autoconciencia-en-ninos-con-trastorno-del-espectro-alcoholico-fetal","8":"product_tag-lectura-para-ninos-con-trastorno-del-espectro-alcoholico-fetal","10":"first","11":"instock","12":"downloadable","13":"shipping-taxable","14":"purchasable","15":"product-type-simple"},"acf":[],"aioseo_notices":[],"jetpack_sharing_enabled":true,"_links":{"self":[{"href":"https:\/\/positiveautism.org\/es\/wp-json\/wp\/v2\/product\/9055","targetHints":{"allow":["GET"]}}],"collection":[{"href":"https:\/\/positiveautism.org\/es\/wp-json\/wp\/v2\/product"}],"about":[{"href":"https:\/\/positiveautism.org\/es\/wp-json\/wp\/v2\/types\/product"}],"replies":[{"embeddable":true,"href":"https:\/\/positiveautism.org\/es\/wp-json\/wp\/v2\/comments?post=9055"}],"wp:featuredmedia":[{"embeddable":true,"href":"https:\/\/positiveautism.org\/es\/wp-json\/wp\/v2\/media\/9060"}],"wp:attachment":[{"href":"https:\/\/positiveautism.org\/es\/wp-json\/wp\/v2\/media?parent=9055"}],"wp:term":[{"taxonomy":"product_brand","embeddable":true,"href":"https:\/\/positiveautism.org\/es\/wp-json\/wp\/v2\/product_brand?post=9055"},{"taxonomy":"product_cat","embeddable":true,"href":"https:\/\/positiveautism.org\/es\/wp-json\/wp\/v2\/product_cat?post=9055"},{"taxonomy":"product_tag","embeddable":true,"href":"https:\/\/positiveautism.org\/es\/wp-json\/wp\/v2\/product_tag?post=9055"}],"curies":[{"name":"wp","href":"https:\/\/api.w.org\/{rel}","templated":true}]}}