{"id":9052,"date":"2025-03-14T14:35:46","date_gmt":"2025-04-07T14:40:31","guid":{"rendered":"https:\/\/positiveautism.org\/product\/el-mundo-de-leo-y-los-sentidos-magicos-actividad-para-practicar-la-comprension-lectora-la-conciencia-y-la-aceptacion-en-ninos-tipicos-hacia-ninos-con-trastorno-del-procesamiento-sensorial\/"},"modified":"2025-04-07T10:40:31","modified_gmt":"2025-04-07T14:40:31","slug":"el-mundo-de-leo-y-los-sentidos-magicos-actividad-para-practicar-la-comprension-lectora-la-conciencia-y-la-aceptacion-en-ninos-tipicos-hacia-ninos-con-trastorno-del-procesamiento-sensorial","status":"publish","type":"product","link":"https:\/\/positiveautism.org\/es\/producto\/el-mundo-de-leo-y-los-sentidos-magicos-actividad-para-practicar-la-comprension-lectora-la-conciencia-y-la-aceptacion-en-ninos-tipicos-hacia-ninos-con-trastorno-del-procesamiento-sensorial\/","title":{"rendered":"El mundo de Leo y los sentidos m\u00e1gicos. (Actividad Para Practicar La Comprensi\u00f3n Lectora, La Conciencia Y La Aceptaci\u00f3n En Ni\u00f1os T\u00edpicos, Hacia Ni\u00f1os Con Trastorno Del Procesamiento Sensorial)"},"content":{"rendered":"","protected":false},"excerpt":{"rendered":"<p>En este material, los padres y educadores encontrar\u00e1n una historia ilustrativa, actividades interactivas y juegos de rol especialmente dise\u00f1ados para ayudar a los ni\u00f1os a comprender y apoyar a sus compa\u00f1eros que experimentan el mundo de manera diferente debido al Trastorno del Procesamiento Sensorial. El contenido les permitir\u00e1 ense\u00f1ar conceptos como el respeto al espacio personal, la importancia de la empat\u00eda y estrategias pr\u00e1cticas para ayudar a ni\u00f1os como Leo, que son sensibles a ciertos est\u00edmulos como los ruidos fuertes o el tacto inesperado, a sentirse c\u00f3modos, incluidos y aceptados en diversos entornos sociales. <\/p>\n","protected":false},"featured_media":9053,"comment_status":"closed","ping_status":"closed","template":"","meta":{"_acf_changed":false,"_monsterinsights_skip_tracking":false,"_monsterinsights_sitenote_active":false,"_monsterinsights_sitenote_note":"","_monsterinsights_sitenote_category":0},"product_brand":[],"product_cat":[768],"product_tag":[775,777,778],"class_list":{"0":"post-9052","1":"product","2":"type-product","3":"status-publish","4":"has-post-thumbnail","6":"product_cat-neurodiversidad","7":"product_tag-trastorno-del-procesamiento-sensorial","8":"product_tag-ninos-con-trastorno-del-procesamiento-sensorial","9":"product_tag-trastorno-del-procesamiento-sensorial-de-la-conciencia","11":"first","12":"instock","13":"downloadable","14":"shipping-taxable","15":"purchasable","16":"product-type-simple"},"acf":[],"aioseo_notices":[],"jetpack_sharing_enabled":true,"_links":{"self":[{"href":"https:\/\/positiveautism.org\/es\/wp-json\/wp\/v2\/product\/9052","targetHints":{"allow":["GET"]}}],"collection":[{"href":"https:\/\/positiveautism.org\/es\/wp-json\/wp\/v2\/product"}],"about":[{"href":"https:\/\/positiveautism.org\/es\/wp-json\/wp\/v2\/types\/product"}],"replies":[{"embeddable":true,"href":"https:\/\/positiveautism.org\/es\/wp-json\/wp\/v2\/comments?post=9052"}],"wp:featuredmedia":[{"embeddable":true,"href":"https:\/\/positiveautism.org\/es\/wp-json\/wp\/v2\/media\/9053"}],"wp:attachment":[{"href":"https:\/\/positiveautism.org\/es\/wp-json\/wp\/v2\/media?parent=9052"}],"wp:term":[{"taxonomy":"product_brand","embeddable":true,"href":"https:\/\/positiveautism.org\/es\/wp-json\/wp\/v2\/product_brand?post=9052"},{"taxonomy":"product_cat","embeddable":true,"href":"https:\/\/positiveautism.org\/es\/wp-json\/wp\/v2\/product_cat?post=9052"},{"taxonomy":"product_tag","embeddable":true,"href":"https:\/\/positiveautism.org\/es\/wp-json\/wp\/v2\/product_tag?post=9052"}],"curies":[{"name":"wp","href":"https:\/\/api.w.org\/{rel}","templated":true}]}}