{"id":9051,"date":"2025-03-07T14:52:15","date_gmt":"2025-04-07T14:40:31","guid":{"rendered":"https:\/\/positiveautism.org\/product\/la-historia-de-lucas-un-amigo-especial-actividad-para-practicar-la-comprension-conciencia-y-aceptacion-de-la-lectura-en-ninos-tipicos-hacia-ninos-con-paralisis-cerebral\/"},"modified":"2025-04-07T10:40:31","modified_gmt":"2025-04-07T14:40:31","slug":"la-historia-de-lucas-un-amigo-especial-actividad-para-practicar-la-comprension-conciencia-y-aceptacion-de-la-lectura-en-ninos-tipicos-hacia-ninos-con-paralisis-cerebral","status":"publish","type":"product","link":"https:\/\/positiveautism.org\/es\/producto\/la-historia-de-lucas-un-amigo-especial-actividad-para-practicar-la-comprension-conciencia-y-aceptacion-de-la-lectura-en-ninos-tipicos-hacia-ninos-con-paralisis-cerebral\/","title":{"rendered":"La historia de Lucas: Un amigo especial. (Actividad Para Practicar La Comprensi\u00f3n, Conciencia Y Aceptaci\u00f3n De La Lectura En Ni\u00f1os T\u00edpicos, Hacia Ni\u00f1os Con Par\u00e1lisis Cerebral)"},"content":{"rendered":"","protected":false},"excerpt":{"rendered":"<p>Este material est\u00e1 dise\u00f1ado para padres y educadores y proporciona una herramienta integral para ense\u00f1ar a los ni\u00f1os sobre la par\u00e1lisis cerebral y c\u00f3mo incluir a los compa\u00f1eros de clase que la tienen. A trav\u00e9s de la conmovedora historia de Lucas, un ni\u00f1o con par\u00e1lisis cerebral, se ilustran de manera sencilla y emp\u00e1tica los retos y habilidades \u00fanicas de cada persona, resaltando la importancia de la amistad, la solidaridad y el respeto. Adem\u00e1s, el trabajo incluye pautas y juegos de rol que facilitan la comprensi\u00f3n y la pr\u00e1ctica de estrategias inclusivas en el aula y en el entorno familiar, promoviendo as\u00ed un ambiente donde todos los ni\u00f1os se sientan valorados e involucrados activamente en la comunidad educativa.  <\/p>\n","protected":false},"featured_media":9054,"comment_status":"closed","ping_status":"closed","template":"","meta":{"_acf_changed":false,"_monsterinsights_skip_tracking":false,"_monsterinsights_sitenote_active":false,"_monsterinsights_sitenote_note":"","_monsterinsights_sitenote_category":0},"product_brand":[],"product_cat":[768],"product_tag":[774,776,779],"class_list":{"0":"post-9051","1":"product","2":"type-product","3":"status-publish","4":"has-post-thumbnail","6":"product_cat-neurodiversidad","7":"product_tag-paralisis-cerebral","8":"product_tag-lectura-sobre-la-paralisis-cerebral","9":"product_tag-leer-para-generar-inclusion-con-ninos-con-paralisis-cerebral","11":"first","12":"instock","13":"downloadable","14":"shipping-taxable","15":"purchasable","16":"product-type-simple"},"acf":[],"aioseo_notices":[],"jetpack_sharing_enabled":true,"_links":{"self":[{"href":"https:\/\/positiveautism.org\/es\/wp-json\/wp\/v2\/product\/9051","targetHints":{"allow":["GET"]}}],"collection":[{"href":"https:\/\/positiveautism.org\/es\/wp-json\/wp\/v2\/product"}],"about":[{"href":"https:\/\/positiveautism.org\/es\/wp-json\/wp\/v2\/types\/product"}],"replies":[{"embeddable":true,"href":"https:\/\/positiveautism.org\/es\/wp-json\/wp\/v2\/comments?post=9051"}],"wp:featuredmedia":[{"embeddable":true,"href":"https:\/\/positiveautism.org\/es\/wp-json\/wp\/v2\/media\/9054"}],"wp:attachment":[{"href":"https:\/\/positiveautism.org\/es\/wp-json\/wp\/v2\/media?parent=9051"}],"wp:term":[{"taxonomy":"product_brand","embeddable":true,"href":"https:\/\/positiveautism.org\/es\/wp-json\/wp\/v2\/product_brand?post=9051"},{"taxonomy":"product_cat","embeddable":true,"href":"https:\/\/positiveautism.org\/es\/wp-json\/wp\/v2\/product_cat?post=9051"},{"taxonomy":"product_tag","embeddable":true,"href":"https:\/\/positiveautism.org\/es\/wp-json\/wp\/v2\/product_tag?post=9051"}],"curies":[{"name":"wp","href":"https:\/\/api.w.org\/{rel}","templated":true}]}}