{"id":9047,"date":"2025-02-21T11:49:28","date_gmt":"2025-04-07T14:40:31","guid":{"rendered":"https:\/\/positiveautism.org\/product\/el-dia-especial-de-sofia-y-martin-aprendiendo-sobre-el-sindrome-de-down-actividad-para-practicar-la-comprension-conciencia-y-aceptacion-de-la-lectura-en-ninos-tipicos-hacia-ninos-con-sindrome-de\/"},"modified":"2025-04-07T10:40:31","modified_gmt":"2025-04-07T14:40:31","slug":"el-dia-especial-de-sofia-y-martin-aprendiendo-sobre-el-sindrome-de-down-actividad-para-practicar-la-comprension-conciencia-y-aceptacion-de-la-lectura-en-ninos-tipicos-hacia-ninos-con-sindrome-de","status":"publish","type":"product","link":"https:\/\/positiveautism.org\/es\/producto\/el-dia-especial-de-sofia-y-martin-aprendiendo-sobre-el-sindrome-de-down-actividad-para-practicar-la-comprension-conciencia-y-aceptacion-de-la-lectura-en-ninos-tipicos-hacia-ninos-con-sindrome-de\/","title":{"rendered":"El D\u00eda Especial de Sof\u00eda y Mart\u00edn: Aprendiendo sobre el S\u00edndrome de Down. (Actividad Para Practicar La Comprensi\u00f3n, Conciencia Y Aceptaci\u00f3n De La Lectura En Ni\u00f1os T\u00edpicos, Hacia Ni\u00f1os Con S\u00edndrome De Down)"},"content":{"rendered":"","protected":false},"excerpt":{"rendered":"<p>Este material proporciona una narrativa accesible y adaptada para ni\u00f1os t\u00edpicos, en la que se aborda el s\u00edndrome de Down de manera clara y emp\u00e1tica, presentando la historia de Mart\u00edn, un ni\u00f1o especial que, a pesar de sus necesidades particulares, disfruta, aprende y se integra en su entorno escolar. Los padres y educadores encontrar\u00e1n recursos did\u00e1cticos que incluyen actividades, juegos de rol y preguntas reflexivas dise\u00f1adas para fomentar la empat\u00eda, la inclusi\u00f3n y el respeto por la diversidad, ofreciendo as\u00ed herramientas pr\u00e1cticas para promover un entorno de aprendizaje donde cada diferencia se valora como una oportunidad para crecer juntos. <\/p>\n","protected":false},"featured_media":9049,"comment_status":"closed","ping_status":"closed","template":"","meta":{"_acf_changed":false,"_monsterinsights_skip_tracking":false,"_monsterinsights_sitenote_active":false,"_monsterinsights_sitenote_note":"","_monsterinsights_sitenote_category":0},"product_brand":[],"product_cat":[768],"product_tag":[770,772],"class_list":{"0":"post-9047","1":"product","2":"type-product","3":"status-publish","4":"has-post-thumbnail","6":"product_cat-neurodiversidad","7":"product_tag-sindrome-de-down","8":"product_tag-concienciacion-sobre-el-sindrome-de-down-en-ninos","10":"first","11":"instock","12":"downloadable","13":"shipping-taxable","14":"purchasable","15":"product-type-simple"},"acf":[],"aioseo_notices":[],"jetpack_sharing_enabled":true,"_links":{"self":[{"href":"https:\/\/positiveautism.org\/es\/wp-json\/wp\/v2\/product\/9047","targetHints":{"allow":["GET"]}}],"collection":[{"href":"https:\/\/positiveautism.org\/es\/wp-json\/wp\/v2\/product"}],"about":[{"href":"https:\/\/positiveautism.org\/es\/wp-json\/wp\/v2\/types\/product"}],"replies":[{"embeddable":true,"href":"https:\/\/positiveautism.org\/es\/wp-json\/wp\/v2\/comments?post=9047"}],"wp:featuredmedia":[{"embeddable":true,"href":"https:\/\/positiveautism.org\/es\/wp-json\/wp\/v2\/media\/9049"}],"wp:attachment":[{"href":"https:\/\/positiveautism.org\/es\/wp-json\/wp\/v2\/media?parent=9047"}],"wp:term":[{"taxonomy":"product_brand","embeddable":true,"href":"https:\/\/positiveautism.org\/es\/wp-json\/wp\/v2\/product_brand?post=9047"},{"taxonomy":"product_cat","embeddable":true,"href":"https:\/\/positiveautism.org\/es\/wp-json\/wp\/v2\/product_cat?post=9047"},{"taxonomy":"product_tag","embeddable":true,"href":"https:\/\/positiveautism.org\/es\/wp-json\/wp\/v2\/product_tag?post=9047"}],"curies":[{"name":"wp","href":"https:\/\/api.w.org\/{rel}","templated":true}]}}