{"id":10747,"date":"2025-12-03T10:51:47","date_gmt":"2025-12-03T15:51:47","guid":{"rendered":"https:\/\/positiveautism.org\/product\/leo-y-el-semaforo-corporal-actividad-para-practicar-la-comprension-lectora-el-descubrimiento-y-el-autoconocimiento-en-ninos-autistas\/"},"modified":"2025-12-11T07:00:53","modified_gmt":"2025-12-11T12:00:53","slug":"leo-y-el-semaforo-corporal-actividad-para-practicar-la-comprension-lectora-el-descubrimiento-y-el-autoconocimiento-en-ninos-autistas","status":"publish","type":"product","link":"https:\/\/positiveautism.org\/es\/producto\/leo-y-el-semaforo-corporal-actividad-para-practicar-la-comprension-lectora-el-descubrimiento-y-el-autoconocimiento-en-ninos-autistas\/","title":{"rendered":"Leo y el sem\u00e1foro corporal. (Actividad para practicar la comprensi\u00f3n lectora, el descubrimiento y el autoconocimiento en ni\u00f1os autistas.)"},"content":{"rendered":"","protected":false},"excerpt":{"rendered":"<p>En este material de comprensi\u00f3n lectora, encontrar\u00e1s una historia visualmente atractiva sobre Leo y el \u00abSem\u00e1foro Corporal\u00bb, dise\u00f1ada para ayudar a ni\u00f1os y j\u00f3venes autistas a reconocer lo que sienten en sus cuerpos y emociones, y expresarlo con frases simples y claras. Incluye explicaciones paso a paso para ense\u00f1arles a decir d\u00f3nde duele, c\u00f3mo se siente (tipo de dolor o incomodidad) y c\u00f3mo pedir ayuda, as\u00ed como recordatorios, preguntas de comprensi\u00f3n y juegos de roles listos para usar en casa o en el aula, de modo que padres y educadores puedan practicar estas habilidades de comunicaci\u00f3n y autocuidado de forma guiada,  De forma respetuosa y repetitiva. <\/p>\n","protected":false},"featured_media":10734,"comment_status":"closed","ping_status":"closed","template":"","meta":{"_acf_changed":false,"_monsterinsights_skip_tracking":false,"_monsterinsights_sitenote_active":false,"_monsterinsights_sitenote_note":"","_monsterinsights_sitenote_category":0},"product_brand":[],"product_cat":[741,783,787],"product_tag":[785,892,1151,1152],"class_list":{"0":"post-10747","1":"product","2":"type-product","3":"status-publish","4":"has-post-thumbnail","6":"product_cat-comunicacion-y-lenguaje","7":"product_cat-comprension-lectora","8":"product_cat-habilidades-sociales-y-emocionales","9":"product_tag-comprension-lectora","10":"product_tag-leer-para-ensenar-habilidades-para-la-vida","11":"product_tag-ensena-a-pedir-ayuda","12":"product_tag-expresa-lo-que-siente","14":"first","15":"instock","16":"downloadable","17":"shipping-taxable","18":"purchasable","19":"product-type-simple"},"acf":[],"aioseo_notices":[],"jetpack_sharing_enabled":true,"_links":{"self":[{"href":"https:\/\/positiveautism.org\/es\/wp-json\/wp\/v2\/product\/10747","targetHints":{"allow":["GET"]}}],"collection":[{"href":"https:\/\/positiveautism.org\/es\/wp-json\/wp\/v2\/product"}],"about":[{"href":"https:\/\/positiveautism.org\/es\/wp-json\/wp\/v2\/types\/product"}],"replies":[{"embeddable":true,"href":"https:\/\/positiveautism.org\/es\/wp-json\/wp\/v2\/comments?post=10747"}],"wp:featuredmedia":[{"embeddable":true,"href":"https:\/\/positiveautism.org\/es\/wp-json\/wp\/v2\/media\/10734"}],"wp:attachment":[{"href":"https:\/\/positiveautism.org\/es\/wp-json\/wp\/v2\/media?parent=10747"}],"wp:term":[{"taxonomy":"product_brand","embeddable":true,"href":"https:\/\/positiveautism.org\/es\/wp-json\/wp\/v2\/product_brand?post=10747"},{"taxonomy":"product_cat","embeddable":true,"href":"https:\/\/positiveautism.org\/es\/wp-json\/wp\/v2\/product_cat?post=10747"},{"taxonomy":"product_tag","embeddable":true,"href":"https:\/\/positiveautism.org\/es\/wp-json\/wp\/v2\/product_tag?post=10747"}],"curies":[{"name":"wp","href":"https:\/\/api.w.org\/{rel}","templated":true}]}}