{"id":10746,"date":"2025-10-28T14:20:50","date_gmt":"2025-10-28T18:20:50","guid":{"rendered":"https:\/\/positiveautism.org\/product\/la-pantalla-de-leo-una-herramienta-para-sus-suenos-actividad-para-practicar-la-comprension-lectora-y-habilidades-para-la-vida-de-ninos-autistas\/"},"modified":"2025-12-11T07:00:52","modified_gmt":"2025-12-11T12:00:52","slug":"la-pantalla-de-leo-una-herramienta-para-sus-suenos-actividad-para-practicar-la-comprension-lectora-y-habilidades-para-la-vida-de-ninos-autistas","status":"publish","type":"product","link":"https:\/\/positiveautism.org\/es\/producto\/la-pantalla-de-leo-una-herramienta-para-sus-suenos-actividad-para-practicar-la-comprension-lectora-y-habilidades-para-la-vida-de-ninos-autistas\/","title":{"rendered":"La pantalla de Leo: una herramienta para sus sue\u00f1os (Actividad para practicar la comprensi\u00f3n lectora y habilidades para la vida de ni\u00f1os autistas)"},"content":{"rendered":"","protected":false},"excerpt":{"rendered":"<p>Este material, a trav\u00e9s de la historia de Leo, ofrece un recurso pr\u00e1ctico y visual para ayudar a los ni\u00f1os autistas a controlar la pantalla\u2014en lugar de al rev\u00e9s. Define la pantalla como una herramienta, propone un plan 2 en 1 (45 minutos de aprendizaje + 30 de diversi\u00f3n), reglas simples de higiene del sue\u00f1o y apoyos para la autorregulaci\u00f3n (temporizador, cuenta atr\u00e1s, una carta de &#8216;pausa\u2013respiraci\u00f3n\u2013cambio&#8217;, recompensas), adem\u00e1s de juegos de rol para practicar transiciones y un registro con casillas para marcar el sue\u00f1o, la calma y el seguimiento. Su enfoque paso a paso fomenta la anticipaci\u00f3n, reduce la sobrecarga sensorial y convierte los intereses (por ejemplo, electr\u00f3nica, dibujo, m\u00fasica) en habilidades fuera de c\u00e1mara, involucrando a familias y educadores con rutinas claras y refuerzo positivo.  <\/p>\n","protected":false},"featured_media":10684,"comment_status":"closed","ping_status":"closed","template":"","meta":{"_acf_changed":false,"_monsterinsights_skip_tracking":false,"_monsterinsights_sitenote_active":false,"_monsterinsights_sitenote_note":"","_monsterinsights_sitenote_category":0},"product_brand":[],"product_cat":[783,835],"product_tag":[1150],"class_list":{"0":"post-10746","1":"product","2":"type-product","3":"status-publish","4":"has-post-thumbnail","6":"product_cat-comprension-lectora","7":"product_cat-independencia-y-habilidades-para-la-vida","8":"product_tag-leer-sobre-el-tiempo-con-pantallas","10":"first","11":"instock","12":"downloadable","13":"shipping-taxable","14":"purchasable","15":"product-type-simple"},"acf":[],"aioseo_notices":[],"jetpack_sharing_enabled":true,"_links":{"self":[{"href":"https:\/\/positiveautism.org\/es\/wp-json\/wp\/v2\/product\/10746","targetHints":{"allow":["GET"]}}],"collection":[{"href":"https:\/\/positiveautism.org\/es\/wp-json\/wp\/v2\/product"}],"about":[{"href":"https:\/\/positiveautism.org\/es\/wp-json\/wp\/v2\/types\/product"}],"replies":[{"embeddable":true,"href":"https:\/\/positiveautism.org\/es\/wp-json\/wp\/v2\/comments?post=10746"}],"wp:featuredmedia":[{"embeddable":true,"href":"https:\/\/positiveautism.org\/es\/wp-json\/wp\/v2\/media\/10684"}],"wp:attachment":[{"href":"https:\/\/positiveautism.org\/es\/wp-json\/wp\/v2\/media?parent=10746"}],"wp:term":[{"taxonomy":"product_brand","embeddable":true,"href":"https:\/\/positiveautism.org\/es\/wp-json\/wp\/v2\/product_brand?post=10746"},{"taxonomy":"product_cat","embeddable":true,"href":"https:\/\/positiveautism.org\/es\/wp-json\/wp\/v2\/product_cat?post=10746"},{"taxonomy":"product_tag","embeddable":true,"href":"https:\/\/positiveautism.org\/es\/wp-json\/wp\/v2\/product_tag?post=10746"}],"curies":[{"name":"wp","href":"https:\/\/api.w.org\/{rel}","templated":true}]}}