{"id":10745,"date":"2025-10-16T13:21:32","date_gmt":"2025-10-16T17:21:32","guid":{"rendered":"https:\/\/positiveautism.org\/product\/deryk-en-espana-actividad-para-practicar-la-comprension-lectora-y-las-habilidades-sociales-para-ninos-autistas\/"},"modified":"2025-12-11T07:00:52","modified_gmt":"2025-12-11T12:00:52","slug":"deryk-en-espana-actividad-para-practicar-la-comprension-lectora-y-las-habilidades-sociales-para-ninos-autistas","status":"publish","type":"product","link":"https:\/\/positiveautism.org\/es\/producto\/deryk-en-espana-actividad-para-practicar-la-comprension-lectora-y-las-habilidades-sociales-para-ninos-autistas\/","title":{"rendered":"Deryk en Espa\u00f1a. (Actividad para practicar la comprensi\u00f3n lectora y las habilidades sociales para ni\u00f1os autistas)"},"content":{"rendered":"","protected":false},"excerpt":{"rendered":"<p>Este material est\u00e1 dise\u00f1ado para ni\u00f1os y j\u00f3venes autistas y combina una historia clara y predecible (\u00abDeryk en Espa\u00f1a\u00bb) con apoyos espec\u00edficos para fortalecer la comprensi\u00f3n lectora y las habilidades sociales. Incluye preguntas niveladas (literales, inferenciales y de opini\u00f3n) con amplio espacio para responder, vocabulario concreto y ejemplos modelados que reducen la ambig\u00fcedad. Las escenas van acompa\u00f1adas de indicaciones para crear di\u00e1logos breves y en el momento (en el museo, en el parque, en el restaurante), que ayudan a conectar el texto con experiencias reales. Adem\u00e1s, las tres actividades de juego de roles propuestas permiten a los alumnos practicar lo que leen (hacer un nuevo amigo, probar nuevos alimentos y reflexionar sobre una salida), fomentando la generalizaci\u00f3n de habilidades como preguntar, invitar, expresar preferencias y hablar sobre emociones. Se recomienda leer con pausas, utilizar apoyos visuales y repetir instrucciones breves y positivas para promover la autonom\u00eda, la atenci\u00f3n conjunta y el disfrute de la lectura.    <\/p>\n","protected":false},"featured_media":10677,"comment_status":"closed","ping_status":"closed","template":"","meta":{"_acf_changed":false,"_monsterinsights_skip_tracking":false,"_monsterinsights_sitenote_active":false,"_monsterinsights_sitenote_note":"","_monsterinsights_sitenote_category":0},"product_brand":[],"product_cat":[783,787],"product_tag":[785],"class_list":{"0":"post-10745","1":"product","2":"type-product","3":"status-publish","4":"has-post-thumbnail","6":"product_cat-comprension-lectora","7":"product_cat-habilidades-sociales-y-emocionales","8":"product_tag-comprension-lectora","10":"first","11":"instock","12":"downloadable","13":"shipping-taxable","14":"purchasable","15":"product-type-simple"},"acf":[],"aioseo_notices":[],"jetpack_sharing_enabled":true,"_links":{"self":[{"href":"https:\/\/positiveautism.org\/es\/wp-json\/wp\/v2\/product\/10745","targetHints":{"allow":["GET"]}}],"collection":[{"href":"https:\/\/positiveautism.org\/es\/wp-json\/wp\/v2\/product"}],"about":[{"href":"https:\/\/positiveautism.org\/es\/wp-json\/wp\/v2\/types\/product"}],"replies":[{"embeddable":true,"href":"https:\/\/positiveautism.org\/es\/wp-json\/wp\/v2\/comments?post=10745"}],"wp:featuredmedia":[{"embeddable":true,"href":"https:\/\/positiveautism.org\/es\/wp-json\/wp\/v2\/media\/10677"}],"wp:attachment":[{"href":"https:\/\/positiveautism.org\/es\/wp-json\/wp\/v2\/media?parent=10745"}],"wp:term":[{"taxonomy":"product_brand","embeddable":true,"href":"https:\/\/positiveautism.org\/es\/wp-json\/wp\/v2\/product_brand?post=10745"},{"taxonomy":"product_cat","embeddable":true,"href":"https:\/\/positiveautism.org\/es\/wp-json\/wp\/v2\/product_cat?post=10745"},{"taxonomy":"product_tag","embeddable":true,"href":"https:\/\/positiveautism.org\/es\/wp-json\/wp\/v2\/product_tag?post=10745"}],"curies":[{"name":"wp","href":"https:\/\/api.w.org\/{rel}","templated":true}]}}