{"id":10744,"date":"2025-09-09T12:31:36","date_gmt":"2025-09-09T16:31:36","guid":{"rendered":"https:\/\/positiveautism.org\/product\/la-aventura-de-leo-y-su-calendario-magico\/"},"modified":"2025-12-11T07:00:52","modified_gmt":"2025-12-11T12:00:52","slug":"la-aventura-de-leo-y-su-calendario-magico","status":"publish","type":"product","link":"https:\/\/positiveautism.org\/es\/producto\/la-aventura-de-leo-y-su-calendario-magico\/","title":{"rendered":"La aventura de Leo y su calendario m\u00e1gico"},"content":{"rendered":"","protected":false},"excerpt":{"rendered":"<p>Este material proporciona a padres y educadores una herramienta pr\u00e1ctica para apoyar a ni\u00f1os y j\u00f3venes autistas en el desarrollo de habilidades para la vida, organizaci\u00f3n e independencia. A trav\u00e9s de la historia, preguntas de comprensi\u00f3n y actividades de reflexi\u00f3n, fomenta no solo la comprensi\u00f3n lectora, sino tambi\u00e9n la flexibilidad en el aprendizaje, la planificaci\u00f3n y la gesti\u00f3n de situaciones cotidianas. Adem\u00e1s, el contenido est\u00e1 dise\u00f1ado para fortalecer las habilidades sociales y crear oportunidades de di\u00e1logo, ayudando a los estudiantes a conectar lo que leen con su propia vida y a ganar confianza en sus interacciones diarias.  <\/p>\n","protected":false},"featured_media":10541,"comment_status":"closed","ping_status":"closed","template":"","meta":{"_acf_changed":false,"_monsterinsights_skip_tracking":false,"_monsterinsights_sitenote_active":false,"_monsterinsights_sitenote_note":"","_monsterinsights_sitenote_category":0},"product_brand":[],"product_cat":[783,835],"product_tag":[785,1147,1148,1149],"class_list":{"0":"post-10744","1":"product","2":"type-product","3":"status-publish","4":"has-post-thumbnail","6":"product_cat-comprension-lectora","7":"product_cat-independencia-y-habilidades-para-la-vida","8":"product_tag-comprension-lectora","9":"product_tag-organizacion","10":"product_tag-y-la-independencia","11":"product_tag-como-planificar-su-tiempo","13":"first","14":"instock","15":"downloadable","16":"shipping-taxable","17":"purchasable","18":"product-type-simple"},"acf":[],"aioseo_notices":[],"jetpack_sharing_enabled":true,"_links":{"self":[{"href":"https:\/\/positiveautism.org\/es\/wp-json\/wp\/v2\/product\/10744","targetHints":{"allow":["GET"]}}],"collection":[{"href":"https:\/\/positiveautism.org\/es\/wp-json\/wp\/v2\/product"}],"about":[{"href":"https:\/\/positiveautism.org\/es\/wp-json\/wp\/v2\/types\/product"}],"replies":[{"embeddable":true,"href":"https:\/\/positiveautism.org\/es\/wp-json\/wp\/v2\/comments?post=10744"}],"wp:featuredmedia":[{"embeddable":true,"href":"https:\/\/positiveautism.org\/es\/wp-json\/wp\/v2\/media\/10541"}],"wp:attachment":[{"href":"https:\/\/positiveautism.org\/es\/wp-json\/wp\/v2\/media?parent=10744"}],"wp:term":[{"taxonomy":"product_brand","embeddable":true,"href":"https:\/\/positiveautism.org\/es\/wp-json\/wp\/v2\/product_brand?post=10744"},{"taxonomy":"product_cat","embeddable":true,"href":"https:\/\/positiveautism.org\/es\/wp-json\/wp\/v2\/product_cat?post=10744"},{"taxonomy":"product_tag","embeddable":true,"href":"https:\/\/positiveautism.org\/es\/wp-json\/wp\/v2\/product_tag?post=10744"}],"curies":[{"name":"wp","href":"https:\/\/api.w.org\/{rel}","templated":true}]}}