{"id":10726,"date":"2025-12-03T11:14:43","date_gmt":"2025-12-03T16:14:43","guid":{"rendered":"https:\/\/positiveautism.org\/?post_type=product&#038;p=10726"},"modified":"2025-12-03T11:19:56","modified_gmt":"2025-12-03T16:19:56","slug":"leo-y-el-semaforo-del-cuerpo-actividad-para-practicar-la-comprension-lectora-el-descubrimiento-y-el-autoconocimiento-en-ninos-autistas","status":"publish","type":"product","link":"https:\/\/positiveautism.org\/es\/producto\/leo-y-el-semaforo-del-cuerpo-actividad-para-practicar-la-comprension-lectora-el-descubrimiento-y-el-autoconocimiento-en-ninos-autistas\/","title":{"rendered":"Leo y el Sem\u00e1foro del Cuerpo. (Actividad para practicar la comprensi\u00f3n lectora, el descubrimiento y el autoconocimiento en ni\u00f1os autistas.)"},"content":{"rendered":"","protected":false},"excerpt":{"rendered":"<p data-pm-slice=\"1 1 []\">En este material de comprension de lectura, encontrar\u00e1 una historia visualmente atractiva sobre Leo y el \u201cSem\u00e1foro del Cuerpo\u201d, pensada para ayudar a ni\u00f1os y j\u00f3venes autistas a reconocer lo que sienten en su cuerpo y en sus emociones, y a expresarlo con frases simples y claras; incluye explicaciones paso a paso para ense\u00f1arles a decir d\u00f3nde les duele, c\u00f3mo se siente (tipo de dolor o malestar) y c\u00f3mo pedir ayuda, adem\u00e1s de recordatorios, preguntas de comprensi\u00f3n y juegos de rol listos para usar en casa o en el aula, de modo que padres y educadores puedan practicar de forma guiada, respetuosa y repetitiva estas habilidades de comunicaci\u00f3n y auto-cuidado.<\/p>\n","protected":false},"featured_media":10728,"comment_status":"closed","ping_status":"closed","template":"","meta":{"_acf_changed":false,"_monsterinsights_skip_tracking":false,"_monsterinsights_sitenote_active":false,"_monsterinsights_sitenote_note":"","_monsterinsights_sitenote_category":0},"product_brand":[],"product_cat":[741,783,787],"product_tag":[936,1146,785],"class_list":{"0":"post-10726","1":"product","2":"type-product","3":"status-publish","4":"has-post-thumbnail","6":"product_cat-comunicacion-y-lenguaje","7":"product_cat-comprension-lectora","8":"product_cat-habilidades-sociales-y-emocionales","9":"product_tag-aprender-habilidades-para-la-vida","10":"product_tag-expresar-lo-que-sienten","11":"product_tag-comprension-lectora","13":"first","14":"instock","15":"downloadable","16":"shipping-taxable","17":"purchasable","18":"product-type-simple"},"acf":[],"aioseo_notices":[],"jetpack_sharing_enabled":true,"_links":{"self":[{"href":"https:\/\/positiveautism.org\/es\/wp-json\/wp\/v2\/product\/10726","targetHints":{"allow":["GET"]}}],"collection":[{"href":"https:\/\/positiveautism.org\/es\/wp-json\/wp\/v2\/product"}],"about":[{"href":"https:\/\/positiveautism.org\/es\/wp-json\/wp\/v2\/types\/product"}],"replies":[{"embeddable":true,"href":"https:\/\/positiveautism.org\/es\/wp-json\/wp\/v2\/comments?post=10726"}],"wp:featuredmedia":[{"embeddable":true,"href":"https:\/\/positiveautism.org\/es\/wp-json\/wp\/v2\/media\/10728"}],"wp:attachment":[{"href":"https:\/\/positiveautism.org\/es\/wp-json\/wp\/v2\/media?parent=10726"}],"wp:term":[{"taxonomy":"product_brand","embeddable":true,"href":"https:\/\/positiveautism.org\/es\/wp-json\/wp\/v2\/product_brand?post=10726"},{"taxonomy":"product_cat","embeddable":true,"href":"https:\/\/positiveautism.org\/es\/wp-json\/wp\/v2\/product_cat?post=10726"},{"taxonomy":"product_tag","embeddable":true,"href":"https:\/\/positiveautism.org\/es\/wp-json\/wp\/v2\/product_tag?post=10726"}],"curies":[{"name":"wp","href":"https:\/\/api.w.org\/{rel}","templated":true}]}}