{"id":10536,"date":"2025-05-27T12:00:22","date_gmt":"2025-05-27T16:00:22","guid":{"rendered":"https:\/\/positiveautism.org\/product\/el-viaje-de-leo-hacia-el-exito-tomas-y-su-pasion-por-la-escritura-actividad-para-practicar-la-comprension-lectora-y-las-habilidades-sociales-para-ninos-autistas\/"},"modified":"2025-08-12T00:26:26","modified_gmt":"2025-08-12T04:26:26","slug":"el-viaje-de-leo-hacia-el-exito-tomas-y-su-pasion-por-la-escritura-actividad-para-practicar-la-comprension-lectora-y-las-habilidades-sociales-para-ninos-autistas","status":"publish","type":"product","link":"https:\/\/positiveautism.org\/es\/producto\/el-viaje-de-leo-hacia-el-exito-tomas-y-su-pasion-por-la-escritura-actividad-para-practicar-la-comprension-lectora-y-las-habilidades-sociales-para-ninos-autistas\/","title":{"rendered":"El viaje de Leo hacia el \u00e9xito. Tom\u00e1s y su pasi\u00f3n por la escritura. (Actividad para practicar la comprensi\u00f3n lectora y las habilidades sociales para ni\u00f1os autistas)"},"content":{"rendered":"","protected":false},"excerpt":{"rendered":"<p>En este conjunto de materiales, los padres y educadores encontrar\u00e1n una narrativa inspiradora sobre Leo, un ni\u00f1o autista apasionado por la rob\u00f3tica, acompa\u00f1ada de preguntas de comprensi\u00f3n lectora dise\u00f1adas para reforzar el vocabulario, la estructura de la historia y la expresi\u00f3n emocional; Adem\u00e1s, hay ilustraciones que facilitan la conexi\u00f3n visual con la historia y cuatro actividades de juego de roles que gu\u00edan a los ni\u00f1os en la pr\u00e1ctica de habilidades sociales clave, como expresar su pasi\u00f3n, pedir ayuda, dar las gracias y presentarse ante una audiencia, todas estructuradas para apoyar el desarrollo de la comunicaci\u00f3n, la confianza en s\u00ed mismos y la interacci\u00f3n en contextos de la vida real. Esta historia tambi\u00e9n busca inspirar a los j\u00f3venes autistas a perseguir sus pasiones y habilidades, mostrando que con dedicaci\u00f3n y amor por lo que hacen, pueden lograr grandes cosas. <\/p>\n","protected":false},"featured_media":10417,"comment_status":"closed","ping_status":"closed","template":"","meta":{"_acf_changed":false,"_monsterinsights_skip_tracking":false,"_monsterinsights_sitenote_active":false,"_monsterinsights_sitenote_note":"","_monsterinsights_sitenote_category":0},"product_brand":[],"product_cat":[787,914],"product_tag":[785,963,1112],"class_list":{"0":"post-10536","1":"product","2":"type-product","3":"status-publish","4":"has-post-thumbnail","6":"product_cat-habilidades-sociales-y-emocionales","7":"product_cat-fortalezca-sus-fortalezas","8":"product_tag-comprension-lectora","9":"product_tag-la-importancia-de-seguir-las-pasiones","10":"product_tag-lectura-que-inspira-a-los-ninos-y-jovenes-autistas-a-seguir-sus-pasiones","12":"first","13":"instock","14":"downloadable","15":"shipping-taxable","16":"purchasable","17":"product-type-simple"},"acf":[],"aioseo_notices":[],"jetpack_sharing_enabled":true,"_links":{"self":[{"href":"https:\/\/positiveautism.org\/es\/wp-json\/wp\/v2\/product\/10536","targetHints":{"allow":["GET"]}}],"collection":[{"href":"https:\/\/positiveautism.org\/es\/wp-json\/wp\/v2\/product"}],"about":[{"href":"https:\/\/positiveautism.org\/es\/wp-json\/wp\/v2\/types\/product"}],"replies":[{"embeddable":true,"href":"https:\/\/positiveautism.org\/es\/wp-json\/wp\/v2\/comments?post=10536"}],"wp:featuredmedia":[{"embeddable":true,"href":"https:\/\/positiveautism.org\/es\/wp-json\/wp\/v2\/media\/10417"}],"wp:attachment":[{"href":"https:\/\/positiveautism.org\/es\/wp-json\/wp\/v2\/media?parent=10536"}],"wp:term":[{"taxonomy":"product_brand","embeddable":true,"href":"https:\/\/positiveautism.org\/es\/wp-json\/wp\/v2\/product_brand?post=10536"},{"taxonomy":"product_cat","embeddable":true,"href":"https:\/\/positiveautism.org\/es\/wp-json\/wp\/v2\/product_cat?post=10536"},{"taxonomy":"product_tag","embeddable":true,"href":"https:\/\/positiveautism.org\/es\/wp-json\/wp\/v2\/product_tag?post=10536"}],"curies":[{"name":"wp","href":"https:\/\/api.w.org\/{rel}","templated":true}]}}