{"id":10535,"date":"2025-05-21T10:49:02","date_gmt":"2025-05-21T14:49:02","guid":{"rendered":"https:\/\/positiveautism.org\/product\/mateo-y-el-reino-de-las-aventuras-numericas-actividad-para-practicar-la-comprension-lectora-el-descubrimiento-y-la-autoconciencia-en-ninos-con-discalculia\/"},"modified":"2025-08-12T00:26:25","modified_gmt":"2025-08-12T04:26:25","slug":"mateo-y-el-reino-de-las-aventuras-numericas-actividad-para-practicar-la-comprension-lectora-el-descubrimiento-y-la-autoconciencia-en-ninos-con-discalculia","status":"publish","type":"product","link":"https:\/\/positiveautism.org\/es\/producto\/mateo-y-el-reino-de-las-aventuras-numericas-actividad-para-practicar-la-comprension-lectora-el-descubrimiento-y-la-autoconciencia-en-ninos-con-discalculia\/","title":{"rendered":"Mateo y el reino de las aventuras num\u00e9ricas. (Actividad para practicar la comprensi\u00f3n lectora, el descubrimiento y la autoconciencia en ni\u00f1os con discalculia)."},"content":{"rendered":"","protected":false},"excerpt":{"rendered":"<p>En este material encontrar\u00e1s un cuento ilustrado protagonizado por Mateo, un ni\u00f1o con discalculia, que descubre un mundo m\u00e1gico donde los n\u00fameros toman forma y color; una serie de preguntas de comprensi\u00f3n que refuerzan la lectura y permiten evaluar el progreso; ilustraciones de muestra para completar di\u00e1logos y fomentar el compromiso visual; y, finalmente, actividades de juego de roles elaboradas con canciones, dibujos, fichas de colores y patrones naturales, que ofrecen estrategias l\u00fadicas y multisensoriales para que los ni\u00f1os practiquen operaciones matem\u00e1ticas de una manera creativa y significativa.<\/p>\n","protected":false},"featured_media":10412,"comment_status":"closed","ping_status":"closed","template":"","meta":{"_acf_changed":false,"_monsterinsights_skip_tracking":false,"_monsterinsights_sitenote_active":false,"_monsterinsights_sitenote_note":"","_monsterinsights_sitenote_category":0},"product_brand":[],"product_cat":[768],"product_tag":[1109,1110,1111],"class_list":{"0":"post-10535","1":"product","2":"type-product","3":"status-publish","4":"has-post-thumbnail","6":"product_cat-neurodiversidad","7":"product_tag-discalculia","8":"product_tag-autoconciencia-para-ninos-con-discalculia","9":"product_tag-leer-sobre-ninos-con-discalculia","11":"first","12":"instock","13":"downloadable","14":"shipping-taxable","15":"purchasable","16":"product-type-simple"},"acf":[],"aioseo_notices":[],"jetpack_sharing_enabled":true,"_links":{"self":[{"href":"https:\/\/positiveautism.org\/es\/wp-json\/wp\/v2\/product\/10535","targetHints":{"allow":["GET"]}}],"collection":[{"href":"https:\/\/positiveautism.org\/es\/wp-json\/wp\/v2\/product"}],"about":[{"href":"https:\/\/positiveautism.org\/es\/wp-json\/wp\/v2\/types\/product"}],"replies":[{"embeddable":true,"href":"https:\/\/positiveautism.org\/es\/wp-json\/wp\/v2\/comments?post=10535"}],"wp:featuredmedia":[{"embeddable":true,"href":"https:\/\/positiveautism.org\/es\/wp-json\/wp\/v2\/media\/10412"}],"wp:attachment":[{"href":"https:\/\/positiveautism.org\/es\/wp-json\/wp\/v2\/media?parent=10535"}],"wp:term":[{"taxonomy":"product_brand","embeddable":true,"href":"https:\/\/positiveautism.org\/es\/wp-json\/wp\/v2\/product_brand?post=10535"},{"taxonomy":"product_cat","embeddable":true,"href":"https:\/\/positiveautism.org\/es\/wp-json\/wp\/v2\/product_cat?post=10535"},{"taxonomy":"product_tag","embeddable":true,"href":"https:\/\/positiveautism.org\/es\/wp-json\/wp\/v2\/product_tag?post=10535"}],"curies":[{"name":"wp","href":"https:\/\/api.w.org\/{rel}","templated":true}]}}