{"id":10534,"date":"2025-05-13T11:55:57","date_gmt":"2025-05-13T15:55:57","guid":{"rendered":"https:\/\/positiveautism.org\/product\/el-misterio-de-las-palabras-perdidas-actividad-para-practicar-habilidades-sociales-y-de-comunicacion-para-ninos-autistas\/"},"modified":"2025-08-12T00:26:25","modified_gmt":"2025-08-12T04:26:25","slug":"el-misterio-de-las-palabras-perdidas-actividad-para-practicar-habilidades-sociales-y-de-comunicacion-para-ninos-autistas","status":"publish","type":"product","link":"https:\/\/positiveautism.org\/es\/producto\/el-misterio-de-las-palabras-perdidas-actividad-para-practicar-habilidades-sociales-y-de-comunicacion-para-ninos-autistas\/","title":{"rendered":"El misterio de las palabras perdidas. (Actividad para practicar habilidades sociales y de comunicaci\u00f3n para ni\u00f1os autistas)"},"content":{"rendered":"","protected":false},"excerpt":{"rendered":"<p>En este material, los padres y educadores encontrar\u00e1n una herramienta l\u00fadica y estructurada para ense\u00f1ar habilidades sociales a ni\u00f1os autistas a trav\u00e9s de historias, actividades interactivas y juegos de rol. A trav\u00e9s de las aventuras de Nico y Clara en el mundo de Wordlandia, los ni\u00f1os practican saludos, despedidas, descripciones y peticiones cotidianas de una manera divertida y contextualizada. Cada cap\u00edtulo incluye ejercicios dise\u00f1ados para mejorar la comunicaci\u00f3n verbal, fomentar la interacci\u00f3n social y fortalecer la comprensi\u00f3n del lenguaje en situaciones de la vida real, promoviendo el desarrollo del lenguaje funcional de una manera accesible y significativa.  <\/p>\n","protected":false},"featured_media":10405,"comment_status":"closed","ping_status":"closed","template":"","meta":{"_acf_changed":false,"_monsterinsights_skip_tracking":false,"_monsterinsights_sitenote_active":false,"_monsterinsights_sitenote_note":"","_monsterinsights_sitenote_category":0},"product_brand":[],"product_cat":[741,787],"product_tag":[1106,1107,1108],"class_list":{"0":"post-10534","1":"product","2":"type-product","3":"status-publish","4":"has-post-thumbnail","6":"product_cat-comunicacion-y-lenguaje","7":"product_cat-habilidades-sociales-y-emocionales","8":"product_tag-actividad-para-las-habilidades-comunicativas","9":"product_tag-habilidades-sociales-y-de-comunicacion","10":"product_tag-habilidades-de-comunicacion-para-ninos-autistas","12":"first","13":"instock","14":"downloadable","15":"shipping-taxable","16":"purchasable","17":"product-type-simple"},"acf":[],"aioseo_notices":[],"jetpack_sharing_enabled":true,"_links":{"self":[{"href":"https:\/\/positiveautism.org\/es\/wp-json\/wp\/v2\/product\/10534","targetHints":{"allow":["GET"]}}],"collection":[{"href":"https:\/\/positiveautism.org\/es\/wp-json\/wp\/v2\/product"}],"about":[{"href":"https:\/\/positiveautism.org\/es\/wp-json\/wp\/v2\/types\/product"}],"replies":[{"embeddable":true,"href":"https:\/\/positiveautism.org\/es\/wp-json\/wp\/v2\/comments?post=10534"}],"wp:featuredmedia":[{"embeddable":true,"href":"https:\/\/positiveautism.org\/es\/wp-json\/wp\/v2\/media\/10405"}],"wp:attachment":[{"href":"https:\/\/positiveautism.org\/es\/wp-json\/wp\/v2\/media?parent=10534"}],"wp:term":[{"taxonomy":"product_brand","embeddable":true,"href":"https:\/\/positiveautism.org\/es\/wp-json\/wp\/v2\/product_brand?post=10534"},{"taxonomy":"product_cat","embeddable":true,"href":"https:\/\/positiveautism.org\/es\/wp-json\/wp\/v2\/product_cat?post=10534"},{"taxonomy":"product_tag","embeddable":true,"href":"https:\/\/positiveautism.org\/es\/wp-json\/wp\/v2\/product_tag?post=10534"}],"curies":[{"name":"wp","href":"https:\/\/api.w.org\/{rel}","templated":true}]}}