{"id":10533,"date":"2025-05-08T19:01:06","date_gmt":"2025-05-08T23:01:06","guid":{"rendered":"https:\/\/positiveautism.org\/product\/adivina-lo-que-estoy-describiendo-actividad-para-practicar-habilidades-de-comunicacion-y-lenguaje-para-ninos-autistas\/"},"modified":"2025-08-12T00:26:25","modified_gmt":"2025-08-12T04:26:25","slug":"adivina-lo-que-estoy-describiendo-actividad-para-practicar-habilidades-de-comunicacion-y-lenguaje-para-ninos-autistas","status":"publish","type":"product","link":"https:\/\/positiveautism.org\/es\/producto\/adivina-lo-que-estoy-describiendo-actividad-para-practicar-habilidades-de-comunicacion-y-lenguaje-para-ninos-autistas\/","title":{"rendered":"Adivina lo que estoy describiendo. (Actividad para practicar habilidades de comunicaci\u00f3n y lenguaje para ni\u00f1os autistas)"},"content":{"rendered":"","protected":false},"excerpt":{"rendered":"<p>En este material, encontrar\u00e1 un juego divertido e interactivo que utiliza tarjetas con im\u00e1genes de objetos, lugares, situaciones, emociones y acciones para que los ni\u00f1os y j\u00f3venes autistas puedan practicar sus habilidades de comunicaci\u00f3n y descripci\u00f3n de una manera l\u00fadica. Incluye instrucciones paso a paso para organizar el juego en parejas o grupos peque\u00f1os, reglas claras para describir sin nombrar directamente las im\u00e1genes, variaciones colaborativas y basadas en pistas, as\u00ed como consejos para el facilitador. Adem\u00e1s, se describen los objetivos de aprendizaje, desde mejorar la comunicaci\u00f3n verbal y el pensamiento l\u00f3gico hasta fomentar la empat\u00eda, la paciencia y la interacci\u00f3n social, y se brindan sugerencias para adaptar la actividad a las necesidades de cada participante.  <\/p>\n","protected":false},"featured_media":10399,"comment_status":"closed","ping_status":"closed","template":"","meta":{"_acf_changed":false,"_monsterinsights_skip_tracking":false,"_monsterinsights_sitenote_active":false,"_monsterinsights_sitenote_note":"","_monsterinsights_sitenote_category":0},"product_brand":[],"product_cat":[741,787],"product_tag":[822,1105,1106],"class_list":{"0":"post-10533","1":"product","2":"type-product","3":"status-publish","4":"has-post-thumbnail","6":"product_cat-comunicacion-y-lenguaje","7":"product_cat-habilidades-sociales-y-emocionales","8":"product_tag-habilidades-comunicativas-y-linguisticas","9":"product_tag-comunicacion-verbal","10":"product_tag-actividad-para-las-habilidades-comunicativas","12":"first","13":"instock","14":"downloadable","15":"shipping-taxable","16":"purchasable","17":"product-type-simple"},"acf":[],"aioseo_notices":[],"jetpack_sharing_enabled":true,"_links":{"self":[{"href":"https:\/\/positiveautism.org\/es\/wp-json\/wp\/v2\/product\/10533","targetHints":{"allow":["GET"]}}],"collection":[{"href":"https:\/\/positiveautism.org\/es\/wp-json\/wp\/v2\/product"}],"about":[{"href":"https:\/\/positiveautism.org\/es\/wp-json\/wp\/v2\/types\/product"}],"replies":[{"embeddable":true,"href":"https:\/\/positiveautism.org\/es\/wp-json\/wp\/v2\/comments?post=10533"}],"wp:featuredmedia":[{"embeddable":true,"href":"https:\/\/positiveautism.org\/es\/wp-json\/wp\/v2\/media\/10399"}],"wp:attachment":[{"href":"https:\/\/positiveautism.org\/es\/wp-json\/wp\/v2\/media?parent=10533"}],"wp:term":[{"taxonomy":"product_brand","embeddable":true,"href":"https:\/\/positiveautism.org\/es\/wp-json\/wp\/v2\/product_brand?post=10533"},{"taxonomy":"product_cat","embeddable":true,"href":"https:\/\/positiveautism.org\/es\/wp-json\/wp\/v2\/product_cat?post=10533"},{"taxonomy":"product_tag","embeddable":true,"href":"https:\/\/positiveautism.org\/es\/wp-json\/wp\/v2\/product_tag?post=10533"}],"curies":[{"name":"wp","href":"https:\/\/api.w.org\/{rel}","templated":true}]}}