{"id":10531,"date":"2025-05-06T11:31:26","date_gmt":"2025-05-06T15:31:26","guid":{"rendered":"https:\/\/positiveautism.org\/product\/la-magica-aventura-de-lucas-descubriendo-su-superpoder-actividad-para-practicar-la-comprension-lectora-el-descubrimiento-y-la-autoconciencia-en-ninos-con-tdah-de-tipo-inatento\/"},"modified":"2025-08-12T00:26:19","modified_gmt":"2025-08-12T04:26:19","slug":"la-magica-aventura-de-lucas-descubriendo-su-superpoder-actividad-para-practicar-la-comprension-lectora-el-descubrimiento-y-la-autoconciencia-en-ninos-con-tdah-de-tipo-inatento","status":"publish","type":"product","link":"https:\/\/positiveautism.org\/es\/producto\/la-magica-aventura-de-lucas-descubriendo-su-superpoder-actividad-para-practicar-la-comprension-lectora-el-descubrimiento-y-la-autoconciencia-en-ninos-con-tdah-de-tipo-inatento\/","title":{"rendered":"La m\u00e1gica aventura de Lucas descubriendo su superpoder. (Actividad para practicar la comprensi\u00f3n lectora, el descubrimiento y la autoconciencia en ni\u00f1os con TDAH de tipo inatento)."},"content":{"rendered":"","protected":false},"excerpt":{"rendered":"<p>En este recurso para padres y educadores, encontrar\u00e1 una historia que presenta a Lucas, un ni\u00f1o con TDAH desatento, que muestra de manera atractiva c\u00f3mo comprender su forma de pensar y descubrir sus \u00absuperpoderes\u00bb creativos. Tambi\u00e9n ofrece actividades pr\u00e1cticas, como hacer listas y dibujos para organizar ideas, usar un \u00abplan de tareas m\u00e1gico\u00bb con notas de colores, practicar t\u00e9cnicas de respiraci\u00f3n para reenfocarse, reflexionar a trav\u00e9s de preguntas guiadas y ejemplos de juegos de roles para reforzar cada estrategia en situaciones cotidianas. <\/p>\n","protected":false},"featured_media":10395,"comment_status":"closed","ping_status":"closed","template":"","meta":{"_acf_changed":false,"_monsterinsights_skip_tracking":false,"_monsterinsights_sitenote_active":false,"_monsterinsights_sitenote_note":"","_monsterinsights_sitenote_category":0},"product_brand":[],"product_cat":[768],"product_tag":[791,1102,1103],"class_list":{"0":"post-10531","1":"product","2":"type-product","3":"status-publish","4":"has-post-thumbnail","6":"product_cat-neurodiversidad","7":"product_tag-tdah-de-tipo-inatento","8":"product_tag-lectura-para-ninos-con-tdah-de-tipo-distraido","9":"product_tag-autoconciencia-para-ninos-con-tdah-inatento","11":"first","12":"instock","13":"downloadable","14":"shipping-taxable","15":"purchasable","16":"product-type-simple"},"acf":[],"aioseo_notices":[],"jetpack_sharing_enabled":true,"_links":{"self":[{"href":"https:\/\/positiveautism.org\/es\/wp-json\/wp\/v2\/product\/10531","targetHints":{"allow":["GET"]}}],"collection":[{"href":"https:\/\/positiveautism.org\/es\/wp-json\/wp\/v2\/product"}],"about":[{"href":"https:\/\/positiveautism.org\/es\/wp-json\/wp\/v2\/types\/product"}],"replies":[{"embeddable":true,"href":"https:\/\/positiveautism.org\/es\/wp-json\/wp\/v2\/comments?post=10531"}],"wp:featuredmedia":[{"embeddable":true,"href":"https:\/\/positiveautism.org\/es\/wp-json\/wp\/v2\/media\/10395"}],"wp:attachment":[{"href":"https:\/\/positiveautism.org\/es\/wp-json\/wp\/v2\/media?parent=10531"}],"wp:term":[{"taxonomy":"product_brand","embeddable":true,"href":"https:\/\/positiveautism.org\/es\/wp-json\/wp\/v2\/product_brand?post=10531"},{"taxonomy":"product_cat","embeddable":true,"href":"https:\/\/positiveautism.org\/es\/wp-json\/wp\/v2\/product_cat?post=10531"},{"taxonomy":"product_tag","embeddable":true,"href":"https:\/\/positiveautism.org\/es\/wp-json\/wp\/v2\/product_tag?post=10531"}],"curies":[{"name":"wp","href":"https:\/\/api.w.org\/{rel}","templated":true}]}}