{"id":10528,"date":"2025-04-14T10:26:08","date_gmt":"2025-04-14T14:26:08","guid":{"rendered":"https:\/\/positiveautism.org\/product\/el-mundo-de-mateo-aprendiendo-a-entender-a-un-amigo-especial-actividad-para-practicar-la-comprension-lectora-la-conciencia-y-la-aceptacion-en-ninos-tipicos-hacia-ninos-autistas\/"},"modified":"2025-08-12T00:26:19","modified_gmt":"2025-08-12T04:26:19","slug":"el-mundo-de-mateo-aprendiendo-a-entender-a-un-amigo-especial-actividad-para-practicar-la-comprension-lectora-la-conciencia-y-la-aceptacion-en-ninos-tipicos-hacia-ninos-autistas","status":"publish","type":"product","link":"https:\/\/positiveautism.org\/es\/producto\/el-mundo-de-mateo-aprendiendo-a-entender-a-un-amigo-especial-actividad-para-practicar-la-comprension-lectora-la-conciencia-y-la-aceptacion-en-ninos-tipicos-hacia-ninos-autistas\/","title":{"rendered":"El mundo de Mateo: aprendiendo a entender a un amigo especial. (Actividad para practicar la comprensi\u00f3n lectora, la conciencia y la aceptaci\u00f3n en ni\u00f1os t\u00edpicos, hacia ni\u00f1os autistas)"},"content":{"rendered":"","protected":false},"excerpt":{"rendered":"<p>En este material, encontrar\u00e1 una historia sensible y educativa que tiene como objetivo ayudar a los ni\u00f1os a comprender mejor a un compa\u00f1ero de clase con autismo. A trav\u00e9s de situaciones cotidianas vividas por Mateo y sus compa\u00f1eros de clase, los padres y educadores pueden fomentar la empat\u00eda, la inclusi\u00f3n y el respeto por las diferencias. Adem\u00e1s de la historia, el documento incluye preguntas de reflexi\u00f3n, actividades basadas en im\u00e1genes para completar conversaciones y juegos de rol dise\u00f1ados para practicar lo aprendido y promover actitudes comprensivas dentro del entorno escolar. Este recurso es ideal para usar en casa o en el aula para ayudar a construir una comunidad m\u00e1s consciente y compasiva.   <\/p>\n","protected":false},"featured_media":10264,"comment_status":"closed","ping_status":"closed","template":"","meta":{"_acf_changed":false,"_monsterinsights_skip_tracking":false,"_monsterinsights_sitenote_active":false,"_monsterinsights_sitenote_note":"","_monsterinsights_sitenote_category":0},"product_brand":[],"product_cat":[738],"product_tag":[860,1094,1095],"class_list":{"0":"post-10528","1":"product","2":"type-product","3":"status-publish","4":"has-post-thumbnail","6":"product_cat-conciencia","7":"product_tag-concientizacion-sobre-el-autismo","8":"product_tag-comprension-lectora-sobre-ninos-autistas","9":"product_tag-leer-para-crear-conciencia-sobre-el-autismo","11":"first","12":"instock","13":"downloadable","14":"shipping-taxable","15":"purchasable","16":"product-type-simple"},"acf":[],"aioseo_notices":[],"jetpack_sharing_enabled":true,"_links":{"self":[{"href":"https:\/\/positiveautism.org\/es\/wp-json\/wp\/v2\/product\/10528","targetHints":{"allow":["GET"]}}],"collection":[{"href":"https:\/\/positiveautism.org\/es\/wp-json\/wp\/v2\/product"}],"about":[{"href":"https:\/\/positiveautism.org\/es\/wp-json\/wp\/v2\/types\/product"}],"replies":[{"embeddable":true,"href":"https:\/\/positiveautism.org\/es\/wp-json\/wp\/v2\/comments?post=10528"}],"wp:featuredmedia":[{"embeddable":true,"href":"https:\/\/positiveautism.org\/es\/wp-json\/wp\/v2\/media\/10264"}],"wp:attachment":[{"href":"https:\/\/positiveautism.org\/es\/wp-json\/wp\/v2\/media?parent=10528"}],"wp:term":[{"taxonomy":"product_brand","embeddable":true,"href":"https:\/\/positiveautism.org\/es\/wp-json\/wp\/v2\/product_brand?post=10528"},{"taxonomy":"product_cat","embeddable":true,"href":"https:\/\/positiveautism.org\/es\/wp-json\/wp\/v2\/product_cat?post=10528"},{"taxonomy":"product_tag","embeddable":true,"href":"https:\/\/positiveautism.org\/es\/wp-json\/wp\/v2\/product_tag?post=10528"}],"curies":[{"name":"wp","href":"https:\/\/api.w.org\/{rel}","templated":true}]}}