{"id":10527,"date":"2025-04-28T12:46:19","date_gmt":"2025-04-28T16:46:19","guid":{"rendered":"https:\/\/positiveautism.org\/product\/sindrome-de-mila-y-williams-actividad-para-practicar-la-comprension-lectora-el-descubrimiento-y-la-autoconciencia-en-ninos-con-sindrome-de-williams\/"},"modified":"2025-08-12T00:26:19","modified_gmt":"2025-08-12T04:26:19","slug":"sindrome-de-mila-y-williams-actividad-para-practicar-la-comprension-lectora-el-descubrimiento-y-la-autoconciencia-en-ninos-con-sindrome-de-williams","status":"publish","type":"product","link":"https:\/\/positiveautism.org\/es\/producto\/sindrome-de-mila-y-williams-actividad-para-practicar-la-comprension-lectora-el-descubrimiento-y-la-autoconciencia-en-ninos-con-sindrome-de-williams\/","title":{"rendered":"S\u00edndrome de Mila y Williams. (Actividad para practicar la comprensi\u00f3n lectora, el descubrimiento y la autoconciencia en ni\u00f1os con s\u00edndrome de Williams.)"},"content":{"rendered":"","protected":false},"excerpt":{"rendered":"<p>En este paquete encontrar\u00e1 la sentida historia del s\u00edndrome de Mila y Williams, seguida de preguntas de comprensi\u00f3n lectora para reforzar los conceptos clave; Tambi\u00e9n encontrar\u00e1 ilustraciones que ayudan a completar los di\u00e1logos en momentos cruciales, as\u00ed como tres ejemplos de juegos de roles (tarea, recreo y actuaci\u00f3n musical) dise\u00f1ados para practicar paso a paso pedir ayuda y aprovechar las fortalezas sociales; finalmente, se incluyen consejos pr\u00e1cticos para padres y educadores para aumentar la autoestima, promover la inclusi\u00f3n y crear una atm\u00f3sfera de aceptaci\u00f3n y apoyo para los ni\u00f1os con s\u00edndrome de Williams.<\/p>\n","protected":false},"featured_media":10370,"comment_status":"closed","ping_status":"closed","template":"","meta":{"_acf_changed":false,"_monsterinsights_skip_tracking":false,"_monsterinsights_sitenote_active":false,"_monsterinsights_sitenote_note":"","_monsterinsights_sitenote_category":0},"product_brand":[],"product_cat":[768],"product_tag":[1092,1093],"class_list":{"0":"post-10527","1":"product","2":"type-product","3":"status-publish","4":"has-post-thumbnail","6":"product_cat-neurodiversidad","7":"product_tag-sindrome-de-williams","8":"product_tag-lectura-para-ninos-con-sindrome-de-williams","10":"first","11":"instock","12":"downloadable","13":"shipping-taxable","14":"purchasable","15":"product-type-simple"},"acf":[],"aioseo_notices":[],"jetpack_sharing_enabled":true,"_links":{"self":[{"href":"https:\/\/positiveautism.org\/es\/wp-json\/wp\/v2\/product\/10527","targetHints":{"allow":["GET"]}}],"collection":[{"href":"https:\/\/positiveautism.org\/es\/wp-json\/wp\/v2\/product"}],"about":[{"href":"https:\/\/positiveautism.org\/es\/wp-json\/wp\/v2\/types\/product"}],"replies":[{"embeddable":true,"href":"https:\/\/positiveautism.org\/es\/wp-json\/wp\/v2\/comments?post=10527"}],"wp:featuredmedia":[{"embeddable":true,"href":"https:\/\/positiveautism.org\/es\/wp-json\/wp\/v2\/media\/10370"}],"wp:attachment":[{"href":"https:\/\/positiveautism.org\/es\/wp-json\/wp\/v2\/media?parent=10527"}],"wp:term":[{"taxonomy":"product_brand","embeddable":true,"href":"https:\/\/positiveautism.org\/es\/wp-json\/wp\/v2\/product_brand?post=10527"},{"taxonomy":"product_cat","embeddable":true,"href":"https:\/\/positiveautism.org\/es\/wp-json\/wp\/v2\/product_cat?post=10527"},{"taxonomy":"product_tag","embeddable":true,"href":"https:\/\/positiveautism.org\/es\/wp-json\/wp\/v2\/product_tag?post=10527"}],"curies":[{"name":"wp","href":"https:\/\/api.w.org\/{rel}","templated":true}]}}