{"id":10526,"date":"2025-04-10T12:44:51","date_gmt":"2025-04-10T16:44:51","guid":{"rendered":"https:\/\/positiveautism.org\/product\/el-viaje-de-lila-hacia-sus-suenos-actividad-para-practicar-la-comprension-lectora-el-descubrimiento-y-la-autoconciencia-en-ninos-con-discapacidad-intelectual\/"},"modified":"2025-08-12T00:26:18","modified_gmt":"2025-08-12T04:26:18","slug":"el-viaje-de-lila-hacia-sus-suenos-actividad-para-practicar-la-comprension-lectora-el-descubrimiento-y-la-autoconciencia-en-ninos-con-discapacidad-intelectual","status":"publish","type":"product","link":"https:\/\/positiveautism.org\/es\/producto\/el-viaje-de-lila-hacia-sus-suenos-actividad-para-practicar-la-comprension-lectora-el-descubrimiento-y-la-autoconciencia-en-ninos-con-discapacidad-intelectual\/","title":{"rendered":"El viaje de Lila hacia sus sue\u00f1os. (Actividad para practicar la comprensi\u00f3n lectora, el descubrimiento y la autoconciencia en ni\u00f1os con discapacidad intelectual)."},"content":{"rendered":"","protected":false},"excerpt":{"rendered":"<p>Este material did\u00e1ctico ha sido especialmente dise\u00f1ado para apoyar a los ni\u00f1os con discapacidad intelectual ofreciendo una narrativa inclusiva y actividades din\u00e1micas que fomentan la autoestima, la creatividad y la comunicaci\u00f3n. A trav\u00e9s de la historia de Lila y varios ejercicios pr\u00e1cticos, el objetivo es reforzar el valor de las diferencias y promover el aprendizaje a un ritmo adaptado a las necesidades de cada ni\u00f1o, brindando a los padres y educadores herramientas efectivas para apoyar y mejorar el desarrollo general y emocional de cada ni\u00f1o. <\/p>\n","protected":false},"featured_media":10079,"comment_status":"closed","ping_status":"closed","template":"","meta":{"_acf_changed":false,"_monsterinsights_skip_tracking":false,"_monsterinsights_sitenote_active":false,"_monsterinsights_sitenote_note":"","_monsterinsights_sitenote_category":0},"product_brand":[],"product_cat":[768],"product_tag":[1089,1090,1091],"class_list":{"0":"post-10526","1":"product","2":"type-product","3":"status-publish","4":"has-post-thumbnail","6":"product_cat-neurodiversidad","7":"product_tag-discapacidad-intelectual","8":"product_tag-leer-sobre-discapacidades-intelectuales","9":"product_tag-leer-sobre-una-nina-con-discapacidad-intelectual","11":"first","12":"instock","13":"downloadable","14":"shipping-taxable","15":"purchasable","16":"product-type-simple"},"acf":[],"aioseo_notices":[],"jetpack_sharing_enabled":true,"_links":{"self":[{"href":"https:\/\/positiveautism.org\/es\/wp-json\/wp\/v2\/product\/10526","targetHints":{"allow":["GET"]}}],"collection":[{"href":"https:\/\/positiveautism.org\/es\/wp-json\/wp\/v2\/product"}],"about":[{"href":"https:\/\/positiveautism.org\/es\/wp-json\/wp\/v2\/types\/product"}],"replies":[{"embeddable":true,"href":"https:\/\/positiveautism.org\/es\/wp-json\/wp\/v2\/comments?post=10526"}],"wp:featuredmedia":[{"embeddable":true,"href":"https:\/\/positiveautism.org\/es\/wp-json\/wp\/v2\/media\/10079"}],"wp:attachment":[{"href":"https:\/\/positiveautism.org\/es\/wp-json\/wp\/v2\/media?parent=10526"}],"wp:term":[{"taxonomy":"product_brand","embeddable":true,"href":"https:\/\/positiveautism.org\/es\/wp-json\/wp\/v2\/product_brand?post=10526"},{"taxonomy":"product_cat","embeddable":true,"href":"https:\/\/positiveautism.org\/es\/wp-json\/wp\/v2\/product_cat?post=10526"},{"taxonomy":"product_tag","embeddable":true,"href":"https:\/\/positiveautism.org\/es\/wp-json\/wp\/v2\/product_tag?post=10526"}],"curies":[{"name":"wp","href":"https:\/\/api.w.org\/{rel}","templated":true}]}}