{"id":10525,"date":"2025-04-23T11:35:59","date_gmt":"2025-04-23T15:35:59","guid":{"rendered":"https:\/\/positiveautism.org\/product\/el-viaje-de-martin-descubriendo-su-poder-especial-actividad-para-practicar-la-comprension-lectora-el-descubrimiento-y-la-autoconciencia-en-ninos-con-sindrome-x-fragil\/"},"modified":"2025-08-12T00:26:18","modified_gmt":"2025-08-12T04:26:18","slug":"el-viaje-de-martin-descubriendo-su-poder-especial-actividad-para-practicar-la-comprension-lectora-el-descubrimiento-y-la-autoconciencia-en-ninos-con-sindrome-x-fragil","status":"publish","type":"product","link":"https:\/\/positiveautism.org\/es\/producto\/el-viaje-de-martin-descubriendo-su-poder-especial-actividad-para-practicar-la-comprension-lectora-el-descubrimiento-y-la-autoconciencia-en-ninos-con-sindrome-x-fragil\/","title":{"rendered":"El viaje de Mart\u00edn descubriendo su poder especial. (Actividad para practicar la comprensi\u00f3n lectora, el descubrimiento y la autoconciencia en ni\u00f1os con s\u00edndrome X fr\u00e1gil.)"},"content":{"rendered":"","protected":false},"excerpt":{"rendered":"<p>En este cuaderno de trabajo, padres y educadores encontrar\u00e1n un cuento ilustrado en el que Mart\u00edn descubre sus \u00abpoderes especiales\u00bb para comprender el S\u00edndrome X Fr\u00e1gil de una manera c\u00e1lida y accesible, seguido de preguntas de comprensi\u00f3n y reflexi\u00f3n; Tambi\u00e9n incluye hojas de trabajo para que el ni\u00f1o complete di\u00e1logos y refuerce su aprendizaje, as\u00ed como tres actividades de juego de roles, con guiones y pautas detallados, para practicar estrategias efectivas para hacer frente a ruidos fuertes, conocer gente nueva y enfrentar el desaf\u00edo de aprender cosas nuevas, todo dise\u00f1ado para mejorar sus habilidades, aumentar su autoestima y brindar apoyo pr\u00e1ctico en cada paso del camino.<\/p>\n","protected":false},"featured_media":10355,"comment_status":"closed","ping_status":"closed","template":"","meta":{"_acf_changed":false,"_monsterinsights_skip_tracking":false,"_monsterinsights_sitenote_active":false,"_monsterinsights_sitenote_note":"","_monsterinsights_sitenote_category":0},"product_brand":[],"product_cat":[768],"product_tag":[1086,1087,1088],"class_list":{"0":"post-10525","1":"product","2":"type-product","3":"status-publish","4":"has-post-thumbnail","6":"product_cat-neurodiversidad","7":"product_tag-sindrome-x-fragil","8":"product_tag-lectura-para-ninos-con-sindrome-x-fragil","9":"product_tag-autoconciencia-para-ninos-con-sindrome-x-fragil","11":"first","12":"instock","13":"downloadable","14":"shipping-taxable","15":"purchasable","16":"product-type-simple"},"acf":[],"aioseo_notices":[],"jetpack_sharing_enabled":true,"_links":{"self":[{"href":"https:\/\/positiveautism.org\/es\/wp-json\/wp\/v2\/product\/10525","targetHints":{"allow":["GET"]}}],"collection":[{"href":"https:\/\/positiveautism.org\/es\/wp-json\/wp\/v2\/product"}],"about":[{"href":"https:\/\/positiveautism.org\/es\/wp-json\/wp\/v2\/types\/product"}],"replies":[{"embeddable":true,"href":"https:\/\/positiveautism.org\/es\/wp-json\/wp\/v2\/comments?post=10525"}],"wp:featuredmedia":[{"embeddable":true,"href":"https:\/\/positiveautism.org\/es\/wp-json\/wp\/v2\/media\/10355"}],"wp:attachment":[{"href":"https:\/\/positiveautism.org\/es\/wp-json\/wp\/v2\/media?parent=10525"}],"wp:term":[{"taxonomy":"product_brand","embeddable":true,"href":"https:\/\/positiveautism.org\/es\/wp-json\/wp\/v2\/product_brand?post=10525"},{"taxonomy":"product_cat","embeddable":true,"href":"https:\/\/positiveautism.org\/es\/wp-json\/wp\/v2\/product_cat?post=10525"},{"taxonomy":"product_tag","embeddable":true,"href":"https:\/\/positiveautism.org\/es\/wp-json\/wp\/v2\/product_tag?post=10525"}],"curies":[{"name":"wp","href":"https:\/\/api.w.org\/{rel}","templated":true}]}}