{"id":10524,"date":"2025-04-09T11:26:45","date_gmt":"2025-04-09T15:26:45","guid":{"rendered":"https:\/\/positiveautism.org\/product\/mateo-y-su-viaje-a-las-estrellas-aprender-a-vivir-con-toc-actividad-para-practicar-la-comprension-lectora-el-descubrimiento-y-la-autoconciencia-en-ninos-con-toc\/"},"modified":"2025-08-12T00:26:18","modified_gmt":"2025-08-12T04:26:18","slug":"mateo-y-su-viaje-a-las-estrellas-aprender-a-vivir-con-toc-actividad-para-practicar-la-comprension-lectora-el-descubrimiento-y-la-autoconciencia-en-ninos-con-toc","status":"publish","type":"product","link":"https:\/\/positiveautism.org\/es\/producto\/mateo-y-su-viaje-a-las-estrellas-aprender-a-vivir-con-toc-actividad-para-practicar-la-comprension-lectora-el-descubrimiento-y-la-autoconciencia-en-ninos-con-toc\/","title":{"rendered":"Mateo y su viaje a las estrellas: aprender a vivir con TOC. (Actividad para practicar la comprensi\u00f3n lectora, el descubrimiento y la autoconciencia en ni\u00f1os con TOC).)"},"content":{"rendered":"","protected":false},"excerpt":{"rendered":"<p>Estimados padres y educadores, en este material encontrar\u00e1n una historia atractiva y actividades interactivas dise\u00f1adas para ayudar a los ni\u00f1os a comprender el trastorno obsesivo-compulsivo (TOC) y manejarlo de manera positiva. A trav\u00e9s de la inspiradora narrativa del viaje de Mateo a las estrellas, los ni\u00f1os aprender\u00e1n a identificar y controlar sus emociones utilizando t\u00e9cnicas pr\u00e1cticas como la respiraci\u00f3n profunda, el conteo y el di\u00e1logo interno positivo. Adem\u00e1s, se incluyen ejemplos de juegos de rol para facilitar la aplicaci\u00f3n de estas estrategias en situaciones cotidianas, fomentando la confianza y el autocontrol para afrontar los retos de su condici\u00f3n.  <\/p>\n","protected":false},"featured_media":10073,"comment_status":"closed","ping_status":"closed","template":"","meta":{"_acf_changed":false,"_monsterinsights_skip_tracking":false,"_monsterinsights_sitenote_active":false,"_monsterinsights_sitenote_note":"","_monsterinsights_sitenote_category":0},"product_brand":[],"product_cat":[768,783],"product_tag":[1083,1084,1085],"class_list":{"0":"post-10524","1":"product","2":"type-product","3":"status-publish","4":"has-post-thumbnail","6":"product_cat-neurodiversidad","7":"product_cat-comprension-lectora","8":"product_tag-comprension-lectora-para-ninos-con-toc","9":"product_tag-trastorno-obsesivo-compulsivo","10":"product_tag-cuento-sobre-ninos-con-toc","12":"first","13":"instock","14":"downloadable","15":"shipping-taxable","16":"purchasable","17":"product-type-simple"},"acf":[],"aioseo_notices":[],"jetpack_sharing_enabled":true,"_links":{"self":[{"href":"https:\/\/positiveautism.org\/es\/wp-json\/wp\/v2\/product\/10524","targetHints":{"allow":["GET"]}}],"collection":[{"href":"https:\/\/positiveautism.org\/es\/wp-json\/wp\/v2\/product"}],"about":[{"href":"https:\/\/positiveautism.org\/es\/wp-json\/wp\/v2\/types\/product"}],"replies":[{"embeddable":true,"href":"https:\/\/positiveautism.org\/es\/wp-json\/wp\/v2\/comments?post=10524"}],"wp:featuredmedia":[{"embeddable":true,"href":"https:\/\/positiveautism.org\/es\/wp-json\/wp\/v2\/media\/10073"}],"wp:attachment":[{"href":"https:\/\/positiveautism.org\/es\/wp-json\/wp\/v2\/media?parent=10524"}],"wp:term":[{"taxonomy":"product_brand","embeddable":true,"href":"https:\/\/positiveautism.org\/es\/wp-json\/wp\/v2\/product_brand?post=10524"},{"taxonomy":"product_cat","embeddable":true,"href":"https:\/\/positiveautism.org\/es\/wp-json\/wp\/v2\/product_cat?post=10524"},{"taxonomy":"product_tag","embeddable":true,"href":"https:\/\/positiveautism.org\/es\/wp-json\/wp\/v2\/product_tag?post=10524"}],"curies":[{"name":"wp","href":"https:\/\/api.w.org\/{rel}","templated":true}]}}