{"id":10523,"date":"2025-04-17T13:16:00","date_gmt":"2025-04-17T17:16:00","guid":{"rendered":"https:\/\/positiveautism.org\/product\/las-cartas-magicas-de-lucas-actividad-para-practicar-la-comprension-lectora-la-conciencia-y-la-aceptacion-en-ninos-tipicos-hacia-ninos-con-dislexia\/"},"modified":"2025-08-12T00:26:18","modified_gmt":"2025-08-12T04:26:18","slug":"las-cartas-magicas-de-lucas-actividad-para-practicar-la-comprension-lectora-la-conciencia-y-la-aceptacion-en-ninos-tipicos-hacia-ninos-con-dislexia","status":"publish","type":"product","link":"https:\/\/positiveautism.org\/es\/producto\/las-cartas-magicas-de-lucas-actividad-para-practicar-la-comprension-lectora-la-conciencia-y-la-aceptacion-en-ninos-tipicos-hacia-ninos-con-dislexia\/","title":{"rendered":"Las cartas m\u00e1gicas de Lucas. (Actividad para practicar la comprensi\u00f3n lectora, la conciencia y la aceptaci\u00f3n en ni\u00f1os t\u00edpicos, hacia ni\u00f1os con dislexia)"},"content":{"rendered":"","protected":false},"excerpt":{"rendered":"<p>En este recurso, los padres y educadores encontrar\u00e1n una historia atractiva sobre la experiencia de Lucas con la dislexia, preguntas de comprensi\u00f3n espec\u00edficas y tres actividades pr\u00e1cticas de juego de roles. Cada elemento est\u00e1 dise\u00f1ado para ayudar a los ni\u00f1os t\u00edpicos a aprender sobre la dislexia, practicar la paciencia y el apoyo, y fomentar un entorno inclusivo. Al seguir las explicaciones claras, las estrategias y los ejercicios colaborativos, los adultos pueden guiar a los ni\u00f1os para que reconozcan las diferencias de aprendizaje, desarrollen empat\u00eda y construyan una comunidad donde se valore a cada alumno.  <\/p>\n","protected":false},"featured_media":10284,"comment_status":"closed","ping_status":"closed","template":"","meta":{"_acf_changed":false,"_monsterinsights_skip_tracking":false,"_monsterinsights_sitenote_active":false,"_monsterinsights_sitenote_note":"","_monsterinsights_sitenote_category":0},"product_brand":[],"product_cat":[768],"product_tag":[1080,1081,1082],"class_list":{"0":"post-10523","1":"product","2":"type-product","3":"status-publish","4":"has-post-thumbnail","6":"product_cat-neurodiversidad","7":"product_tag-dislexia","8":"product_tag-leer-sobre-un-nino-con-dislexia","9":"product_tag-leer-para-ayudar-a-los-ninos-a-comprender-la-dislexia","11":"first","12":"instock","13":"downloadable","14":"shipping-taxable","15":"purchasable","16":"product-type-simple"},"acf":[],"aioseo_notices":[],"jetpack_sharing_enabled":true,"_links":{"self":[{"href":"https:\/\/positiveautism.org\/es\/wp-json\/wp\/v2\/product\/10523","targetHints":{"allow":["GET"]}}],"collection":[{"href":"https:\/\/positiveautism.org\/es\/wp-json\/wp\/v2\/product"}],"about":[{"href":"https:\/\/positiveautism.org\/es\/wp-json\/wp\/v2\/types\/product"}],"replies":[{"embeddable":true,"href":"https:\/\/positiveautism.org\/es\/wp-json\/wp\/v2\/comments?post=10523"}],"wp:featuredmedia":[{"embeddable":true,"href":"https:\/\/positiveautism.org\/es\/wp-json\/wp\/v2\/media\/10284"}],"wp:attachment":[{"href":"https:\/\/positiveautism.org\/es\/wp-json\/wp\/v2\/media?parent=10523"}],"wp:term":[{"taxonomy":"product_brand","embeddable":true,"href":"https:\/\/positiveautism.org\/es\/wp-json\/wp\/v2\/product_brand?post=10523"},{"taxonomy":"product_cat","embeddable":true,"href":"https:\/\/positiveautism.org\/es\/wp-json\/wp\/v2\/product_cat?post=10523"},{"taxonomy":"product_tag","embeddable":true,"href":"https:\/\/positiveautism.org\/es\/wp-json\/wp\/v2\/product_tag?post=10523"}],"curies":[{"name":"wp","href":"https:\/\/api.w.org\/{rel}","templated":true}]}}