{"id":10517,"date":"2025-07-28T17:01:37","date_gmt":"2025-07-28T21:01:37","guid":{"rendered":"https:\/\/positiveautism.org\/product\/por-que-es-importante-comer-educadamente-cuando-estamos-con-otras-personas-hojas-de-trabajo-para-ensenar-a-los-ninos-independencia-y-habilidades-para-la-vida\/"},"modified":"2025-08-12T00:24:51","modified_gmt":"2025-08-12T04:24:51","slug":"por-que-es-importante-comer-educadamente-cuando-estamos-con-otras-personas-hojas-de-trabajo-para-ensenar-a-los-ninos-independencia-y-habilidades-para-la-vida","status":"publish","type":"product","link":"https:\/\/positiveautism.org\/es\/producto\/por-que-es-importante-comer-educadamente-cuando-estamos-con-otras-personas-hojas-de-trabajo-para-ensenar-a-los-ninos-independencia-y-habilidades-para-la-vida\/","title":{"rendered":"\u00bfPor qu\u00e9 es importante comer educadamente cuando estamos con otras personas? (Hojas de trabajo para ense\u00f1ar a los ni\u00f1os independencia y habilidades para la vida)"},"content":{"rendered":"","protected":false},"excerpt":{"rendered":"<p>Este material ha sido cuidadosamente dise\u00f1ado para ayudar a los padres y educadores a ense\u00f1ar modales en la mesa a ni\u00f1os autistas de una manera clara, respetuosa y pr\u00e1ctica. A trav\u00e9s de explicaciones sencillas, ejemplos visuales, frases de apoyo y una historia protagonizada por un personaje amable, aborda temas como masticar con la boca cerrada, no hablar con la comida en la boca, usar los utensilios correctamente, mantener limpio el espacio para comer y mostrar respeto por los dem\u00e1s durante las comidas. Todo se presenta de manera accesible, con sugerencias para practicar juntos y reforzar el comportamiento positivo, promoviendo la independencia y el bienestar social del ni\u00f1o en situaciones cotidianas.  <\/p>\n","protected":false},"featured_media":10496,"comment_status":"closed","ping_status":"closed","template":"","meta":{"_acf_changed":false,"_monsterinsights_skip_tracking":false,"_monsterinsights_sitenote_active":false,"_monsterinsights_sitenote_note":"","_monsterinsights_sitenote_category":0},"product_brand":[],"product_cat":[835],"product_tag":[936,1077],"class_list":{"0":"post-10517","1":"product","2":"type-product","3":"status-publish","4":"has-post-thumbnail","6":"product_cat-independencia-y-habilidades-para-la-vida","7":"product_tag-aprender-habilidades-para-la-vida","8":"product_tag-ensenar-a-comer-adecuadamente","10":"first","11":"instock","12":"downloadable","13":"shipping-taxable","14":"purchasable","15":"product-type-simple"},"acf":[],"aioseo_notices":[],"jetpack_sharing_enabled":true,"_links":{"self":[{"href":"https:\/\/positiveautism.org\/es\/wp-json\/wp\/v2\/product\/10517","targetHints":{"allow":["GET"]}}],"collection":[{"href":"https:\/\/positiveautism.org\/es\/wp-json\/wp\/v2\/product"}],"about":[{"href":"https:\/\/positiveautism.org\/es\/wp-json\/wp\/v2\/types\/product"}],"replies":[{"embeddable":true,"href":"https:\/\/positiveautism.org\/es\/wp-json\/wp\/v2\/comments?post=10517"}],"wp:featuredmedia":[{"embeddable":true,"href":"https:\/\/positiveautism.org\/es\/wp-json\/wp\/v2\/media\/10496"}],"wp:attachment":[{"href":"https:\/\/positiveautism.org\/es\/wp-json\/wp\/v2\/media?parent=10517"}],"wp:term":[{"taxonomy":"product_brand","embeddable":true,"href":"https:\/\/positiveautism.org\/es\/wp-json\/wp\/v2\/product_brand?post=10517"},{"taxonomy":"product_cat","embeddable":true,"href":"https:\/\/positiveautism.org\/es\/wp-json\/wp\/v2\/product_cat?post=10517"},{"taxonomy":"product_tag","embeddable":true,"href":"https:\/\/positiveautism.org\/es\/wp-json\/wp\/v2\/product_tag?post=10517"}],"curies":[{"name":"wp","href":"https:\/\/api.w.org\/{rel}","templated":true}]}}