{"id":10516,"date":"2025-06-05T12:03:43","date_gmt":"2025-06-05T16:03:43","guid":{"rendered":"https:\/\/positiveautism.org\/product\/la-aventura-climatica-de-nico-y-ana-actividad-para-practicar-la-comprension-lectora-y-las-habilidades-para-la-vida-para-ninos-autistas\/"},"modified":"2025-08-12T00:24:50","modified_gmt":"2025-08-12T04:24:50","slug":"la-aventura-climatica-de-nico-y-ana-actividad-para-practicar-la-comprension-lectora-y-las-habilidades-para-la-vida-para-ninos-autistas","status":"publish","type":"product","link":"https:\/\/positiveautism.org\/es\/producto\/la-aventura-climatica-de-nico-y-ana-actividad-para-practicar-la-comprension-lectora-y-las-habilidades-para-la-vida-para-ninos-autistas\/","title":{"rendered":"La aventura clim\u00e1tica de Nico y Ana. (Actividad para practicar la comprensi\u00f3n lectora y las habilidades para la vida para ni\u00f1os autistas)"},"content":{"rendered":"","protected":false},"excerpt":{"rendered":"<p>En este material, encontrar\u00e1 una lectura dise\u00f1ada para que los ni\u00f1os autistas practiquen la comprensi\u00f3n de textos mientras aprenden a identificar diferentes condiciones clim\u00e1ticas y elegir la ropa adecuada para cada una. Incluye un cuento sencillo con personajes que observan el clima, ejercicios de preguntas y respuestas para reforzar la comprensi\u00f3n lectora y actividades de juego de roles en las que los ni\u00f1os simulan vestirse de acuerdo con el clima (soleado, fr\u00edo, lluvioso o nevado). Adem\u00e1s, encontrar\u00e1s instrucciones detalladas para que los padres y educadores gu\u00eden a los ni\u00f1os paso a paso, utilizando apoyos visuales y di\u00e1logos que faciliten la pr\u00e1ctica del vocabulario relacionado con la vestimenta y el clima, fomentando as\u00ed su autonom\u00eda y habilidades comunicativas en un contexto l\u00fadico y educativo.  <\/p>\n","protected":false},"featured_media":10466,"comment_status":"closed","ping_status":"closed","template":"","meta":{"_acf_changed":false,"_monsterinsights_skip_tracking":false,"_monsterinsights_sitenote_active":false,"_monsterinsights_sitenote_note":"","_monsterinsights_sitenote_category":0},"product_brand":[],"product_cat":[783,835],"product_tag":[785,892,1075,1076],"class_list":{"0":"post-10516","1":"product","2":"type-product","3":"status-publish","4":"has-post-thumbnail","6":"product_cat-comprension-lectora","7":"product_cat-independencia-y-habilidades-para-la-vida","8":"product_tag-comprension-lectora","9":"product_tag-leer-para-ensenar-habilidades-para-la-vida","10":"product_tag-como-elegir-la-ropa-adecuada","11":"product_tag-elige-la-ropa-segun-el-clima","13":"first","14":"instock","15":"downloadable","16":"shipping-taxable","17":"purchasable","18":"product-type-simple"},"acf":[],"aioseo_notices":[],"jetpack_sharing_enabled":true,"_links":{"self":[{"href":"https:\/\/positiveautism.org\/es\/wp-json\/wp\/v2\/product\/10516","targetHints":{"allow":["GET"]}}],"collection":[{"href":"https:\/\/positiveautism.org\/es\/wp-json\/wp\/v2\/product"}],"about":[{"href":"https:\/\/positiveautism.org\/es\/wp-json\/wp\/v2\/types\/product"}],"replies":[{"embeddable":true,"href":"https:\/\/positiveautism.org\/es\/wp-json\/wp\/v2\/comments?post=10516"}],"wp:featuredmedia":[{"embeddable":true,"href":"https:\/\/positiveautism.org\/es\/wp-json\/wp\/v2\/media\/10466"}],"wp:attachment":[{"href":"https:\/\/positiveautism.org\/es\/wp-json\/wp\/v2\/media?parent=10516"}],"wp:term":[{"taxonomy":"product_brand","embeddable":true,"href":"https:\/\/positiveautism.org\/es\/wp-json\/wp\/v2\/product_brand?post=10516"},{"taxonomy":"product_cat","embeddable":true,"href":"https:\/\/positiveautism.org\/es\/wp-json\/wp\/v2\/product_cat?post=10516"},{"taxonomy":"product_tag","embeddable":true,"href":"https:\/\/positiveautism.org\/es\/wp-json\/wp\/v2\/product_tag?post=10516"}],"curies":[{"name":"wp","href":"https:\/\/api.w.org\/{rel}","templated":true}]}}