{"id":10515,"date":"2025-07-17T15:19:52","date_gmt":"2025-07-17T19:19:52","guid":{"rendered":"https:\/\/positiveautism.org\/product\/que-hacer-cuando-vas-al-supermercado-hojas-de-trabajo-para-ensenar-a-los-ninos-independencia-y-habilidades-para-la-vida\/"},"modified":"2025-08-12T00:24:47","modified_gmt":"2025-08-12T04:24:47","slug":"que-hacer-cuando-vas-al-supermercado-hojas-de-trabajo-para-ensenar-a-los-ninos-independencia-y-habilidades-para-la-vida","status":"publish","type":"product","link":"https:\/\/positiveautism.org\/es\/producto\/que-hacer-cuando-vas-al-supermercado-hojas-de-trabajo-para-ensenar-a-los-ninos-independencia-y-habilidades-para-la-vida\/","title":{"rendered":"Qu\u00e9 hacer cuando vas al supermercado (Hojas de trabajo para ense\u00f1ar a los ni\u00f1os independencia y habilidades para la vida)"},"content":{"rendered":"","protected":false},"excerpt":{"rendered":"<p>Este material ha sido especialmente dise\u00f1ado para ayudar a los padres y educadores a ense\u00f1ar habilidades sociales pr\u00e1cticas y promover la independencia en j\u00f3venes autistas, utilizando una actividad diaria como ir al supermercado. A trav\u00e9s de explicaciones claras, pasos visuales y un lenguaje accesible, los j\u00f3venes aprenden no solo a comprar de forma independiente, sino tambi\u00e9n a interactuar con los dem\u00e1s, seguir rutinas sociales, tomar decisiones y desarrollar la responsabilidad personal en un entorno de la vida real. Esta gu\u00eda convierte un simple viaje al supermercado en una valiosa oportunidad de aprendizaje y crecimiento.  <\/p>\n","protected":false},"featured_media":10484,"comment_status":"closed","ping_status":"closed","template":"","meta":{"_acf_changed":false,"_monsterinsights_skip_tracking":false,"_monsterinsights_sitenote_active":false,"_monsterinsights_sitenote_note":"","_monsterinsights_sitenote_category":0},"product_brand":[],"product_cat":[835],"product_tag":[1074,936,1073],"class_list":{"0":"post-10515","1":"product","2":"type-product","3":"status-publish","4":"has-post-thumbnail","6":"product_cat-independencia-y-habilidades-para-la-vida","7":"product_tag-ir-al-supermercado","8":"product_tag-aprender-habilidades-para-la-vida","9":"product_tag-independencia-y-habilidades-para-la-vida","11":"first","12":"instock","13":"downloadable","14":"shipping-taxable","15":"purchasable","16":"product-type-simple"},"acf":[],"aioseo_notices":[],"jetpack_sharing_enabled":true,"_links":{"self":[{"href":"https:\/\/positiveautism.org\/es\/wp-json\/wp\/v2\/product\/10515","targetHints":{"allow":["GET"]}}],"collection":[{"href":"https:\/\/positiveautism.org\/es\/wp-json\/wp\/v2\/product"}],"about":[{"href":"https:\/\/positiveautism.org\/es\/wp-json\/wp\/v2\/types\/product"}],"replies":[{"embeddable":true,"href":"https:\/\/positiveautism.org\/es\/wp-json\/wp\/v2\/comments?post=10515"}],"wp:featuredmedia":[{"embeddable":true,"href":"https:\/\/positiveautism.org\/es\/wp-json\/wp\/v2\/media\/10484"}],"wp:attachment":[{"href":"https:\/\/positiveautism.org\/es\/wp-json\/wp\/v2\/media?parent=10515"}],"wp:term":[{"taxonomy":"product_brand","embeddable":true,"href":"https:\/\/positiveautism.org\/es\/wp-json\/wp\/v2\/product_brand?post=10515"},{"taxonomy":"product_cat","embeddable":true,"href":"https:\/\/positiveautism.org\/es\/wp-json\/wp\/v2\/product_cat?post=10515"},{"taxonomy":"product_tag","embeddable":true,"href":"https:\/\/positiveautism.org\/es\/wp-json\/wp\/v2\/product_tag?post=10515"}],"curies":[{"name":"wp","href":"https:\/\/api.w.org\/{rel}","templated":true}]}}