{"id":10057,"date":"2022-10-17T19:49:36","date_gmt":"2025-04-07T15:15:09","guid":{"rendered":"https:\/\/positiveautism.org\/product\/aceptado-tal-y-como-soy-un-video-de-concientizacion-sobre-el-autismo\/"},"modified":"2025-04-07T11:15:09","modified_gmt":"2025-04-07T15:15:09","slug":"aceptado-tal-y-como-soy-un-video-de-concientizacion-sobre-el-autismo","status":"publish","type":"product","link":"https:\/\/positiveautism.org\/es\/producto\/aceptado-tal-y-como-soy-un-video-de-concientizacion-sobre-el-autismo\/","title":{"rendered":"Aceptado tal y como soy. Un video de concientizaci\u00f3n sobre el autismo."},"content":{"rendered":"<p><span style=\"font-weight: 400;\">El video se puede utilizar de varias maneras para crear conciencia sobre el autismo:<\/span><\/p>\n<p><span style=\"font-weight: 400;\"><strong>Compartir en las redes sociales:<\/strong> Publicar el video en plataformas como Facebook, Twitter, Instagram y YouTube puede ayudar a llegar a una amplia audiencia y crear conciencia sobre la importancia de la inclusi\u00f3n y la aceptaci\u00f3n de los ni\u00f1os autistas.<\/span><\/p>\n<p><span style=\"font-weight: 400;\"><strong>Pantallas en escuelas y centros comunitarios:<\/strong> El video se puede utilizar como recurso educativo en escuelas, centros comunitarios y otros espacios donde ni\u00f1os y adultos pueden aprender sobre el autismo y c\u00f3mo promover la inclusi\u00f3n.<\/span><\/p>\n<p><span style=\"font-weight: 400;\"><strong>Incluir en campa\u00f1as de concienciaci\u00f3n<\/strong>: El v\u00eddeo puede formar parte de campa\u00f1as de concienciaci\u00f3n sobre el autismo organizadas por organizaciones, grupos de apoyo y otras entidades, para destacar la importancia de la inclusi\u00f3n y la aceptaci\u00f3n en la vida de las personas autistas.<\/span><\/p>\n<p><span style=\"font-weight: 400;\"><strong>Organizar eventos de proyecci\u00f3n:<\/strong> Organizar eventos en los que se proyecte el video e invitar a la comunidad a participar en debates y actividades relacionadas con el autismo puede fomentar la empat\u00eda y la comprensi\u00f3n en la comunidad.<\/span><\/p>\n<p><span style=\"font-weight: 400;\"><strong>Crear materiales educativos complementarios:<\/strong> El video puede servir como punto de partida para crear materiales educativos adicionales, como gu\u00edas de discusi\u00f3n, actividades y lecciones que promuevan la inclusi\u00f3n y la aceptaci\u00f3n de las personas autistas.<\/span><\/p>\n<p><span style=\"font-weight: 400;\">En general, un video que muestre c\u00f3mo los ni\u00f1os incluyen y aceptan a un ni\u00f1o autista puede ser una herramienta poderosa para crear conciencia sobre el autismo y la importancia de la inclusi\u00f3n. Al compartir y discutir el video, se pueden crear oportunidades para una mayor comprensi\u00f3n y apoyo para las personas con autismo y sus familias. <\/span><\/p>\n","protected":false},"excerpt":{"rendered":"<p>Este cortometraje (video) tiene como objetivo aumentar la aceptaci\u00f3n del autismo entre el p\u00fablico no autista y estimular la inclusi\u00f3n, la tolerancia y la comprensi\u00f3n. Fue creado para ser discutido y compartido por personas autistas, padres, maestros, terapeutas o amigos de personas en el espectro. <\/p>\n","protected":false},"featured_media":5160,"comment_status":"open","ping_status":"closed","template":"","meta":{"_acf_changed":false,"_monsterinsights_skip_tracking":false,"_monsterinsights_sitenote_active":false,"_monsterinsights_sitenote_note":"","_monsterinsights_sitenote_category":0},"product_brand":[],"product_cat":[738],"product_tag":[860,1011,1017,1023],"class_list":{"0":"post-10057","1":"product","2":"type-product","3":"status-publish","4":"has-post-thumbnail","6":"product_cat-conciencia","7":"product_tag-concientizacion-sobre-el-autismo","8":"product_tag-autismo","9":"product_tag-aceptacion-del-autismo","10":"product_tag-video-sobre-el-autismo","12":"first","13":"instock","14":"downloadable","15":"shipping-taxable","16":"purchasable","17":"product-type-simple"},"acf":[],"aioseo_notices":[],"jetpack_sharing_enabled":true,"_links":{"self":[{"href":"https:\/\/positiveautism.org\/es\/wp-json\/wp\/v2\/product\/10057","targetHints":{"allow":["GET"]}}],"collection":[{"href":"https:\/\/positiveautism.org\/es\/wp-json\/wp\/v2\/product"}],"about":[{"href":"https:\/\/positiveautism.org\/es\/wp-json\/wp\/v2\/types\/product"}],"replies":[{"embeddable":true,"href":"https:\/\/positiveautism.org\/es\/wp-json\/wp\/v2\/comments?post=10057"}],"wp:featuredmedia":[{"embeddable":true,"href":"https:\/\/positiveautism.org\/es\/wp-json\/wp\/v2\/media\/5160"}],"wp:attachment":[{"href":"https:\/\/positiveautism.org\/es\/wp-json\/wp\/v2\/media?parent=10057"}],"wp:term":[{"taxonomy":"product_brand","embeddable":true,"href":"https:\/\/positiveautism.org\/es\/wp-json\/wp\/v2\/product_brand?post=10057"},{"taxonomy":"product_cat","embeddable":true,"href":"https:\/\/positiveautism.org\/es\/wp-json\/wp\/v2\/product_cat?post=10057"},{"taxonomy":"product_tag","embeddable":true,"href":"https:\/\/positiveautism.org\/es\/wp-json\/wp\/v2\/product_tag?post=10057"}],"curies":[{"name":"wp","href":"https:\/\/api.w.org\/{rel}","templated":true}]}}