{"id":10056,"date":"2022-10-13T20:51:02","date_gmt":"2025-04-07T15:15:09","guid":{"rendered":"https:\/\/positiveautism.org\/product\/habilidades-de-conversacion-informacion-para-padres-y-educadores-de-ninos-autistas\/"},"modified":"2025-04-07T11:15:09","modified_gmt":"2025-04-07T15:15:09","slug":"habilidades-de-conversacion-informacion-para-padres-y-educadores-de-ninos-autistas","status":"publish","type":"product","link":"https:\/\/positiveautism.org\/es\/producto\/habilidades-de-conversacion-informacion-para-padres-y-educadores-de-ninos-autistas\/","title":{"rendered":"Habilidades de conversaci\u00f3n (Informaci\u00f3n para padres y educadores de ni\u00f1os autistas)"},"content":{"rendered":"","protected":false},"excerpt":{"rendered":"<p>En esta informaci\u00f3n, los padres y educadores encontrar\u00e1n orientaci\u00f3n sobre c\u00f3mo ayudar a los ni\u00f1os con Trastorno del Espectro Autista (TEA) a desarrollar habilidades sociales, particularmente en el contexto de la conversaci\u00f3n. El material proporciona un desglose completo de los pasos y estrategias para iniciar, mantener y finalizar conversaciones, as\u00ed como consejos para fomentar la empat\u00eda y el respeto por los dem\u00e1s. Al seguir estas recomendaciones, los padres y educadores pueden apoyar a los ni\u00f1os con TEA en el desarrollo de habilidades de comunicaci\u00f3n s\u00f3lidas que los beneficiar\u00e1n en varios aspectos de sus vidas, como la escuela, los deportes y el futuro empleo. A trav\u00e9s de la pr\u00e1ctica y el est\u00edmulo, los ni\u00f1os ganar\u00e1n la confianza que necesitan para interactuar con los dem\u00e1s, creando un entorno m\u00e1s inclusivo y comprensivo para todos.   <\/p>\n","protected":false},"featured_media":5265,"comment_status":"open","ping_status":"closed","template":"","meta":{"_acf_changed":false,"_monsterinsights_skip_tracking":false,"_monsterinsights_sitenote_active":false,"_monsterinsights_sitenote_note":"","_monsterinsights_sitenote_category":0},"product_brand":[],"product_cat":[838],"product_tag":[843,857,1011,1021,1022],"class_list":{"0":"post-10056","1":"product","2":"type-product","3":"status-publish","4":"has-post-thumbnail","6":"product_cat-habilidades-de-conversacion","7":"product_tag-como-ensenar-habilidades-de-conversacion-a-personas-con-autismo","8":"product_tag-habilidades-de-conversacion","9":"product_tag-autismo","10":"product_tag-informacion-para-padres-y-educadores","11":"product_tag-informacion-para-padres-y-educadores-de-ninos-autistas","13":"first","14":"instock","15":"downloadable","16":"shipping-taxable","17":"purchasable","18":"product-type-simple"},"acf":[],"aioseo_notices":[],"jetpack_sharing_enabled":true,"_links":{"self":[{"href":"https:\/\/positiveautism.org\/es\/wp-json\/wp\/v2\/product\/10056","targetHints":{"allow":["GET"]}}],"collection":[{"href":"https:\/\/positiveautism.org\/es\/wp-json\/wp\/v2\/product"}],"about":[{"href":"https:\/\/positiveautism.org\/es\/wp-json\/wp\/v2\/types\/product"}],"replies":[{"embeddable":true,"href":"https:\/\/positiveautism.org\/es\/wp-json\/wp\/v2\/comments?post=10056"}],"wp:featuredmedia":[{"embeddable":true,"href":"https:\/\/positiveautism.org\/es\/wp-json\/wp\/v2\/media\/5265"}],"wp:attachment":[{"href":"https:\/\/positiveautism.org\/es\/wp-json\/wp\/v2\/media?parent=10056"}],"wp:term":[{"taxonomy":"product_brand","embeddable":true,"href":"https:\/\/positiveautism.org\/es\/wp-json\/wp\/v2\/product_brand?post=10056"},{"taxonomy":"product_cat","embeddable":true,"href":"https:\/\/positiveautism.org\/es\/wp-json\/wp\/v2\/product_cat?post=10056"},{"taxonomy":"product_tag","embeddable":true,"href":"https:\/\/positiveautism.org\/es\/wp-json\/wp\/v2\/product_tag?post=10056"}],"curies":[{"name":"wp","href":"https:\/\/api.w.org\/{rel}","templated":true}]}}