{"id":10052,"date":"2023-05-29T15:58:02","date_gmt":"2025-04-07T15:14:25","guid":{"rendered":"https:\/\/positiveautism.org\/product\/el-tren-de-la-conversacion-hojas-de-trabajo-para-ensenar-habilidades-de-conversacion-a-ninos-autistas\/"},"modified":"2025-04-07T11:14:25","modified_gmt":"2025-04-07T15:14:25","slug":"el-tren-de-la-conversacion-hojas-de-trabajo-para-ensenar-habilidades-de-conversacion-a-ninos-autistas","status":"publish","type":"product","link":"https:\/\/positiveautism.org\/es\/producto\/el-tren-de-la-conversacion-hojas-de-trabajo-para-ensenar-habilidades-de-conversacion-a-ninos-autistas\/","title":{"rendered":"El tren de la conversaci\u00f3n. (Hojas de trabajo para ense\u00f1ar habilidades de conversaci\u00f3n a ni\u00f1os autistas)"},"content":{"rendered":"","protected":false},"excerpt":{"rendered":"<p><strong>\u00abEl Tren de la Conversaci\u00f3n\u00bb<\/strong> es una herramienta valiosa dise\u00f1ada para ayudar a los ni\u00f1os, incluidos los que est\u00e1n en el espectro autista, a desarrollar sus habilidades de conversaci\u00f3n. Los ni\u00f1os autistas a menudo tienen dificultades con la interacci\u00f3n social y la conversaci\u00f3n, y esta actividad proporciona una forma estructurada, visual y atractiva de practicar estas habilidades. <\/p>\n<p>En esta actividad, las diferentes partes de una conversaci\u00f3n est\u00e1n codificadas por colores y representadas por tarjetas, creando un \u00abtren de conversaci\u00f3n\u00bb metaf\u00f3rico. Este sistema de codificaci\u00f3n por colores sirve como una gu\u00eda visual para el flujo de una conversaci\u00f3n y ayuda a ense\u00f1ar la secuencia y los componentes necesarios para un di\u00e1logo exitoso. <\/p>\n<p>La actividad anima a los ni\u00f1os a turnarse, escuchar a los dem\u00e1s y responder de manera apropiada y emp\u00e1tica, todas las cuales son habilidades clave en la conversaci\u00f3n. Tambi\u00e9n permite flexibilidad y se puede ajustar en funci\u00f3n del nivel de habilidad y las necesidades del ni\u00f1o. El objetivo no es solo mejorar las habilidades de conversaci\u00f3n, sino tambi\u00e9n fomentar un ambiente de apertura, curiosidad y empat\u00eda.  <\/p>\n","protected":false},"featured_media":10053,"comment_status":"open","ping_status":"closed","template":"","meta":{"_acf_changed":false,"_monsterinsights_skip_tracking":false,"_monsterinsights_sitenote_active":false,"_monsterinsights_sitenote_note":"","_monsterinsights_sitenote_category":0},"product_brand":[],"product_cat":[838],"product_tag":[839,841],"class_list":{"0":"post-10052","1":"product","2":"type-product","3":"status-publish","4":"has-post-thumbnail","6":"product_cat-habilidades-de-conversacion","7":"product_tag-actividades-de-conversacion-para-ninos-con-autismo","8":"product_tag-actividades-de-conversacion-para-ninos-autistas","10":"first","11":"instock","12":"downloadable","13":"shipping-taxable","14":"purchasable","15":"product-type-simple"},"acf":[],"aioseo_notices":[],"jetpack_sharing_enabled":true,"_links":{"self":[{"href":"https:\/\/positiveautism.org\/es\/wp-json\/wp\/v2\/product\/10052","targetHints":{"allow":["GET"]}}],"collection":[{"href":"https:\/\/positiveautism.org\/es\/wp-json\/wp\/v2\/product"}],"about":[{"href":"https:\/\/positiveautism.org\/es\/wp-json\/wp\/v2\/types\/product"}],"replies":[{"embeddable":true,"href":"https:\/\/positiveautism.org\/es\/wp-json\/wp\/v2\/comments?post=10052"}],"wp:featuredmedia":[{"embeddable":true,"href":"https:\/\/positiveautism.org\/es\/wp-json\/wp\/v2\/media\/10053"}],"wp:attachment":[{"href":"https:\/\/positiveautism.org\/es\/wp-json\/wp\/v2\/media?parent=10052"}],"wp:term":[{"taxonomy":"product_brand","embeddable":true,"href":"https:\/\/positiveautism.org\/es\/wp-json\/wp\/v2\/product_brand?post=10052"},{"taxonomy":"product_cat","embeddable":true,"href":"https:\/\/positiveautism.org\/es\/wp-json\/wp\/v2\/product_cat?post=10052"},{"taxonomy":"product_tag","embeddable":true,"href":"https:\/\/positiveautism.org\/es\/wp-json\/wp\/v2\/product_tag?post=10052"}],"curies":[{"name":"wp","href":"https:\/\/api.w.org\/{rel}","templated":true}]}}