{"id":10047,"date":"2023-05-26T15:22:37","date_gmt":"2025-04-07T15:14:24","guid":{"rendered":"https:\/\/positiveautism.org\/product\/buscando-animales-en-la-selva-magica-1-comprension-lectora\/"},"modified":"2025-04-07T11:14:24","modified_gmt":"2025-04-07T15:14:24","slug":"buscando-animales-en-la-selva-magica-1-comprension-lectora","status":"publish","type":"product","link":"https:\/\/positiveautism.org\/es\/producto\/buscando-animales-en-la-selva-magica-1-comprension-lectora\/","title":{"rendered":"Buscando animales en la selva m\u00e1gica. #1 (comprensi\u00f3n lectora)"},"content":{"rendered":"","protected":false},"excerpt":{"rendered":"<p><strong>\u00abBuscando animales en la selva m\u00e1gica\u00bb<\/strong>  Esta es la primera parte de 15, de esta actividad de comprensi\u00f3n lectora. Esta es una herramienta incre\u00edblemente \u00fatil para que los ni\u00f1os autistas mejoren sus habilidades de comprensi\u00f3n lectora. El cuento proporciona una experiencia de aprendizaje enriquecedora e interactiva que se adapta a las diversas necesidades sensoriales de los ni\u00f1os. Al interactuar con se\u00f1ales visuales como im\u00e1genes de animales, elementos t\u00e1ctiles como calcoman\u00edas o dibujos y se\u00f1ales auditivas de sonidos de animales, este enfoque de aprendizaje multisensorial puede ayudar a los ni\u00f1os con TEA a procesar y comprender mejor la historia. Esta actividad refuerza su enfoque y comprensi\u00f3n de los detalles de la historia. Tambi\u00e9n crea una oportunidad perfecta para que discutas las caracter\u00edsticas o roles de los animales en la historia, solidificando a\u00fan m\u00e1s su comprensi\u00f3n de la narrativa. El dise\u00f1o general de esta actividad es divertido, atractivo y adecuado para el estilo de aprendizaje de los ni\u00f1os con TEA, manteni\u00e9ndolos interesados y motivados para mejorar sus habilidades de comprensi\u00f3n lectora.      <\/p>\n","protected":false},"featured_media":10048,"comment_status":"open","ping_status":"closed","template":"","meta":{"_acf_changed":false,"_monsterinsights_skip_tracking":false,"_monsterinsights_sitenote_active":false,"_monsterinsights_sitenote_note":"","_monsterinsights_sitenote_category":0},"product_brand":[],"product_cat":[783],"product_tag":[795,885],"class_list":{"0":"post-10047","1":"product","2":"type-product","3":"status-publish","4":"has-post-thumbnail","6":"product_cat-comprension-lectora","7":"product_tag-comprension-lectora-para-ninos-autistas","8":"product_tag-juego-de-comprension-lectora-para-ninos-autistas","10":"first","11":"instock","12":"downloadable","13":"shipping-taxable","14":"purchasable","15":"product-type-simple"},"acf":[],"aioseo_notices":[],"jetpack_sharing_enabled":true,"_links":{"self":[{"href":"https:\/\/positiveautism.org\/es\/wp-json\/wp\/v2\/product\/10047","targetHints":{"allow":["GET"]}}],"collection":[{"href":"https:\/\/positiveautism.org\/es\/wp-json\/wp\/v2\/product"}],"about":[{"href":"https:\/\/positiveautism.org\/es\/wp-json\/wp\/v2\/types\/product"}],"replies":[{"embeddable":true,"href":"https:\/\/positiveautism.org\/es\/wp-json\/wp\/v2\/comments?post=10047"}],"wp:featuredmedia":[{"embeddable":true,"href":"https:\/\/positiveautism.org\/es\/wp-json\/wp\/v2\/media\/10048"}],"wp:attachment":[{"href":"https:\/\/positiveautism.org\/es\/wp-json\/wp\/v2\/media?parent=10047"}],"wp:term":[{"taxonomy":"product_brand","embeddable":true,"href":"https:\/\/positiveautism.org\/es\/wp-json\/wp\/v2\/product_brand?post=10047"},{"taxonomy":"product_cat","embeddable":true,"href":"https:\/\/positiveautism.org\/es\/wp-json\/wp\/v2\/product_cat?post=10047"},{"taxonomy":"product_tag","embeddable":true,"href":"https:\/\/positiveautism.org\/es\/wp-json\/wp\/v2\/product_tag?post=10047"}],"curies":[{"name":"wp","href":"https:\/\/api.w.org\/{rel}","templated":true}]}}