{"id":10045,"date":"2023-05-24T21:50:28","date_gmt":"2025-04-07T15:14:24","guid":{"rendered":"https:\/\/positiveautism.org\/product\/construir-una-conversacion-y-mostrar-empatia-hojas-de-trabajo-para-ensenar-habilidades-de-conversacion-a-ninos-autistas\/"},"modified":"2025-04-07T11:14:24","modified_gmt":"2025-04-07T15:14:24","slug":"construir-una-conversacion-y-mostrar-empatia-hojas-de-trabajo-para-ensenar-habilidades-de-conversacion-a-ninos-autistas","status":"publish","type":"product","link":"https:\/\/positiveautism.org\/es\/producto\/construir-una-conversacion-y-mostrar-empatia-hojas-de-trabajo-para-ensenar-habilidades-de-conversacion-a-ninos-autistas\/","title":{"rendered":"Construir una conversaci\u00f3n y mostrar empat\u00eda. (Hojas de trabajo para ense\u00f1ar habilidades de conversaci\u00f3n a ni\u00f1os autistas)"},"content":{"rendered":"","protected":false},"excerpt":{"rendered":"<p>\u00abConstruir una conversaci\u00f3n y mostrar empat\u00eda\u00bb es una excelente actividad dise\u00f1ada para ayudar a los ni\u00f1os en el espectro autista a desarrollar sus habilidades de conversaci\u00f3n. Para muchos ni\u00f1os autistas, comprender y participar en conversaciones puede ser un desaf\u00edo. Esta actividad utiliza un enfoque tangible y visual, lo que hace que el concepto abstracto de la conversaci\u00f3n sea m\u00e1s concreto y accesible. Al usar bloques de Lego como representaciones f\u00edsicas de diferentes partes de una conversaci\u00f3n, los ni\u00f1os pueden comprender m\u00e1s f\u00e1cilmente la naturaleza de dar y recibir del di\u00e1logo. Adem\u00e1s, el uso de tarjetas de emociones anima a los ni\u00f1os a expresar sus sentimientos y a empatizar con los dem\u00e1s, fomentando su desarrollo social y emocional. Este juego atractivo e interactivo no solo mejora las habilidades de conversaci\u00f3n, sino que tambi\u00e9n promueve la comprensi\u00f3n emocional, la empat\u00eda y la conexi\u00f3n con los dem\u00e1s, todas habilidades cruciales para la vida. A trav\u00e9s de estas experiencias de aprendizaje l\u00fadicas y pr\u00e1cticas, los ni\u00f1os autistas pueden sentirse m\u00e1s c\u00f3modos y seguros de sus habilidades de comunicaci\u00f3n.      <\/p>\n","protected":false},"featured_media":10046,"comment_status":"open","ping_status":"closed","template":"","meta":{"_acf_changed":false,"_monsterinsights_skip_tracking":false,"_monsterinsights_sitenote_active":false,"_monsterinsights_sitenote_note":"","_monsterinsights_sitenote_category":0},"product_brand":[],"product_cat":[838],"product_tag":[839,841],"class_list":{"0":"post-10045","1":"product","2":"type-product","3":"status-publish","4":"has-post-thumbnail","6":"product_cat-habilidades-de-conversacion","7":"product_tag-actividades-de-conversacion-para-ninos-con-autismo","8":"product_tag-actividades-de-conversacion-para-ninos-autistas","10":"first","11":"instock","12":"downloadable","13":"shipping-taxable","14":"purchasable","15":"product-type-simple"},"acf":[],"aioseo_notices":[],"jetpack_sharing_enabled":true,"_links":{"self":[{"href":"https:\/\/positiveautism.org\/es\/wp-json\/wp\/v2\/product\/10045","targetHints":{"allow":["GET"]}}],"collection":[{"href":"https:\/\/positiveautism.org\/es\/wp-json\/wp\/v2\/product"}],"about":[{"href":"https:\/\/positiveautism.org\/es\/wp-json\/wp\/v2\/types\/product"}],"replies":[{"embeddable":true,"href":"https:\/\/positiveautism.org\/es\/wp-json\/wp\/v2\/comments?post=10045"}],"wp:featuredmedia":[{"embeddable":true,"href":"https:\/\/positiveautism.org\/es\/wp-json\/wp\/v2\/media\/10046"}],"wp:attachment":[{"href":"https:\/\/positiveautism.org\/es\/wp-json\/wp\/v2\/media?parent=10045"}],"wp:term":[{"taxonomy":"product_brand","embeddable":true,"href":"https:\/\/positiveautism.org\/es\/wp-json\/wp\/v2\/product_brand?post=10045"},{"taxonomy":"product_cat","embeddable":true,"href":"https:\/\/positiveautism.org\/es\/wp-json\/wp\/v2\/product_cat?post=10045"},{"taxonomy":"product_tag","embeddable":true,"href":"https:\/\/positiveautism.org\/es\/wp-json\/wp\/v2\/product_tag?post=10045"}],"curies":[{"name":"wp","href":"https:\/\/api.w.org\/{rel}","templated":true}]}}