{"id":10042,"date":"2023-05-30T14:32:41","date_gmt":"2025-04-07T15:14:23","guid":{"rendered":"https:\/\/positiveautism.org\/product\/la-importancia-de-usar-nuestros-ojos-y-nuestro-cuerpo-cuando-tenemos-una-conversacion-hojas-de-trabajo-para-ensenar-habilidades-de-conversacion-a-ninos-autistas\/"},"modified":"2025-04-07T11:14:23","modified_gmt":"2025-04-07T15:14:23","slug":"la-importancia-de-usar-nuestros-ojos-y-nuestro-cuerpo-cuando-tenemos-una-conversacion-hojas-de-trabajo-para-ensenar-habilidades-de-conversacion-a-ninos-autistas","status":"publish","type":"product","link":"https:\/\/positiveautism.org\/es\/producto\/la-importancia-de-usar-nuestros-ojos-y-nuestro-cuerpo-cuando-tenemos-una-conversacion-hojas-de-trabajo-para-ensenar-habilidades-de-conversacion-a-ninos-autistas\/","title":{"rendered":"La importancia de usar nuestros ojos y nuestro cuerpo cuando tenemos una conversaci\u00f3n. (Hojas de trabajo para ense\u00f1ar habilidades de conversaci\u00f3n a ni\u00f1os autistas)"},"content":{"rendered":"","protected":false},"excerpt":{"rendered":"<p>Este material est\u00e1 dise\u00f1ado para ayudar a los ni\u00f1os autistas a desarrollar y mejorar sus habilidades de conversaci\u00f3n, centr\u00e1ndose especialmente en el uso de los ojos y el cuerpo durante una conversaci\u00f3n. A menudo no nos damos cuenta, pero usamos algo m\u00e1s que nuestros o\u00eddos para escuchar durante una conversaci\u00f3n: tambi\u00e9n usamos nuestros ojos y nuestro cuerpo para mostrar que estamos comprometidos y atentos. Para los ni\u00f1os autistas, comprender y aplicar este concepto a veces puede ser un desaf\u00edo.  <\/p>\n<p>La primera parte del material explica este concepto de una manera cercana y atractiva.<\/p>\n<p>La segunda parte del material es un juego que proporciona una actividad pr\u00e1ctica para aplicar estos conceptos.<\/p>\n<p>Este material enfatiza el refuerzo positivo y la rotaci\u00f3n de roles para mantener a los ni\u00f1os motivados y permitirles experimentar ambos lados de la comunicaci\u00f3n. Este material comprende la singularidad de cada ni\u00f1o y fomenta un ambiente de apoyo y diversi\u00f3n donde los ni\u00f1os pueden aprender y crecer a su propio ritmo. <\/p>\n","protected":false},"featured_media":10043,"comment_status":"open","ping_status":"closed","template":"","meta":{"_acf_changed":false,"_monsterinsights_skip_tracking":false,"_monsterinsights_sitenote_active":false,"_monsterinsights_sitenote_note":"","_monsterinsights_sitenote_category":0},"product_brand":[],"product_cat":[838],"product_tag":[839,841],"class_list":{"0":"post-10042","1":"product","2":"type-product","3":"status-publish","4":"has-post-thumbnail","6":"product_cat-habilidades-de-conversacion","7":"product_tag-actividades-de-conversacion-para-ninos-con-autismo","8":"product_tag-actividades-de-conversacion-para-ninos-autistas","10":"first","11":"instock","12":"downloadable","13":"shipping-taxable","14":"purchasable","15":"product-type-simple"},"acf":[],"aioseo_notices":[],"jetpack_sharing_enabled":true,"_links":{"self":[{"href":"https:\/\/positiveautism.org\/es\/wp-json\/wp\/v2\/product\/10042","targetHints":{"allow":["GET"]}}],"collection":[{"href":"https:\/\/positiveautism.org\/es\/wp-json\/wp\/v2\/product"}],"about":[{"href":"https:\/\/positiveautism.org\/es\/wp-json\/wp\/v2\/types\/product"}],"replies":[{"embeddable":true,"href":"https:\/\/positiveautism.org\/es\/wp-json\/wp\/v2\/comments?post=10042"}],"wp:featuredmedia":[{"embeddable":true,"href":"https:\/\/positiveautism.org\/es\/wp-json\/wp\/v2\/media\/10043"}],"wp:attachment":[{"href":"https:\/\/positiveautism.org\/es\/wp-json\/wp\/v2\/media?parent=10042"}],"wp:term":[{"taxonomy":"product_brand","embeddable":true,"href":"https:\/\/positiveautism.org\/es\/wp-json\/wp\/v2\/product_brand?post=10042"},{"taxonomy":"product_cat","embeddable":true,"href":"https:\/\/positiveautism.org\/es\/wp-json\/wp\/v2\/product_cat?post=10042"},{"taxonomy":"product_tag","embeddable":true,"href":"https:\/\/positiveautism.org\/es\/wp-json\/wp\/v2\/product_tag?post=10042"}],"curies":[{"name":"wp","href":"https:\/\/api.w.org\/{rel}","templated":true}]}}