{"id":10041,"date":"2023-05-21T13:24:49","date_gmt":"2025-04-07T15:14:23","guid":{"rendered":"https:\/\/positiveautism.org\/product\/la-pelota-conversacional-hojas-de-trabajo-para-ensenar-habilidades-de-conversacion-a-ninos-autistas\/"},"modified":"2025-04-07T11:14:23","modified_gmt":"2025-04-07T15:14:23","slug":"la-pelota-conversacional-hojas-de-trabajo-para-ensenar-habilidades-de-conversacion-a-ninos-autistas","status":"publish","type":"product","link":"https:\/\/positiveautism.org\/es\/producto\/la-pelota-conversacional-hojas-de-trabajo-para-ensenar-habilidades-de-conversacion-a-ninos-autistas\/","title":{"rendered":"La pelota conversacional. (Hojas de trabajo para ense\u00f1ar habilidades de conversaci\u00f3n a ni\u00f1os autistas)"},"content":{"rendered":"","protected":false},"excerpt":{"rendered":"<p>La \u00abPelota de conversaci\u00f3n\u00bb es una herramienta dise\u00f1ada para ayudar a los ni\u00f1os a mejorar sus habilidades de conversaci\u00f3n. Proporciona una forma tangible para que entiendan y participen en intercambios conversacionales. Al igual que un juego, una conversaci\u00f3n implica una interacci\u00f3n de ida y vuelta: se lanza una pregunta o un comentario, se atrapa y se responde.  <\/p>\n<p>Para los ni\u00f1os autistas, comprender el concepto abstracto de la conversaci\u00f3n puede ser un desaf\u00edo. El enfoque de la bola de conversaci\u00f3n hace que este proceso sea m\u00e1s concreto y manejable. Fomenta las preguntas de seguimiento, el intercambio de informaci\u00f3n adicional y las respuestas emp\u00e1ticas basadas en el tono emocional de la conversaci\u00f3n.  <\/p>\n<p>Al practicar con el juego \u00abLanzamiento de pelota de conversaci\u00f3n\u00bb, el ni\u00f1o puede construir una conversaci\u00f3n visual y t\u00e1cticamente. El uso de tarjetas de emociones puede alentarlos a hacer coincidir sus respuestas con el contexto emocional de la conversaci\u00f3n, ya sea a trav\u00e9s de sus palabras, tono de voz o lenguaje corporal. <\/p>\n<p>Este enfoque l\u00fadico permite a los ni\u00f1os practicar habilidades vitales de conversaci\u00f3n de una manera divertida y atractiva. Los elementos tangibles de este enfoque pueden ser particularmente beneficiosos, ya que muchos ni\u00f1os en el espectro autista prosperan con m\u00e9todos de aprendizaje visual y t\u00e1ctil. <\/p>\n","protected":false},"featured_media":10044,"comment_status":"open","ping_status":"closed","template":"","meta":{"_acf_changed":false,"_monsterinsights_skip_tracking":false,"_monsterinsights_sitenote_active":false,"_monsterinsights_sitenote_note":"","_monsterinsights_sitenote_category":0},"product_brand":[],"product_cat":[838],"product_tag":[839,841,859],"class_list":{"0":"post-10041","1":"product","2":"type-product","3":"status-publish","4":"has-post-thumbnail","6":"product_cat-habilidades-de-conversacion","7":"product_tag-actividades-de-conversacion-para-ninos-con-autismo","8":"product_tag-actividades-de-conversacion-para-ninos-autistas","9":"product_tag-hojas-de-trabajo-para-practicar-la-conversacion-con-ninos-autistas","11":"first","12":"instock","13":"downloadable","14":"shipping-taxable","15":"purchasable","16":"product-type-simple"},"acf":[],"aioseo_notices":[],"jetpack_sharing_enabled":true,"_links":{"self":[{"href":"https:\/\/positiveautism.org\/es\/wp-json\/wp\/v2\/product\/10041","targetHints":{"allow":["GET"]}}],"collection":[{"href":"https:\/\/positiveautism.org\/es\/wp-json\/wp\/v2\/product"}],"about":[{"href":"https:\/\/positiveautism.org\/es\/wp-json\/wp\/v2\/types\/product"}],"replies":[{"embeddable":true,"href":"https:\/\/positiveautism.org\/es\/wp-json\/wp\/v2\/comments?post=10041"}],"wp:featuredmedia":[{"embeddable":true,"href":"https:\/\/positiveautism.org\/es\/wp-json\/wp\/v2\/media\/10044"}],"wp:attachment":[{"href":"https:\/\/positiveautism.org\/es\/wp-json\/wp\/v2\/media?parent=10041"}],"wp:term":[{"taxonomy":"product_brand","embeddable":true,"href":"https:\/\/positiveautism.org\/es\/wp-json\/wp\/v2\/product_brand?post=10041"},{"taxonomy":"product_cat","embeddable":true,"href":"https:\/\/positiveautism.org\/es\/wp-json\/wp\/v2\/product_cat?post=10041"},{"taxonomy":"product_tag","embeddable":true,"href":"https:\/\/positiveautism.org\/es\/wp-json\/wp\/v2\/product_tag?post=10041"}],"curies":[{"name":"wp","href":"https:\/\/api.w.org\/{rel}","templated":true}]}}