{"id":10039,"date":"2023-05-21T13:13:02","date_gmt":"2025-04-07T15:14:18","guid":{"rendered":"https:\/\/positiveautism.org\/product\/comentarios-y-preguntas-de-seguimiento-que-muestren-empatia-y-mantengan-la-conversacion-hojas-de-trabajo-para-ensenar-habilidades-de-conversacion-a-ninos-autistas-2\/"},"modified":"2025-04-07T11:14:18","modified_gmt":"2025-04-07T15:14:18","slug":"comentarios-y-preguntas-de-seguimiento-que-muestren-empatia-y-mantengan-la-conversacion-hojas-de-trabajo-para-ensenar-habilidades-de-conversacion-a-ninos-autistas-2","status":"publish","type":"product","link":"https:\/\/positiveautism.org\/es\/producto\/comentarios-y-preguntas-de-seguimiento-que-muestren-empatia-y-mantengan-la-conversacion-hojas-de-trabajo-para-ensenar-habilidades-de-conversacion-a-ninos-autistas-2\/","title":{"rendered":"Comentarios y preguntas de seguimiento que muestren empat\u00eda y mantengan la conversaci\u00f3n. (Hojas de trabajo para ense\u00f1ar habilidades de conversaci\u00f3n a ni\u00f1os autistas)"},"content":{"rendered":"","protected":false},"excerpt":{"rendered":"<p>Este material es una herramienta que te ayudar\u00e1 a desarrollar habilidades de conversaci\u00f3n y empat\u00eda. En una conversaci\u00f3n, \u00ablanzamos\u00bb palabras y sentimientos de un lado a otro. A veces alguien puede estar triste o feliz, y es importante saber c\u00f3mo responder. Este material nos ense\u00f1a a responder a lo que la otra persona est\u00e1 diciendo o sintiendo, mostrando empat\u00eda.   <\/p>\n<p>Adem\u00e1s, este material nos brinda la oportunidad de practicar a trav\u00e9s de ejemplos y ejercicios, identificando emociones, practicando expresiones faciales y tonos de voz, y representando diferentes situaciones en las que podemos mostrar empat\u00eda. Esta pr\u00e1ctica es muy valiosa, ya que nos ayudar\u00e1 a mejorar nuestras habilidades de conversaci\u00f3n y empat\u00eda, haciendo que nuestras interacciones con los dem\u00e1s sean m\u00e1s significativas y gratificantes. <\/p>\n","protected":false},"featured_media":10040,"comment_status":"open","ping_status":"closed","template":"","meta":{"_acf_changed":false,"_monsterinsights_skip_tracking":false,"_monsterinsights_sitenote_active":false,"_monsterinsights_sitenote_note":"","_monsterinsights_sitenote_category":0},"product_brand":[],"product_cat":[838],"product_tag":[839,843,854,1003],"class_list":{"0":"post-10039","1":"product","2":"type-product","3":"status-publish","4":"has-post-thumbnail","6":"product_cat-habilidades-de-conversacion","7":"product_tag-actividades-de-conversacion-para-ninos-con-autismo","8":"product_tag-como-ensenar-habilidades-de-conversacion-a-personas-con-autismo","9":"product_tag-hojas-de-trabajo-para-ensenar-habilidades-de-conversacion-a-ninos-autistas","10":"product_tag-hojas-de-trabajo-para-practicar-la-conversacion-con-ninos-con-autismo","12":"first","13":"instock","14":"downloadable","15":"shipping-taxable","16":"purchasable","17":"product-type-simple"},"acf":[],"aioseo_notices":[],"jetpack_sharing_enabled":true,"_links":{"self":[{"href":"https:\/\/positiveautism.org\/es\/wp-json\/wp\/v2\/product\/10039","targetHints":{"allow":["GET"]}}],"collection":[{"href":"https:\/\/positiveautism.org\/es\/wp-json\/wp\/v2\/product"}],"about":[{"href":"https:\/\/positiveautism.org\/es\/wp-json\/wp\/v2\/types\/product"}],"replies":[{"embeddable":true,"href":"https:\/\/positiveautism.org\/es\/wp-json\/wp\/v2\/comments?post=10039"}],"wp:featuredmedia":[{"embeddable":true,"href":"https:\/\/positiveautism.org\/es\/wp-json\/wp\/v2\/media\/10040"}],"wp:attachment":[{"href":"https:\/\/positiveautism.org\/es\/wp-json\/wp\/v2\/media?parent=10039"}],"wp:term":[{"taxonomy":"product_brand","embeddable":true,"href":"https:\/\/positiveautism.org\/es\/wp-json\/wp\/v2\/product_brand?post=10039"},{"taxonomy":"product_cat","embeddable":true,"href":"https:\/\/positiveautism.org\/es\/wp-json\/wp\/v2\/product_cat?post=10039"},{"taxonomy":"product_tag","embeddable":true,"href":"https:\/\/positiveautism.org\/es\/wp-json\/wp\/v2\/product_tag?post=10039"}],"curies":[{"name":"wp","href":"https:\/\/api.w.org\/{rel}","templated":true}]}}