{"id":10035,"date":"2023-05-16T14:26:27","date_gmt":"2025-04-07T15:14:18","guid":{"rendered":"https:\/\/positiveautism.org\/product\/responder-cuando-alguien-hace-un-comentario-o-te-hace-una-pregunta-hojas-de-trabajo-para-ensenar-habilidades-de-conversacion-a-ninos-autistas\/"},"modified":"2025-04-07T11:14:18","modified_gmt":"2025-04-07T15:14:18","slug":"responder-cuando-alguien-hace-un-comentario-o-te-hace-una-pregunta-hojas-de-trabajo-para-ensenar-habilidades-de-conversacion-a-ninos-autistas","status":"publish","type":"product","link":"https:\/\/positiveautism.org\/es\/producto\/responder-cuando-alguien-hace-un-comentario-o-te-hace-una-pregunta-hojas-de-trabajo-para-ensenar-habilidades-de-conversacion-a-ninos-autistas\/","title":{"rendered":"Responder cuando alguien hace un comentario o te hace una pregunta. (Hojas de trabajo para ense\u00f1ar habilidades de conversaci\u00f3n a ni\u00f1os autistas)"},"content":{"rendered":"","protected":false},"excerpt":{"rendered":"<p>Este material est\u00e1 dise\u00f1ado para ayudar a los ni\u00f1os a desarrollar habilidades de conversaci\u00f3n, particularmente respondiendo apropiadamente cuando alguien hace un comentario o hace una pregunta. El objetivo clave es cultivar la capacidad de mantener una conversaci\u00f3n. <\/p>\n<p>Esto se logra proporcionando una variedad de escenarios de la vida real, cada uno seguido de m\u00faltiples respuestas potenciales. El ni\u00f1o tiene la tarea de identificar la respuesta m\u00e1s apropiada y contextualmente relevante. Los escenarios van desde conversaciones informales entre pares hasta intercambios m\u00e1s formales con adultos. La variedad ayuda al ni\u00f1o a comprender las sutilezas y matices de las diferentes situaciones sociales y a adaptar sus respuestas en consecuencia. El objetivo final es hacer que las conversaciones sean m\u00e1s naturales, significativas y agradables para el ni\u00f1o. Este recurso tambi\u00e9n es valioso para desarrollar la empat\u00eda, ya que ense\u00f1a al ni\u00f1o a respetar y prestar atenci\u00f3n a lo que dice la otra persona, as\u00ed como a responder de una manera que reconozca los sentimientos o intereses de la otra persona.     <\/p>\n","protected":false},"featured_media":10036,"comment_status":"open","ping_status":"closed","template":"","meta":{"_acf_changed":false,"_monsterinsights_skip_tracking":false,"_monsterinsights_sitenote_active":false,"_monsterinsights_sitenote_note":"","_monsterinsights_sitenote_category":0},"product_brand":[],"product_cat":[838],"product_tag":[841,859,1003],"class_list":{"0":"post-10035","1":"product","2":"type-product","3":"status-publish","4":"has-post-thumbnail","6":"product_cat-habilidades-de-conversacion","7":"product_tag-actividades-de-conversacion-para-ninos-autistas","8":"product_tag-hojas-de-trabajo-para-practicar-la-conversacion-con-ninos-autistas","9":"product_tag-hojas-de-trabajo-para-practicar-la-conversacion-con-ninos-con-autismo","11":"first","12":"instock","13":"downloadable","14":"shipping-taxable","15":"purchasable","16":"product-type-simple"},"acf":[],"aioseo_notices":[],"jetpack_sharing_enabled":true,"_links":{"self":[{"href":"https:\/\/positiveautism.org\/es\/wp-json\/wp\/v2\/product\/10035","targetHints":{"allow":["GET"]}}],"collection":[{"href":"https:\/\/positiveautism.org\/es\/wp-json\/wp\/v2\/product"}],"about":[{"href":"https:\/\/positiveautism.org\/es\/wp-json\/wp\/v2\/types\/product"}],"replies":[{"embeddable":true,"href":"https:\/\/positiveautism.org\/es\/wp-json\/wp\/v2\/comments?post=10035"}],"wp:featuredmedia":[{"embeddable":true,"href":"https:\/\/positiveautism.org\/es\/wp-json\/wp\/v2\/media\/10036"}],"wp:attachment":[{"href":"https:\/\/positiveautism.org\/es\/wp-json\/wp\/v2\/media?parent=10035"}],"wp:term":[{"taxonomy":"product_brand","embeddable":true,"href":"https:\/\/positiveautism.org\/es\/wp-json\/wp\/v2\/product_brand?post=10035"},{"taxonomy":"product_cat","embeddable":true,"href":"https:\/\/positiveautism.org\/es\/wp-json\/wp\/v2\/product_cat?post=10035"},{"taxonomy":"product_tag","embeddable":true,"href":"https:\/\/positiveautism.org\/es\/wp-json\/wp\/v2\/product_tag?post=10035"}],"curies":[{"name":"wp","href":"https:\/\/api.w.org\/{rel}","templated":true}]}}