{"id":10033,"date":"2023-05-15T17:29:13","date_gmt":"2025-04-07T15:14:17","guid":{"rendered":"https:\/\/positiveautism.org\/product\/comentarios-y-preguntas-de-seguimiento-mostrando-empatia-y-aportando-mas-informacion-a-la-conversacion-hojas-de-trabajo-para-ensenar-habilidades-de-conversacion-a-ninos-autistas\/"},"modified":"2025-04-07T11:14:17","modified_gmt":"2025-04-07T15:14:17","slug":"comentarios-y-preguntas-de-seguimiento-mostrando-empatia-y-aportando-mas-informacion-a-la-conversacion-hojas-de-trabajo-para-ensenar-habilidades-de-conversacion-a-ninos-autistas","status":"publish","type":"product","link":"https:\/\/positiveautism.org\/es\/producto\/comentarios-y-preguntas-de-seguimiento-mostrando-empatia-y-aportando-mas-informacion-a-la-conversacion-hojas-de-trabajo-para-ensenar-habilidades-de-conversacion-a-ninos-autistas\/","title":{"rendered":"Comentarios y preguntas de seguimiento, mostrando empat\u00eda y aportando m\u00e1s informaci\u00f3n a la conversaci\u00f3n. (Hojas de trabajo para ense\u00f1ar habilidades de conversaci\u00f3n a ni\u00f1os autistas)"},"content":{"rendered":"","protected":false},"excerpt":{"rendered":"<p>Este material est\u00e1 dise\u00f1ado para ayudar a los ni\u00f1os autistas a desarrollar sus habilidades de conversaci\u00f3n. A trav\u00e9s del uso de la met\u00e1fora del juego de pelota, se explican los conceptos clave de la conversaci\u00f3n, como hacer comentarios y preguntas de seguimiento, mostrar empat\u00eda y agregar nueva informaci\u00f3n. En este proceso, se anima al ni\u00f1o a entender la conversaci\u00f3n como un intercambio rec\u00edproco de ideas y emociones.  <\/p>\n<p>Se proporciona una gu\u00eda detallada para padres y educadores sobre c\u00f3mo explicar y demostrar estos conceptos. Adem\u00e1s, se hace hincapi\u00e9 en la importancia de la empat\u00eda en la conversaci\u00f3n. Se anima a los ni\u00f1os a tratar de entender c\u00f3mo se siente la otra persona y a responder con compasi\u00f3n.  <\/p>\n<p>Este material tambi\u00e9n incluye actividades pr\u00e1cticas, como simular conversaciones y filmarlas para su posterior an\u00e1lisis. Se proporcionan ejemplos de conversaciones que los padres o educadores pueden utilizar como gu\u00eda. A trav\u00e9s de estas actividades, los ni\u00f1os pueden practicar y mejorar sus habilidades de conversaci\u00f3n en un entorno seguro y de apoyo.  <\/p>\n","protected":false},"featured_media":10034,"comment_status":"open","ping_status":"closed","template":"","meta":{"_acf_changed":false,"_monsterinsights_skip_tracking":false,"_monsterinsights_sitenote_active":false,"_monsterinsights_sitenote_note":"","_monsterinsights_sitenote_category":0},"product_brand":[],"product_cat":[838],"product_tag":[843,854,857,859],"class_list":{"0":"post-10033","1":"product","2":"type-product","3":"status-publish","4":"has-post-thumbnail","6":"product_cat-habilidades-de-conversacion","7":"product_tag-como-ensenar-habilidades-de-conversacion-a-personas-con-autismo","8":"product_tag-hojas-de-trabajo-para-ensenar-habilidades-de-conversacion-a-ninos-autistas","9":"product_tag-habilidades-de-conversacion","10":"product_tag-hojas-de-trabajo-para-practicar-la-conversacion-con-ninos-autistas","12":"first","13":"instock","14":"downloadable","15":"shipping-taxable","16":"purchasable","17":"product-type-simple"},"acf":[],"aioseo_notices":[],"jetpack_sharing_enabled":true,"_links":{"self":[{"href":"https:\/\/positiveautism.org\/es\/wp-json\/wp\/v2\/product\/10033","targetHints":{"allow":["GET"]}}],"collection":[{"href":"https:\/\/positiveautism.org\/es\/wp-json\/wp\/v2\/product"}],"about":[{"href":"https:\/\/positiveautism.org\/es\/wp-json\/wp\/v2\/types\/product"}],"replies":[{"embeddable":true,"href":"https:\/\/positiveautism.org\/es\/wp-json\/wp\/v2\/comments?post=10033"}],"wp:featuredmedia":[{"embeddable":true,"href":"https:\/\/positiveautism.org\/es\/wp-json\/wp\/v2\/media\/10034"}],"wp:attachment":[{"href":"https:\/\/positiveautism.org\/es\/wp-json\/wp\/v2\/media?parent=10033"}],"wp:term":[{"taxonomy":"product_brand","embeddable":true,"href":"https:\/\/positiveautism.org\/es\/wp-json\/wp\/v2\/product_brand?post=10033"},{"taxonomy":"product_cat","embeddable":true,"href":"https:\/\/positiveautism.org\/es\/wp-json\/wp\/v2\/product_cat?post=10033"},{"taxonomy":"product_tag","embeddable":true,"href":"https:\/\/positiveautism.org\/es\/wp-json\/wp\/v2\/product_tag?post=10033"}],"curies":[{"name":"wp","href":"https:\/\/api.w.org\/{rel}","templated":true}]}}