{"id":10031,"date":"2023-05-12T17:34:23","date_gmt":"2025-04-07T15:14:17","guid":{"rendered":"https:\/\/positiveautism.org\/product\/comentarios-y-preguntas-de-seguimiento-que-muestren-empatia-y-mantengan-la-conversacion-hojas-de-trabajo-para-ensenar-habilidades-de-conversacion-a-ninos-autistas\/"},"modified":"2025-04-07T11:14:17","modified_gmt":"2025-04-07T15:14:17","slug":"comentarios-y-preguntas-de-seguimiento-que-muestren-empatia-y-mantengan-la-conversacion-hojas-de-trabajo-para-ensenar-habilidades-de-conversacion-a-ninos-autistas","status":"publish","type":"product","link":"https:\/\/positiveautism.org\/es\/producto\/comentarios-y-preguntas-de-seguimiento-que-muestren-empatia-y-mantengan-la-conversacion-hojas-de-trabajo-para-ensenar-habilidades-de-conversacion-a-ninos-autistas\/","title":{"rendered":"Comentarios y preguntas de seguimiento que muestren empat\u00eda y mantengan la conversaci\u00f3n. (Hojas de trabajo para ense\u00f1ar habilidades de conversaci\u00f3n a ni\u00f1os autistas)"},"content":{"rendered":"<p>A trav\u00e9s de ejemplos y escenarios de pr\u00e1ctica, los ni\u00f1os aprenden a interpretar el tono de voz, las expresiones faciales y el lenguaje corporal, habilidades que son fundamentales para las interacciones sociales exitosas. Los ejercicios de juego de roles no solo brindan oportunidades para practicar estas habilidades, sino tambi\u00e9n para reflexionar sobre sus experiencias, ayud\u00e1ndolos a aumentar su autoconciencia y comprensi\u00f3n de los dem\u00e1s. <\/p>\n<p>El \u00e9nfasis de la hoja de trabajo en la empat\u00eda como un \u00absuperpoder\u00bb tambi\u00e9n sirve para empoderar a los ni\u00f1os, fomentando la confianza en sus habilidades para conectarse con los dem\u00e1s y navegar situaciones sociales. Este enfoque inclusivo e interactivo hace que el proceso de aprendizaje sea m\u00e1s atractivo y eficaz para los ni\u00f1os en el espectro autista. <\/p>\n","protected":false},"excerpt":{"rendered":"<p>Esta hoja de trabajo es una herramienta valiosa dise\u00f1ada espec\u00edficamente para ayudar a los ni\u00f1os en el espectro autista a desarrollar sus habilidades de conversaci\u00f3n. Introduce el concepto de empat\u00eda, un componente crucial de las conversaciones efectivas y significativas. El material proporciona instrucciones claras, escenarios identificables y ejercicios de juego de roles atractivos que tienen como objetivo facilitar la comprensi\u00f3n del ni\u00f1o sobre la empat\u00eda y su aplicaci\u00f3n pr\u00e1ctica en las interacciones diarias.  <\/p>\n<p>Uno de los principales desaf\u00edos que enfrentan los ni\u00f1os en el espectro autista es la dificultad para comprender y expresar emociones, y esta hoja de trabajo aborda eso alent\u00e1ndolos a explorar diferentes emociones y expresiones. Gu\u00eda a los ni\u00f1os en el reconocimiento de las emociones, tanto en s\u00ed mismos como en los dem\u00e1s, y en la respuesta emp\u00e1tica. <\/p>\n","protected":false},"featured_media":10032,"comment_status":"open","ping_status":"closed","template":"","meta":{"_acf_changed":false,"_monsterinsights_skip_tracking":false,"_monsterinsights_sitenote_active":false,"_monsterinsights_sitenote_note":"","_monsterinsights_sitenote_category":0},"product_brand":[],"product_cat":[838],"product_tag":[839,843,854,859],"class_list":{"0":"post-10031","1":"product","2":"type-product","3":"status-publish","4":"has-post-thumbnail","6":"product_cat-habilidades-de-conversacion","7":"product_tag-actividades-de-conversacion-para-ninos-con-autismo","8":"product_tag-como-ensenar-habilidades-de-conversacion-a-personas-con-autismo","9":"product_tag-hojas-de-trabajo-para-ensenar-habilidades-de-conversacion-a-ninos-autistas","10":"product_tag-hojas-de-trabajo-para-practicar-la-conversacion-con-ninos-autistas","12":"first","13":"instock","14":"downloadable","15":"shipping-taxable","16":"purchasable","17":"product-type-simple"},"acf":[],"aioseo_notices":[],"jetpack_sharing_enabled":true,"_links":{"self":[{"href":"https:\/\/positiveautism.org\/es\/wp-json\/wp\/v2\/product\/10031","targetHints":{"allow":["GET"]}}],"collection":[{"href":"https:\/\/positiveautism.org\/es\/wp-json\/wp\/v2\/product"}],"about":[{"href":"https:\/\/positiveautism.org\/es\/wp-json\/wp\/v2\/types\/product"}],"replies":[{"embeddable":true,"href":"https:\/\/positiveautism.org\/es\/wp-json\/wp\/v2\/comments?post=10031"}],"wp:featuredmedia":[{"embeddable":true,"href":"https:\/\/positiveautism.org\/es\/wp-json\/wp\/v2\/media\/10032"}],"wp:attachment":[{"href":"https:\/\/positiveautism.org\/es\/wp-json\/wp\/v2\/media?parent=10031"}],"wp:term":[{"taxonomy":"product_brand","embeddable":true,"href":"https:\/\/positiveautism.org\/es\/wp-json\/wp\/v2\/product_brand?post=10031"},{"taxonomy":"product_cat","embeddable":true,"href":"https:\/\/positiveautism.org\/es\/wp-json\/wp\/v2\/product_cat?post=10031"},{"taxonomy":"product_tag","embeddable":true,"href":"https:\/\/positiveautism.org\/es\/wp-json\/wp\/v2\/product_tag?post=10031"}],"curies":[{"name":"wp","href":"https:\/\/api.w.org\/{rel}","templated":true}]}}