{"id":10027,"date":"2023-05-11T11:15:44","date_gmt":"2025-04-07T15:14:16","guid":{"rendered":"https:\/\/positiveautism.org\/product\/un-breve-comentario-y-otro-comentario-de-seguimiento-para-mantener-la-conversacion-hojas-de-trabajo-para-ensenar-habilidades-de-conversacion-a-ninos-autistas\/"},"modified":"2025-04-07T11:14:16","modified_gmt":"2025-04-07T15:14:16","slug":"un-breve-comentario-y-otro-comentario-de-seguimiento-para-mantener-la-conversacion-hojas-de-trabajo-para-ensenar-habilidades-de-conversacion-a-ninos-autistas","status":"publish","type":"product","link":"https:\/\/positiveautism.org\/es\/producto\/un-breve-comentario-y-otro-comentario-de-seguimiento-para-mantener-la-conversacion-hojas-de-trabajo-para-ensenar-habilidades-de-conversacion-a-ninos-autistas\/","title":{"rendered":"Un breve comentario y otro comentario de seguimiento para mantener la conversaci\u00f3n. (Hojas de trabajo para ense\u00f1ar habilidades de conversaci\u00f3n a ni\u00f1os autistas)"},"content":{"rendered":"<p>El material incluye ejemplos pr\u00e1cticos de conversaciones entre dos ni\u00f1os, Juan y Ana, que demuestran c\u00f3mo funcionan estas respuestas en dos partes en situaciones de la vida real. Tambi\u00e9n proporciona un conjunto de escenarios de conversaci\u00f3n para practicar, invitando a los ni\u00f1os a responder a una variedad de afirmaciones con dos comentarios propios. <\/p>\n<p>Al final, anima a los ni\u00f1os a aplicar estas habilidades en sus interacciones cotidianas, promoviendo una experiencia de comunicaci\u00f3n m\u00e1s interactiva y agradable. Esta es una herramienta \u00fatil para mejorar las habilidades de conversaci\u00f3n de los ni\u00f1os con autismo, ayud\u00e1ndolos a expresarse y conectarse con los dem\u00e1s de manera m\u00e1s efectiva. <\/p>\n","protected":false},"excerpt":{"rendered":"<p>Este material educativo est\u00e1 dise\u00f1ado espec\u00edficamente para ayudar a los ni\u00f1os a desarrollar sus habilidades de conversaci\u00f3n. Introduce el concepto de \u00abcomentarios de seguimiento\u00bb, que son respuestas hechas despu\u00e9s de que alguien te haya dicho algo. Estos comentarios son cruciales para mantener una conversaci\u00f3n y mostrarle a la otra persona que sus palabras son valoradas.  <\/p>\n<p>El material anima a los ni\u00f1os no solo a responder directamente a lo que se ha dicho, sino tambi\u00e9n a agregar un comentario o pregunta adicional. Esto podr\u00eda ser compartir algo sobre ellos mismos o pedir m\u00e1s informaci\u00f3n, creando as\u00ed una conversaci\u00f3n din\u00e1mica y bidireccional. <\/p>\n","protected":false},"featured_media":10028,"comment_status":"open","ping_status":"closed","template":"","meta":{"_acf_changed":false,"_monsterinsights_skip_tracking":false,"_monsterinsights_sitenote_active":false,"_monsterinsights_sitenote_note":"","_monsterinsights_sitenote_category":0},"product_brand":[],"product_cat":[838],"product_tag":[854,1003],"class_list":{"0":"post-10027","1":"product","2":"type-product","3":"status-publish","4":"has-post-thumbnail","6":"product_cat-habilidades-de-conversacion","7":"product_tag-hojas-de-trabajo-para-ensenar-habilidades-de-conversacion-a-ninos-autistas","8":"product_tag-hojas-de-trabajo-para-practicar-la-conversacion-con-ninos-con-autismo","10":"first","11":"instock","12":"downloadable","13":"shipping-taxable","14":"purchasable","15":"product-type-simple"},"acf":[],"aioseo_notices":[],"jetpack_sharing_enabled":true,"_links":{"self":[{"href":"https:\/\/positiveautism.org\/es\/wp-json\/wp\/v2\/product\/10027","targetHints":{"allow":["GET"]}}],"collection":[{"href":"https:\/\/positiveautism.org\/es\/wp-json\/wp\/v2\/product"}],"about":[{"href":"https:\/\/positiveautism.org\/es\/wp-json\/wp\/v2\/types\/product"}],"replies":[{"embeddable":true,"href":"https:\/\/positiveautism.org\/es\/wp-json\/wp\/v2\/comments?post=10027"}],"wp:featuredmedia":[{"embeddable":true,"href":"https:\/\/positiveautism.org\/es\/wp-json\/wp\/v2\/media\/10028"}],"wp:attachment":[{"href":"https:\/\/positiveautism.org\/es\/wp-json\/wp\/v2\/media?parent=10027"}],"wp:term":[{"taxonomy":"product_brand","embeddable":true,"href":"https:\/\/positiveautism.org\/es\/wp-json\/wp\/v2\/product_brand?post=10027"},{"taxonomy":"product_cat","embeddable":true,"href":"https:\/\/positiveautism.org\/es\/wp-json\/wp\/v2\/product_cat?post=10027"},{"taxonomy":"product_tag","embeddable":true,"href":"https:\/\/positiveautism.org\/es\/wp-json\/wp\/v2\/product_tag?post=10027"}],"curies":[{"name":"wp","href":"https:\/\/api.w.org\/{rel}","templated":true}]}}