{"id":10025,"date":"2023-05-10T15:43:27","date_gmt":"2025-04-07T15:14:15","guid":{"rendered":"https:\/\/positiveautism.org\/product\/tener-una-conversacion-centrada-en-escuchar-a-los-demas-hojas-de-trabajo-para-ensenar-habilidades-de-conversacion-a-ninos-autistas\/"},"modified":"2025-04-07T11:14:15","modified_gmt":"2025-04-07T15:14:15","slug":"tener-una-conversacion-centrada-en-escuchar-a-los-demas-hojas-de-trabajo-para-ensenar-habilidades-de-conversacion-a-ninos-autistas","status":"publish","type":"product","link":"https:\/\/positiveautism.org\/es\/producto\/tener-una-conversacion-centrada-en-escuchar-a-los-demas-hojas-de-trabajo-para-ensenar-habilidades-de-conversacion-a-ninos-autistas\/","title":{"rendered":"Tener una conversaci\u00f3n centrada en escuchar a los dem\u00e1s. (Hojas de trabajo para ense\u00f1ar habilidades de conversaci\u00f3n a ni\u00f1os autistas)"},"content":{"rendered":"","protected":false},"excerpt":{"rendered":"<p>Este material est\u00e1 dise\u00f1ado para ayudar a los ni\u00f1os, a mejorar sus habilidades de conversaci\u00f3n centr\u00e1ndose en escuchar a los dem\u00e1s. Proporciona pasos claros y ejemplos para guiar a los ni\u00f1os sobre c\u00f3mo iniciar y mantener una conversaci\u00f3n. El material enfatiza la importancia de permitir que la otra persona elija el tema, haga preguntas sobre lo que dice y demuestre inter\u00e9s. Se incluye un ejemplo de conversaci\u00f3n entre dos ni\u00f1os para ilustrar estos principios en acci\u00f3n. Por \u00faltimo, una secci\u00f3n de pr\u00e1ctica anima a los ni\u00f1os a aplicar estas habilidades en conversaciones reales, con preguntas que les ayuden a reflexionar sobre sus experiencias y aprender de ellas. Esta pr\u00e1ctica permitir\u00e1 que los ni\u00f1os desarrollen confianza y se sientan m\u00e1s c\u00f3modos en las interacciones sociales.     <\/p>\n","protected":false},"featured_media":10026,"comment_status":"open","ping_status":"closed","template":"","meta":{"_acf_changed":false,"_monsterinsights_skip_tracking":false,"_monsterinsights_sitenote_active":false,"_monsterinsights_sitenote_note":"","_monsterinsights_sitenote_category":0},"product_brand":[],"product_cat":[838],"product_tag":[843,854,859,1003],"class_list":{"0":"post-10025","1":"product","2":"type-product","3":"status-publish","4":"has-post-thumbnail","6":"product_cat-habilidades-de-conversacion","7":"product_tag-como-ensenar-habilidades-de-conversacion-a-personas-con-autismo","8":"product_tag-hojas-de-trabajo-para-ensenar-habilidades-de-conversacion-a-ninos-autistas","9":"product_tag-hojas-de-trabajo-para-practicar-la-conversacion-con-ninos-autistas","10":"product_tag-hojas-de-trabajo-para-practicar-la-conversacion-con-ninos-con-autismo","12":"first","13":"instock","14":"downloadable","15":"shipping-taxable","16":"purchasable","17":"product-type-simple"},"acf":[],"aioseo_notices":[],"jetpack_sharing_enabled":true,"_links":{"self":[{"href":"https:\/\/positiveautism.org\/es\/wp-json\/wp\/v2\/product\/10025","targetHints":{"allow":["GET"]}}],"collection":[{"href":"https:\/\/positiveautism.org\/es\/wp-json\/wp\/v2\/product"}],"about":[{"href":"https:\/\/positiveautism.org\/es\/wp-json\/wp\/v2\/types\/product"}],"replies":[{"embeddable":true,"href":"https:\/\/positiveautism.org\/es\/wp-json\/wp\/v2\/comments?post=10025"}],"wp:featuredmedia":[{"embeddable":true,"href":"https:\/\/positiveautism.org\/es\/wp-json\/wp\/v2\/media\/10026"}],"wp:attachment":[{"href":"https:\/\/positiveautism.org\/es\/wp-json\/wp\/v2\/media?parent=10025"}],"wp:term":[{"taxonomy":"product_brand","embeddable":true,"href":"https:\/\/positiveautism.org\/es\/wp-json\/wp\/v2\/product_brand?post=10025"},{"taxonomy":"product_cat","embeddable":true,"href":"https:\/\/positiveautism.org\/es\/wp-json\/wp\/v2\/product_cat?post=10025"},{"taxonomy":"product_tag","embeddable":true,"href":"https:\/\/positiveautism.org\/es\/wp-json\/wp\/v2\/product_tag?post=10025"}],"curies":[{"name":"wp","href":"https:\/\/api.w.org\/{rel}","templated":true}]}}