{"id":10023,"date":"2023-05-10T12:33:18","date_gmt":"2025-04-07T15:14:15","guid":{"rendered":"https:\/\/positiveautism.org\/product\/el-juego-de-la-conversacion-preguntas-y-comentarios-de-seguimiento-y-comentarios-que-agregan-nueva-informacion-hojas-de-trabajo-para-ensenar-habilidades-de-conversacion-a-ninos-autistas\/"},"modified":"2025-04-07T11:14:15","modified_gmt":"2025-04-07T15:14:15","slug":"el-juego-de-la-conversacion-preguntas-y-comentarios-de-seguimiento-y-comentarios-que-agregan-nueva-informacion-hojas-de-trabajo-para-ensenar-habilidades-de-conversacion-a-ninos-autistas","status":"publish","type":"product","link":"https:\/\/positiveautism.org\/es\/producto\/el-juego-de-la-conversacion-preguntas-y-comentarios-de-seguimiento-y-comentarios-que-agregan-nueva-informacion-hojas-de-trabajo-para-ensenar-habilidades-de-conversacion-a-ninos-autistas\/","title":{"rendered":"El juego de la conversaci\u00f3n: preguntas y comentarios de seguimiento, y comentarios que agregan nueva informaci\u00f3n. (Hojas de trabajo para ense\u00f1ar habilidades de conversaci\u00f3n a ni\u00f1os autistas)"},"content":{"rendered":"<p>\u00abThe Conversation Ball\u00bb y \u00abThe Conversation Rally\u00bb son dos juegos incluidos en el material. Ambos juegos animan a los ni\u00f1os a practicar estas habilidades de conversaci\u00f3n en grupo, lo que hace que el proceso sea m\u00e1s din\u00e1mico y agradable. Los juegos promueven la participaci\u00f3n activa, la escucha atenta y las respuestas reflexivas, lo que contribuye a una mejor comprensi\u00f3n del flujo conversacional y la interacci\u00f3n social.  <\/p>\n<p>Adem\u00e1s, el material tambi\u00e9n incluye una secci\u00f3n de pr\u00e1ctica que muestra un ejemplo de una conversaci\u00f3n entre dos ni\u00f1os, invitando a los alumnos a identificar las instancias de comentarios de seguimiento, preguntas de seguimiento y comentarios que proporcionan nueva informaci\u00f3n.<\/p>\n<p>Todos estos componentes trabajan juntos para crear una experiencia de aprendizaje enriquecedora para los ni\u00f1os autistas, ayud\u00e1ndoles a comprender y participar en conversaciones de manera m\u00e1s efectiva.<\/p>\n","protected":false},"excerpt":{"rendered":"<p>Este material, titulado \u00abEl juego de la conversaci\u00f3n: preguntas y comentarios de seguimiento, y comentarios que agregan nueva informaci\u00f3n\u00bb, est\u00e1 dise\u00f1ado para ayudar a los ni\u00f1os con autismo a desarrollar y mejorar sus habilidades de conversaci\u00f3n. Su enfoque implica juegos y actividades que son divertidos, interactivos y educativos, lo que hace que el aprendizaje sea menos estresante y m\u00e1s atractivo para estos ni\u00f1os. <\/p>\n<p>En este material, el proceso de conversaci\u00f3n se compara con un juego de pelota, donde el acto de lanzar y atrapar la pelota refleja el intercambio de comentarios o preguntas entre los interlocutores. El objetivo principal es ense\u00f1ar a los ni\u00f1os a responder a los comentarios o preguntas con preguntas o comentarios de seguimiento, o con comentarios que aporten nueva informaci\u00f3n, todos los cuales son elementos cruciales para mantener una conversaci\u00f3n. <\/p>\n","protected":false},"featured_media":10024,"comment_status":"open","ping_status":"closed","template":"","meta":{"_acf_changed":false,"_monsterinsights_skip_tracking":false,"_monsterinsights_sitenote_active":false,"_monsterinsights_sitenote_note":"","_monsterinsights_sitenote_category":0},"product_brand":[],"product_cat":[838],"product_tag":[839,841,854,859],"class_list":{"0":"post-10023","1":"product","2":"type-product","3":"status-publish","4":"has-post-thumbnail","6":"product_cat-habilidades-de-conversacion","7":"product_tag-actividades-de-conversacion-para-ninos-con-autismo","8":"product_tag-actividades-de-conversacion-para-ninos-autistas","9":"product_tag-hojas-de-trabajo-para-ensenar-habilidades-de-conversacion-a-ninos-autistas","10":"product_tag-hojas-de-trabajo-para-practicar-la-conversacion-con-ninos-autistas","12":"first","13":"instock","14":"downloadable","15":"shipping-taxable","16":"purchasable","17":"product-type-simple"},"acf":[],"aioseo_notices":[],"jetpack_sharing_enabled":true,"_links":{"self":[{"href":"https:\/\/positiveautism.org\/es\/wp-json\/wp\/v2\/product\/10023","targetHints":{"allow":["GET"]}}],"collection":[{"href":"https:\/\/positiveautism.org\/es\/wp-json\/wp\/v2\/product"}],"about":[{"href":"https:\/\/positiveautism.org\/es\/wp-json\/wp\/v2\/types\/product"}],"replies":[{"embeddable":true,"href":"https:\/\/positiveautism.org\/es\/wp-json\/wp\/v2\/comments?post=10023"}],"wp:featuredmedia":[{"embeddable":true,"href":"https:\/\/positiveautism.org\/es\/wp-json\/wp\/v2\/media\/10024"}],"wp:attachment":[{"href":"https:\/\/positiveautism.org\/es\/wp-json\/wp\/v2\/media?parent=10023"}],"wp:term":[{"taxonomy":"product_brand","embeddable":true,"href":"https:\/\/positiveautism.org\/es\/wp-json\/wp\/v2\/product_brand?post=10023"},{"taxonomy":"product_cat","embeddable":true,"href":"https:\/\/positiveautism.org\/es\/wp-json\/wp\/v2\/product_cat?post=10023"},{"taxonomy":"product_tag","embeddable":true,"href":"https:\/\/positiveautism.org\/es\/wp-json\/wp\/v2\/product_tag?post=10023"}],"curies":[{"name":"wp","href":"https:\/\/api.w.org\/{rel}","templated":true}]}}