{"id":10021,"date":"2023-05-09T19:48:09","date_gmt":"2025-04-07T15:14:14","guid":{"rendered":"https:\/\/positiveautism.org\/product\/hable-sobre-intereses-comunes-con-otra-persona-hojas-de-trabajo-para-ensenar-habilidades-de-conversacion-a-ninos-autistas\/"},"modified":"2025-04-07T11:14:14","modified_gmt":"2025-04-07T15:14:14","slug":"hable-sobre-intereses-comunes-con-otra-persona-hojas-de-trabajo-para-ensenar-habilidades-de-conversacion-a-ninos-autistas","status":"publish","type":"product","link":"https:\/\/positiveautism.org\/es\/producto\/hable-sobre-intereses-comunes-con-otra-persona-hojas-de-trabajo-para-ensenar-habilidades-de-conversacion-a-ninos-autistas\/","title":{"rendered":"Hable sobre intereses comunes con otra persona. (Hojas de trabajo para ense\u00f1ar habilidades de conversaci\u00f3n a ni\u00f1os autistas)"},"content":{"rendered":"","protected":false},"excerpt":{"rendered":"<p>Este material es una herramienta valiosa para ayudar a los ni\u00f1os con autismo a mejorar sus habilidades de conversaci\u00f3n. El enfoque est\u00e1 en hablar de intereses comunes, es decir, cosas que tanto a ti como a la otra persona les gustan o disfrutan. <\/p>\n<p>Tambi\u00e9n proporciona un ejemplo de una conversaci\u00f3n que refleja c\u00f3mo se pueden discutir los intereses comunes. Es un recordatorio de que las conversaciones son una forma de fortalecer las relaciones y crear experiencias divertidas y compartidas. <\/p>\n<p>Adem\u00e1s, este material ofrece pr\u00e1ctica para ayudarte a mejorar tus habilidades de conversaci\u00f3n. Te desaf\u00eda a pensar en preguntas relacionadas con los intereses que puedes hacer a las personas en tu vida y proporciona pautas sobre c\u00f3mo iniciar una conversaci\u00f3n, c\u00f3mo encontrar el momento adecuado para hablar, c\u00f3mo turnarse para hablar y escuchar, c\u00f3mo usar un tono de voz apropiado y qu\u00e9 hacer si la otra persona parece aburrida. <\/p>\n<p>Este material es una gu\u00eda pr\u00e1ctica y accesible que puede hacer que la tarea de iniciar y mantener conversaciones sea menos intimidante y m\u00e1s manejable para los ni\u00f1os.<\/p>\n","protected":false},"featured_media":10022,"comment_status":"open","ping_status":"closed","template":"","meta":{"_acf_changed":false,"_monsterinsights_skip_tracking":false,"_monsterinsights_sitenote_active":false,"_monsterinsights_sitenote_note":"","_monsterinsights_sitenote_category":0},"product_brand":[],"product_cat":[838],"product_tag":[839,854,859,1011],"class_list":{"0":"post-10021","1":"product","2":"type-product","3":"status-publish","4":"has-post-thumbnail","6":"product_cat-habilidades-de-conversacion","7":"product_tag-actividades-de-conversacion-para-ninos-con-autismo","8":"product_tag-hojas-de-trabajo-para-ensenar-habilidades-de-conversacion-a-ninos-autistas","9":"product_tag-hojas-de-trabajo-para-practicar-la-conversacion-con-ninos-autistas","10":"product_tag-autismo","12":"first","13":"instock","14":"downloadable","15":"shipping-taxable","16":"purchasable","17":"product-type-simple"},"acf":[],"aioseo_notices":[],"jetpack_sharing_enabled":true,"_links":{"self":[{"href":"https:\/\/positiveautism.org\/es\/wp-json\/wp\/v2\/product\/10021","targetHints":{"allow":["GET"]}}],"collection":[{"href":"https:\/\/positiveautism.org\/es\/wp-json\/wp\/v2\/product"}],"about":[{"href":"https:\/\/positiveautism.org\/es\/wp-json\/wp\/v2\/types\/product"}],"replies":[{"embeddable":true,"href":"https:\/\/positiveautism.org\/es\/wp-json\/wp\/v2\/comments?post=10021"}],"wp:featuredmedia":[{"embeddable":true,"href":"https:\/\/positiveautism.org\/es\/wp-json\/wp\/v2\/media\/10022"}],"wp:attachment":[{"href":"https:\/\/positiveautism.org\/es\/wp-json\/wp\/v2\/media?parent=10021"}],"wp:term":[{"taxonomy":"product_brand","embeddable":true,"href":"https:\/\/positiveautism.org\/es\/wp-json\/wp\/v2\/product_brand?post=10021"},{"taxonomy":"product_cat","embeddable":true,"href":"https:\/\/positiveautism.org\/es\/wp-json\/wp\/v2\/product_cat?post=10021"},{"taxonomy":"product_tag","embeddable":true,"href":"https:\/\/positiveautism.org\/es\/wp-json\/wp\/v2\/product_tag?post=10021"}],"curies":[{"name":"wp","href":"https:\/\/api.w.org\/{rel}","templated":true}]}}