{"id":10019,"date":"2023-05-09T12:17:00","date_gmt":"2025-04-07T15:14:10","guid":{"rendered":"https:\/\/positiveautism.org\/product\/desarrollar-habilidades-de-conversacion-con-preguntas-y-comentarios-de-seguimiento-hojas-de-trabajo-para-ensenar-habilidades-de-conversacion-a-ninos-autistas\/"},"modified":"2025-04-07T11:14:10","modified_gmt":"2025-04-07T15:14:10","slug":"desarrollar-habilidades-de-conversacion-con-preguntas-y-comentarios-de-seguimiento-hojas-de-trabajo-para-ensenar-habilidades-de-conversacion-a-ninos-autistas","status":"publish","type":"product","link":"https:\/\/positiveautism.org\/es\/producto\/desarrollar-habilidades-de-conversacion-con-preguntas-y-comentarios-de-seguimiento-hojas-de-trabajo-para-ensenar-habilidades-de-conversacion-a-ninos-autistas\/","title":{"rendered":"Desarrollar habilidades de conversaci\u00f3n con preguntas y comentarios de seguimiento. (Hojas de trabajo para ense\u00f1ar habilidades de conversaci\u00f3n a ni\u00f1os autistas)"},"content":{"rendered":"","protected":false},"excerpt":{"rendered":"<p>Este material did\u00e1ctico est\u00e1 dise\u00f1ado para ayudar a los ni\u00f1os autistas a desarrollar habilidades de conversaci\u00f3n, centr\u00e1ndose espec\u00edficamente en el uso de preguntas y comentarios de seguimiento. El material explica la importancia de estas herramientas para crear conversaciones atractivas y agradables, y proporciona ejemplos concretos de su uso. <\/p>\n<p>El material tambi\u00e9n incluye una actividad para que los educadores o los padres practiquen estas habilidades con los ni\u00f1os. La actividad fomenta m\u00faltiples rondas de pr\u00e1ctica de conversaci\u00f3n con diferentes temas, brindando oportunidades para la retroalimentaci\u00f3n y la discusi\u00f3n sobre la mejora y los desaf\u00edos del ni\u00f1o. Este valioso recurso puede ayudar a los ni\u00f1os con autismo a comprender mejor la din\u00e1mica de la conversaci\u00f3n y practicar estas habilidades en un entorno controlado y seguro.  <\/p>\n","protected":false},"featured_media":10020,"comment_status":"open","ping_status":"closed","template":"","meta":{"_acf_changed":false,"_monsterinsights_skip_tracking":false,"_monsterinsights_sitenote_active":false,"_monsterinsights_sitenote_note":"","_monsterinsights_sitenote_category":0},"product_brand":[],"product_cat":[838],"product_tag":[839,854,859,1011],"class_list":{"0":"post-10019","1":"product","2":"type-product","3":"status-publish","4":"has-post-thumbnail","6":"product_cat-habilidades-de-conversacion","7":"product_tag-actividades-de-conversacion-para-ninos-con-autismo","8":"product_tag-hojas-de-trabajo-para-ensenar-habilidades-de-conversacion-a-ninos-autistas","9":"product_tag-hojas-de-trabajo-para-practicar-la-conversacion-con-ninos-autistas","10":"product_tag-autismo","12":"first","13":"instock","14":"downloadable","15":"shipping-taxable","16":"purchasable","17":"product-type-simple"},"acf":[],"aioseo_notices":[],"jetpack_sharing_enabled":true,"_links":{"self":[{"href":"https:\/\/positiveautism.org\/es\/wp-json\/wp\/v2\/product\/10019","targetHints":{"allow":["GET"]}}],"collection":[{"href":"https:\/\/positiveautism.org\/es\/wp-json\/wp\/v2\/product"}],"about":[{"href":"https:\/\/positiveautism.org\/es\/wp-json\/wp\/v2\/types\/product"}],"replies":[{"embeddable":true,"href":"https:\/\/positiveautism.org\/es\/wp-json\/wp\/v2\/comments?post=10019"}],"wp:featuredmedia":[{"embeddable":true,"href":"https:\/\/positiveautism.org\/es\/wp-json\/wp\/v2\/media\/10020"}],"wp:attachment":[{"href":"https:\/\/positiveautism.org\/es\/wp-json\/wp\/v2\/media?parent=10019"}],"wp:term":[{"taxonomy":"product_brand","embeddable":true,"href":"https:\/\/positiveautism.org\/es\/wp-json\/wp\/v2\/product_brand?post=10019"},{"taxonomy":"product_cat","embeddable":true,"href":"https:\/\/positiveautism.org\/es\/wp-json\/wp\/v2\/product_cat?post=10019"},{"taxonomy":"product_tag","embeddable":true,"href":"https:\/\/positiveautism.org\/es\/wp-json\/wp\/v2\/product_tag?post=10019"}],"curies":[{"name":"wp","href":"https:\/\/api.w.org\/{rel}","templated":true}]}}