{"id":10017,"date":"2023-05-04T11:13:41","date_gmt":"2025-04-07T15:14:10","guid":{"rendered":"https:\/\/positiveautism.org\/product\/hable-con-otras-personas-sobre-actividades-recientes-hojas-de-trabajo-para-ensenar-habilidades-de-conversacion-a-ninos-autistas\/"},"modified":"2025-04-07T11:14:10","modified_gmt":"2025-04-07T15:14:10","slug":"hable-con-otras-personas-sobre-actividades-recientes-hojas-de-trabajo-para-ensenar-habilidades-de-conversacion-a-ninos-autistas","status":"publish","type":"product","link":"https:\/\/positiveautism.org\/es\/producto\/hable-con-otras-personas-sobre-actividades-recientes-hojas-de-trabajo-para-ensenar-habilidades-de-conversacion-a-ninos-autistas\/","title":{"rendered":"Hable con otras personas sobre actividades recientes (Hojas de trabajo para ense\u00f1ar habilidades de conversaci\u00f3n a ni\u00f1os autistas)"},"content":{"rendered":"","protected":false},"excerpt":{"rendered":"<p>Este material est\u00e1 dise\u00f1ado para ayudar a los ni\u00f1os autistas a desarrollar habilidades de conversaci\u00f3n y comunicaci\u00f3n. La actividad principal consiste en hablar con otras personas sobre actividades recientes, lo que les permite descubrir los intereses de la persona con la que est\u00e1n hablando. El material proporciona consejos y recordatorios importantes que se deben tener en cuenta al conversar, como saludar a la otra persona por su nombre, prestar atenci\u00f3n a lo que dice, responder preguntas y turnarse para hablar y escuchar. Tambi\u00e9n ofrece sugerencias sobre c\u00f3mo cambiar de tema y c\u00f3mo terminar adecuadamente una conversaci\u00f3n. Adem\u00e1s, hay actividades para practicar lo que se est\u00e1 aprendiendo.    <\/p>\n","protected":false},"featured_media":10018,"comment_status":"open","ping_status":"closed","template":"","meta":{"_acf_changed":false,"_monsterinsights_skip_tracking":false,"_monsterinsights_sitenote_active":false,"_monsterinsights_sitenote_note":"","_monsterinsights_sitenote_category":0},"product_brand":[],"product_cat":[838],"product_tag":[839,841,842,843,857,858,859,1003,1011],"class_list":{"0":"post-10017","1":"product","2":"type-product","3":"status-publish","4":"has-post-thumbnail","6":"product_cat-habilidades-de-conversacion","7":"product_tag-actividades-de-conversacion-para-ninos-con-autismo","8":"product_tag-actividades-de-conversacion-para-ninos-autistas","9":"product_tag-como-ensenar-habilidades-de-conversacion-a-personas-autistas","10":"product_tag-como-ensenar-habilidades-de-conversacion-a-personas-con-autismo","11":"product_tag-habilidades-de-conversacion","12":"product_tag-actividades-de-conversacion","13":"product_tag-hojas-de-trabajo-para-practicar-la-conversacion-con-ninos-autistas","14":"product_tag-hojas-de-trabajo-para-practicar-la-conversacion-con-ninos-con-autismo","15":"product_tag-autismo","17":"first","18":"instock","19":"downloadable","20":"shipping-taxable","21":"purchasable","22":"product-type-simple"},"acf":[],"aioseo_notices":[],"jetpack_sharing_enabled":true,"_links":{"self":[{"href":"https:\/\/positiveautism.org\/es\/wp-json\/wp\/v2\/product\/10017","targetHints":{"allow":["GET"]}}],"collection":[{"href":"https:\/\/positiveautism.org\/es\/wp-json\/wp\/v2\/product"}],"about":[{"href":"https:\/\/positiveautism.org\/es\/wp-json\/wp\/v2\/types\/product"}],"replies":[{"embeddable":true,"href":"https:\/\/positiveautism.org\/es\/wp-json\/wp\/v2\/comments?post=10017"}],"wp:featuredmedia":[{"embeddable":true,"href":"https:\/\/positiveautism.org\/es\/wp-json\/wp\/v2\/media\/10018"}],"wp:attachment":[{"href":"https:\/\/positiveautism.org\/es\/wp-json\/wp\/v2\/media?parent=10017"}],"wp:term":[{"taxonomy":"product_brand","embeddable":true,"href":"https:\/\/positiveautism.org\/es\/wp-json\/wp\/v2\/product_brand?post=10017"},{"taxonomy":"product_cat","embeddable":true,"href":"https:\/\/positiveautism.org\/es\/wp-json\/wp\/v2\/product_cat?post=10017"},{"taxonomy":"product_tag","embeddable":true,"href":"https:\/\/positiveautism.org\/es\/wp-json\/wp\/v2\/product_tag?post=10017"}],"curies":[{"name":"wp","href":"https:\/\/api.w.org\/{rel}","templated":true}]}}