{"id":10015,"date":"2023-05-08T15:31:42","date_gmt":"2025-04-07T15:14:09","guid":{"rendered":"https:\/\/positiveautism.org\/product\/conversacion-con-un-amigo-sobre-algo-que-tu-amigo-esta-haciendo-en-el-momento-en-que-te-acercas-a-el-hojas-de-trabajo-para-ensenar-habilidades-de-conversacion-a-ninos-autistas\/"},"modified":"2025-04-07T11:14:09","modified_gmt":"2025-04-07T15:14:09","slug":"conversacion-con-un-amigo-sobre-algo-que-tu-amigo-esta-haciendo-en-el-momento-en-que-te-acercas-a-el-hojas-de-trabajo-para-ensenar-habilidades-de-conversacion-a-ninos-autistas","status":"publish","type":"product","link":"https:\/\/positiveautism.org\/es\/producto\/conversacion-con-un-amigo-sobre-algo-que-tu-amigo-esta-haciendo-en-el-momento-en-que-te-acercas-a-el-hojas-de-trabajo-para-ensenar-habilidades-de-conversacion-a-ninos-autistas\/","title":{"rendered":"Conversaci\u00f3n con un amigo sobre algo que tu amigo est\u00e1 haciendo en el momento en que te acercas a \u00e9l. (Hojas de trabajo para ense\u00f1ar habilidades de conversaci\u00f3n a ni\u00f1os autistas)"},"content":{"rendered":"","protected":false},"excerpt":{"rendered":"<p>Este material educativo est\u00e1 dise\u00f1ado para ayudar a los ni\u00f1os con autismo a desarrollar habilidades de conversaci\u00f3n, espec\u00edficamente enfocadas en c\u00f3mo abordar e iniciar una conversaci\u00f3n con un amigo que est\u00e1 ocupado con una actividad. El material presenta consejos \u00fatiles y ejemplos concretos de c\u00f3mo saludar a un amigo, observar e identificar lo que est\u00e1 haciendo el amigo, y c\u00f3mo iniciar una conversaci\u00f3n basada en esa actividad. Tambi\u00e9n se centra en c\u00f3mo hacer preguntas abiertas que permitan una mayor interacci\u00f3n y compartir informaci\u00f3n, y en la importancia de escuchar atentamente y responder adecuadamente. Las actividades incluyen juegos de rol, ejercicios de emparejamiento y gu\u00edas de di\u00e1logo, todos dise\u00f1ados para mejorar la reciprocidad verbal, la comprensi\u00f3n de las se\u00f1ales sociales y la empat\u00eda. Este material es un recurso valioso que puede ayudar a los ni\u00f1os con autismo a comprender mejor la din\u00e1mica de la conversaci\u00f3n y practicar estas habilidades en un entorno controlado y seguro.    <\/p>\n","protected":false},"featured_media":10016,"comment_status":"open","ping_status":"closed","template":"","meta":{"_acf_changed":false,"_monsterinsights_skip_tracking":false,"_monsterinsights_sitenote_active":false,"_monsterinsights_sitenote_note":"","_monsterinsights_sitenote_category":0},"product_brand":[],"product_cat":[838],"product_tag":[841,843,858,859,1011,1019],"class_list":{"0":"post-10015","1":"product","2":"type-product","3":"status-publish","4":"has-post-thumbnail","6":"product_cat-habilidades-de-conversacion","7":"product_tag-actividades-de-conversacion-para-ninos-autistas","8":"product_tag-como-ensenar-habilidades-de-conversacion-a-personas-con-autismo","9":"product_tag-actividades-de-conversacion","10":"product_tag-hojas-de-trabajo-para-practicar-la-conversacion-con-ninos-autistas","11":"product_tag-autismo","12":"product_tag-conversacion-con-un-amigo","14":"first","15":"instock","16":"downloadable","17":"shipping-taxable","18":"purchasable","19":"product-type-simple"},"acf":[],"aioseo_notices":[],"jetpack_sharing_enabled":true,"_links":{"self":[{"href":"https:\/\/positiveautism.org\/es\/wp-json\/wp\/v2\/product\/10015","targetHints":{"allow":["GET"]}}],"collection":[{"href":"https:\/\/positiveautism.org\/es\/wp-json\/wp\/v2\/product"}],"about":[{"href":"https:\/\/positiveautism.org\/es\/wp-json\/wp\/v2\/types\/product"}],"replies":[{"embeddable":true,"href":"https:\/\/positiveautism.org\/es\/wp-json\/wp\/v2\/comments?post=10015"}],"wp:featuredmedia":[{"embeddable":true,"href":"https:\/\/positiveautism.org\/es\/wp-json\/wp\/v2\/media\/10016"}],"wp:attachment":[{"href":"https:\/\/positiveautism.org\/es\/wp-json\/wp\/v2\/media?parent=10015"}],"wp:term":[{"taxonomy":"product_brand","embeddable":true,"href":"https:\/\/positiveautism.org\/es\/wp-json\/wp\/v2\/product_brand?post=10015"},{"taxonomy":"product_cat","embeddable":true,"href":"https:\/\/positiveautism.org\/es\/wp-json\/wp\/v2\/product_cat?post=10015"},{"taxonomy":"product_tag","embeddable":true,"href":"https:\/\/positiveautism.org\/es\/wp-json\/wp\/v2\/product_tag?post=10015"}],"curies":[{"name":"wp","href":"https:\/\/api.w.org\/{rel}","templated":true}]}}