{"id":10014,"date":"2023-05-03T09:57:28","date_gmt":"2025-04-07T15:14:09","guid":{"rendered":"https:\/\/positiveautism.org\/product\/experimentemos-lo-que-sienten-muchas-personas-autistas-actividad\/"},"modified":"2025-04-07T11:14:09","modified_gmt":"2025-04-07T15:14:09","slug":"experimentemos-lo-que-sienten-muchas-personas-autistas-actividad","status":"publish","type":"product","link":"https:\/\/positiveautism.org\/es\/producto\/experimentemos-lo-que-sienten-muchas-personas-autistas-actividad\/","title":{"rendered":"Experimentemos lo que sienten muchas personas autistas (Actividad)"},"content":{"rendered":"","protected":false},"excerpt":{"rendered":"<p>La actividad \u00abExperimentemos lo que sienten muchas personas autistas\u00bb tiene como objetivo ayudar a los ni\u00f1os a comprender y empatizar con las situaciones y sensaciones a las que se enfrentan los ni\u00f1os autistas. Mediante el uso de auriculares, anteojos y guantes especiales, los ni\u00f1os experimentar\u00e1n de primera mano algunas de las dificultades sensoriales que las personas autistas pueden encontrar. Al participar en diversas actividades grupales, como tener conversaciones, armar rompecabezas y jugar juegos de mesa, los ni\u00f1os aprender\u00e1n a enfrentar desaf\u00edos similares a los de sus compa\u00f1eros autistas. A trav\u00e9s de la discusi\u00f3n y el intercambio de experiencias, el objetivo es fomentar la comprensi\u00f3n, la empat\u00eda y la inclusi\u00f3n en el entorno escolar, promoviendo un ambiente m\u00e1s solidario y consciente de las necesidades de todos los estudiantes.   <\/p>\n","protected":false},"featured_media":5215,"comment_status":"open","ping_status":"closed","template":"","meta":{"_acf_changed":false,"_monsterinsights_skip_tracking":false,"_monsterinsights_sitenote_active":false,"_monsterinsights_sitenote_note":"","_monsterinsights_sitenote_category":0},"product_brand":[],"product_cat":[738],"product_tag":[860,1011,1015,1017,1018],"class_list":{"0":"post-10014","1":"product","2":"type-product","3":"status-publish","4":"has-post-thumbnail","6":"product_cat-conciencia","7":"product_tag-concientizacion-sobre-el-autismo","8":"product_tag-autismo","9":"product_tag-conciencia","10":"product_tag-aceptacion-del-autismo","11":"product_tag-experimenta-lo-que-sienten-muchas-personas-autistas","13":"first","14":"instock","15":"downloadable","16":"shipping-taxable","17":"purchasable","18":"product-type-simple"},"acf":[],"aioseo_notices":[],"jetpack_sharing_enabled":true,"_links":{"self":[{"href":"https:\/\/positiveautism.org\/es\/wp-json\/wp\/v2\/product\/10014","targetHints":{"allow":["GET"]}}],"collection":[{"href":"https:\/\/positiveautism.org\/es\/wp-json\/wp\/v2\/product"}],"about":[{"href":"https:\/\/positiveautism.org\/es\/wp-json\/wp\/v2\/types\/product"}],"replies":[{"embeddable":true,"href":"https:\/\/positiveautism.org\/es\/wp-json\/wp\/v2\/comments?post=10014"}],"wp:featuredmedia":[{"embeddable":true,"href":"https:\/\/positiveautism.org\/es\/wp-json\/wp\/v2\/media\/5215"}],"wp:attachment":[{"href":"https:\/\/positiveautism.org\/es\/wp-json\/wp\/v2\/media?parent=10014"}],"wp:term":[{"taxonomy":"product_brand","embeddable":true,"href":"https:\/\/positiveautism.org\/es\/wp-json\/wp\/v2\/product_brand?post=10014"},{"taxonomy":"product_cat","embeddable":true,"href":"https:\/\/positiveautism.org\/es\/wp-json\/wp\/v2\/product_cat?post=10014"},{"taxonomy":"product_tag","embeddable":true,"href":"https:\/\/positiveautism.org\/es\/wp-json\/wp\/v2\/product_tag?post=10014"}],"curies":[{"name":"wp","href":"https:\/\/api.w.org\/{rel}","templated":true}]}}