{"id":10010,"date":"2023-04-28T18:06:41","date_gmt":"2025-04-07T15:14:09","guid":{"rendered":"https:\/\/positiveautism.org\/product\/material-educativo-sobre-autismo-para-colegios\/"},"modified":"2025-04-07T11:14:09","modified_gmt":"2025-04-07T15:14:09","slug":"material-educativo-sobre-autismo-para-colegios","status":"publish","type":"product","link":"https:\/\/positiveautism.org\/es\/producto\/material-educativo-sobre-autismo-para-colegios\/","title":{"rendered":"Material educativo sobre autismo para colegios"},"content":{"rendered":"<p>\u00ab<strong>Promoci\u00f3n de la integraci\u00f3n<\/strong>\u00bb abarca temas clave, tales como:<\/p>\n<ul>\n<li>C\u00f3mo reconocer a un ni\u00f1o autista<\/li>\n<li>Contacto visual y diferencias individuales<\/li>\n<li>Gestionar el contacto f\u00edsico y las preferencias personales<\/li>\n<li>Comprender las sensibilidades sensoriales de los ni\u00f1os autistas<\/li>\n<li>Razones detr\u00e1s de la necesidad de soledad a veces<\/li>\n<li>La importancia de los horarios y las rutinas en la vida de los ni\u00f1os autistas<\/li>\n<li>Manejar las rabietas y las conductas autolesivas<\/li>\n<li>Dificultades para comprender y usar los pronombres personales<\/li>\n<li>Percepci\u00f3n de la empat\u00eda en ni\u00f1os autistas<\/li>\n<li>Comprender los dobles sentidos y los juegos de rol<\/li>\n<li>Diferencias entre los ni\u00f1os autistas y c\u00f3mo abordarlas<\/li>\n<li>Personas famosas y exitosas en el espectro autista<\/li>\n<li>Sugerencias para fomentar la inclusi\u00f3n y la amistad con ni\u00f1os autistas<\/li>\n<li>Ejemplos pr\u00e1cticos para facilitar la socializaci\u00f3n y el juego en la escuela<\/li>\n<li>La importancia de unirse a los intereses especiales de los ni\u00f1os autistas para mejorar las relaciones y el desarrollo.<\/li>\n<\/ul>\n<p>Este recurso es una herramienta esencial para cualquier escuela que busque promover la inclusi\u00f3n y la comprensi\u00f3n del autismo entre sus estudiantes y maestros. No solo ayudar\u00e1 a crear un ambiente escolar m\u00e1s compasivo, sino que tambi\u00e9n proporcionar\u00e1 a los educadores y estudiantes las herramientas necesarias para establecer relaciones s\u00f3lidas y significativas con sus compa\u00f1eros autistas. Descargue \u00ab<strong>Promoviendo la integraci\u00f3n<\/strong>\u00bb hoy y d\u00e9 el primer paso hacia un entorno escolar m\u00e1s inclusivo y comprensivo.  <\/p>\n","protected":false},"excerpt":{"rendered":"<p>\u00ab<strong>Promoviendo la integraci\u00f3n:<\/strong> c\u00f3mo abordar el autismo en el entorno escolar\u00bb, un recurso educativo integral en formato PDF, disponible para descarga en l\u00ednea y accesible para todas las escuelas. Esta gu\u00eda est\u00e1 dise\u00f1ada para ayudar a los educadores y estudiantes a comprender mejor a sus compa\u00f1eros autistas y promover un entorno inclusivo y respetuoso en el aula. <\/p>\n","protected":false},"featured_media":5106,"comment_status":"open","ping_status":"closed","template":"","meta":{"_acf_changed":false,"_monsterinsights_skip_tracking":false,"_monsterinsights_sitenote_active":false,"_monsterinsights_sitenote_note":"","_monsterinsights_sitenote_category":0},"product_brand":[],"product_cat":[738],"product_tag":[860,950,1011,1015,1017],"class_list":{"0":"post-10010","1":"product","2":"type-product","3":"status-publish","4":"has-post-thumbnail","6":"product_cat-conciencia","7":"product_tag-concientizacion-sobre-el-autismo","8":"product_tag-material-educativo-sobre-autismo-para-colegios","9":"product_tag-autismo","10":"product_tag-conciencia","11":"product_tag-aceptacion-del-autismo","13":"first","14":"instock","15":"downloadable","16":"shipping-taxable","17":"purchasable","18":"product-type-simple"},"acf":[],"aioseo_notices":[],"jetpack_sharing_enabled":true,"_links":{"self":[{"href":"https:\/\/positiveautism.org\/es\/wp-json\/wp\/v2\/product\/10010","targetHints":{"allow":["GET"]}}],"collection":[{"href":"https:\/\/positiveautism.org\/es\/wp-json\/wp\/v2\/product"}],"about":[{"href":"https:\/\/positiveautism.org\/es\/wp-json\/wp\/v2\/types\/product"}],"replies":[{"embeddable":true,"href":"https:\/\/positiveautism.org\/es\/wp-json\/wp\/v2\/comments?post=10010"}],"wp:featuredmedia":[{"embeddable":true,"href":"https:\/\/positiveautism.org\/es\/wp-json\/wp\/v2\/media\/5106"}],"wp:attachment":[{"href":"https:\/\/positiveautism.org\/es\/wp-json\/wp\/v2\/media?parent=10010"}],"wp:term":[{"taxonomy":"product_brand","embeddable":true,"href":"https:\/\/positiveautism.org\/es\/wp-json\/wp\/v2\/product_brand?post=10010"},{"taxonomy":"product_cat","embeddable":true,"href":"https:\/\/positiveautism.org\/es\/wp-json\/wp\/v2\/product_cat?post=10010"},{"taxonomy":"product_tag","embeddable":true,"href":"https:\/\/positiveautism.org\/es\/wp-json\/wp\/v2\/product_tag?post=10010"}],"curies":[{"name":"wp","href":"https:\/\/api.w.org\/{rel}","templated":true}]}}