{"id":10009,"date":"2023-05-05T11:46:16","date_gmt":"2025-04-07T15:14:09","guid":{"rendered":"https:\/\/positiveautism.org\/product\/como-unirse-a-un-grupo-de-amigos-que-ya-estan-hablando-hojas-de-trabajo-para-ensenar-habilidades-de-conversacion-a-ninos-autistas-2\/"},"modified":"2025-04-07T11:14:09","modified_gmt":"2025-04-07T15:14:09","slug":"como-unirse-a-un-grupo-de-amigos-que-ya-estan-hablando-hojas-de-trabajo-para-ensenar-habilidades-de-conversacion-a-ninos-autistas-2","status":"publish","type":"product","link":"https:\/\/positiveautism.org\/es\/producto\/como-unirse-a-un-grupo-de-amigos-que-ya-estan-hablando-hojas-de-trabajo-para-ensenar-habilidades-de-conversacion-a-ninos-autistas-2\/","title":{"rendered":"C\u00f3mo unirse a un grupo de amigos que ya est\u00e1n hablando (Hojas de trabajo para ense\u00f1ar habilidades de conversaci\u00f3n a ni\u00f1os autistas)"},"content":{"rendered":"","protected":false},"excerpt":{"rendered":"<p>Esta hoja de trabajo tiene como objetivo ayudar a los ni\u00f1os a desarrollar sus habilidades sociales, espec\u00edficamente en el contexto de unirse a conversaciones grupales. A trav\u00e9s de actividades pr\u00e1cticas y ejemplos, los ni\u00f1os aprender\u00e1n a leer el lenguaje corporal, determinar si es apropiado unirse a una conversaci\u00f3n y c\u00f3mo participar eficazmente en el di\u00e1logo. Al mejorar estas habilidades, los ni\u00f1os estar\u00e1n mejor preparados para interactuar con sus compa\u00f1eros y construir relaciones significativas.  <\/p>\n","protected":false},"featured_media":10011,"comment_status":"open","ping_status":"closed","template":"","meta":{"_acf_changed":false,"_monsterinsights_skip_tracking":false,"_monsterinsights_sitenote_active":false,"_monsterinsights_sitenote_note":"","_monsterinsights_sitenote_category":0},"product_brand":[],"product_cat":[838],"product_tag":[841,854,857,859,1011],"class_list":{"0":"post-10009","1":"product","2":"type-product","3":"status-publish","4":"has-post-thumbnail","6":"product_cat-habilidades-de-conversacion","7":"product_tag-actividades-de-conversacion-para-ninos-autistas","8":"product_tag-hojas-de-trabajo-para-ensenar-habilidades-de-conversacion-a-ninos-autistas","9":"product_tag-habilidades-de-conversacion","10":"product_tag-hojas-de-trabajo-para-practicar-la-conversacion-con-ninos-autistas","11":"product_tag-autismo","13":"first","14":"instock","15":"downloadable","16":"shipping-taxable","17":"purchasable","18":"product-type-simple"},"acf":[],"aioseo_notices":[],"jetpack_sharing_enabled":true,"_links":{"self":[{"href":"https:\/\/positiveautism.org\/es\/wp-json\/wp\/v2\/product\/10009","targetHints":{"allow":["GET"]}}],"collection":[{"href":"https:\/\/positiveautism.org\/es\/wp-json\/wp\/v2\/product"}],"about":[{"href":"https:\/\/positiveautism.org\/es\/wp-json\/wp\/v2\/types\/product"}],"replies":[{"embeddable":true,"href":"https:\/\/positiveautism.org\/es\/wp-json\/wp\/v2\/comments?post=10009"}],"wp:featuredmedia":[{"embeddable":true,"href":"https:\/\/positiveautism.org\/es\/wp-json\/wp\/v2\/media\/10011"}],"wp:attachment":[{"href":"https:\/\/positiveautism.org\/es\/wp-json\/wp\/v2\/media?parent=10009"}],"wp:term":[{"taxonomy":"product_brand","embeddable":true,"href":"https:\/\/positiveautism.org\/es\/wp-json\/wp\/v2\/product_brand?post=10009"},{"taxonomy":"product_cat","embeddable":true,"href":"https:\/\/positiveautism.org\/es\/wp-json\/wp\/v2\/product_cat?post=10009"},{"taxonomy":"product_tag","embeddable":true,"href":"https:\/\/positiveautism.org\/es\/wp-json\/wp\/v2\/product_tag?post=10009"}],"curies":[{"name":"wp","href":"https:\/\/api.w.org\/{rel}","templated":true}]}}