{"id":10006,"date":"2023-05-04T20:14:32","date_gmt":"2025-04-07T15:14:08","guid":{"rendered":"https:\/\/positiveautism.org\/product\/comentarios-de-seguimiento-que-proporcionan-nueva-informacion-hojas-de-trabajo-para-ensenar-habilidades-de-conversacion-a-ninos-autistas\/"},"modified":"2025-04-07T11:14:08","modified_gmt":"2025-04-07T15:14:08","slug":"comentarios-de-seguimiento-que-proporcionan-nueva-informacion-hojas-de-trabajo-para-ensenar-habilidades-de-conversacion-a-ninos-autistas","status":"publish","type":"product","link":"https:\/\/positiveautism.org\/es\/producto\/comentarios-de-seguimiento-que-proporcionan-nueva-informacion-hojas-de-trabajo-para-ensenar-habilidades-de-conversacion-a-ninos-autistas\/","title":{"rendered":"Comentarios de seguimiento que proporcionan nueva informaci\u00f3n (hojas de trabajo para ense\u00f1ar habilidades de conversaci\u00f3n a ni\u00f1os autistas)"},"content":{"rendered":"","protected":false},"excerpt":{"rendered":"<p>Este material est\u00e1 dise\u00f1ado para ayudar a los ni\u00f1os autistas a desarrollar y mejorar sus habilidades de conversaci\u00f3n, centr\u00e1ndose espec\u00edficamente en el uso de comentarios de seguimiento para proporcionar nueva informaci\u00f3n. Los comentarios de seguimiento son esenciales para mantener el inter\u00e9s y mantener el flujo de las conversaciones. Para los ni\u00f1os autistas, practicar esta habilidad puede mejorar su capacidad para relacionarse con los dem\u00e1s y tener conversaciones m\u00e1s significativas.  <\/p>\n<p>Las actividades incluidas en este material consisten en conversaciones de juego de roles y an\u00e1lisis de las mismas para identificar \u00e1reas de mejora. Al participar en estas actividades, los ni\u00f1os autistas pueden practicar escuchar, responder con informaci\u00f3n relevante y ser respetuosos al compartir sus pensamientos. Este enfoque estructurado les permite desarrollar sus habilidades de conversaci\u00f3n de una manera agradable y de apoyo.  <\/p>\n","protected":false},"featured_media":10008,"comment_status":"open","ping_status":"closed","template":"","meta":{"_acf_changed":false,"_monsterinsights_skip_tracking":false,"_monsterinsights_sitenote_active":false,"_monsterinsights_sitenote_note":"","_monsterinsights_sitenote_category":0},"product_brand":[],"product_cat":[838],"product_tag":[841,854,857,859,1011],"class_list":{"0":"post-10006","1":"product","2":"type-product","3":"status-publish","4":"has-post-thumbnail","6":"product_cat-habilidades-de-conversacion","7":"product_tag-actividades-de-conversacion-para-ninos-autistas","8":"product_tag-hojas-de-trabajo-para-ensenar-habilidades-de-conversacion-a-ninos-autistas","9":"product_tag-habilidades-de-conversacion","10":"product_tag-hojas-de-trabajo-para-practicar-la-conversacion-con-ninos-autistas","11":"product_tag-autismo","13":"first","14":"instock","15":"downloadable","16":"shipping-taxable","17":"purchasable","18":"product-type-simple"},"acf":[],"aioseo_notices":[],"jetpack_sharing_enabled":true,"_links":{"self":[{"href":"https:\/\/positiveautism.org\/es\/wp-json\/wp\/v2\/product\/10006","targetHints":{"allow":["GET"]}}],"collection":[{"href":"https:\/\/positiveautism.org\/es\/wp-json\/wp\/v2\/product"}],"about":[{"href":"https:\/\/positiveautism.org\/es\/wp-json\/wp\/v2\/types\/product"}],"replies":[{"embeddable":true,"href":"https:\/\/positiveautism.org\/es\/wp-json\/wp\/v2\/comments?post=10006"}],"wp:featuredmedia":[{"embeddable":true,"href":"https:\/\/positiveautism.org\/es\/wp-json\/wp\/v2\/media\/10008"}],"wp:attachment":[{"href":"https:\/\/positiveautism.org\/es\/wp-json\/wp\/v2\/media?parent=10006"}],"wp:term":[{"taxonomy":"product_brand","embeddable":true,"href":"https:\/\/positiveautism.org\/es\/wp-json\/wp\/v2\/product_brand?post=10006"},{"taxonomy":"product_cat","embeddable":true,"href":"https:\/\/positiveautism.org\/es\/wp-json\/wp\/v2\/product_cat?post=10006"},{"taxonomy":"product_tag","embeddable":true,"href":"https:\/\/positiveautism.org\/es\/wp-json\/wp\/v2\/product_tag?post=10006"}],"curies":[{"name":"wp","href":"https:\/\/api.w.org\/{rel}","templated":true}]}}