{"id":10004,"date":"2023-05-04T14:24:51","date_gmt":"2025-04-07T15:14:08","guid":{"rendered":"https:\/\/positiveautism.org\/product\/hable-con-otros-sobre-actividades-futuras-hojas-de-trabajo-para-ensenar-habilidades-de-conversacion-a-ninos-autistas\/"},"modified":"2025-04-07T11:14:08","modified_gmt":"2025-04-07T15:14:08","slug":"hable-con-otros-sobre-actividades-futuras-hojas-de-trabajo-para-ensenar-habilidades-de-conversacion-a-ninos-autistas","status":"publish","type":"product","link":"https:\/\/positiveautism.org\/es\/producto\/hable-con-otros-sobre-actividades-futuras-hojas-de-trabajo-para-ensenar-habilidades-de-conversacion-a-ninos-autistas\/","title":{"rendered":"Hable con otros sobre actividades futuras (Hojas de trabajo para ense\u00f1ar habilidades de conversaci\u00f3n a ni\u00f1os autistas)"},"content":{"rendered":"","protected":false},"excerpt":{"rendered":"<p>Este material est\u00e1 dise\u00f1ado para ayudar a los ni\u00f1os autistas a desarrollar habilidades de conversaci\u00f3n al enfocarse en hablar con otros sobre actividades futuras. Discutir los planes y los pr\u00f3ximos eventos puede revelar los intereses de la persona con la que est\u00e1n hablando y crear conversaciones interesantes. Al practicar y aplicar estas t\u00e9cnicas, pueden conectarse con las personas, aprender sobre intereses compartidos y disfrutar de las interacciones sociales.  <\/p>\n","protected":false},"featured_media":10005,"comment_status":"open","ping_status":"closed","template":"","meta":{"_acf_changed":false,"_monsterinsights_skip_tracking":false,"_monsterinsights_sitenote_active":false,"_monsterinsights_sitenote_note":"","_monsterinsights_sitenote_category":0},"product_brand":[],"product_cat":[838],"product_tag":[854,857,859,1011,1012],"class_list":{"0":"post-10004","1":"product","2":"type-product","3":"status-publish","4":"has-post-thumbnail","6":"product_cat-habilidades-de-conversacion","7":"product_tag-hojas-de-trabajo-para-ensenar-habilidades-de-conversacion-a-ninos-autistas","8":"product_tag-habilidades-de-conversacion","9":"product_tag-hojas-de-trabajo-para-practicar-la-conversacion-con-ninos-autistas","10":"product_tag-autismo","11":"product_tag-hablar-con-otras-personas-sobre-actividades-futuras","13":"first","14":"instock","15":"downloadable","16":"virtual","17":"purchasable","18":"product-type-simple"},"acf":[],"aioseo_notices":[],"jetpack_sharing_enabled":true,"_links":{"self":[{"href":"https:\/\/positiveautism.org\/es\/wp-json\/wp\/v2\/product\/10004","targetHints":{"allow":["GET"]}}],"collection":[{"href":"https:\/\/positiveautism.org\/es\/wp-json\/wp\/v2\/product"}],"about":[{"href":"https:\/\/positiveautism.org\/es\/wp-json\/wp\/v2\/types\/product"}],"replies":[{"embeddable":true,"href":"https:\/\/positiveautism.org\/es\/wp-json\/wp\/v2\/comments?post=10004"}],"wp:featuredmedia":[{"embeddable":true,"href":"https:\/\/positiveautism.org\/es\/wp-json\/wp\/v2\/media\/10005"}],"wp:attachment":[{"href":"https:\/\/positiveautism.org\/es\/wp-json\/wp\/v2\/media?parent=10004"}],"wp:term":[{"taxonomy":"product_brand","embeddable":true,"href":"https:\/\/positiveautism.org\/es\/wp-json\/wp\/v2\/product_brand?post=10004"},{"taxonomy":"product_cat","embeddable":true,"href":"https:\/\/positiveautism.org\/es\/wp-json\/wp\/v2\/product_cat?post=10004"},{"taxonomy":"product_tag","embeddable":true,"href":"https:\/\/positiveautism.org\/es\/wp-json\/wp\/v2\/product_tag?post=10004"}],"curies":[{"name":"wp","href":"https:\/\/api.w.org\/{rel}","templated":true}]}}